{"id":745008,"date":"2025-03-03T20:05:04","date_gmt":"2025-03-03T19:05:04","guid":{"rendered":"https:\/\/stoic-curie.212-227-153-4.plesk.page\/producto\/ventilacijsko-crijevo-lightflex-110mm\/"},"modified":"2026-02-25T00:01:18","modified_gmt":"2026-02-25T00:01:18","slug":"ventilacijsko-crijevo-lightflex-110mm","status":"publish","type":"product","link":"https:\/\/stoic-curie.212-227-153-4.plesk.page\/hr\/product\/ventilacijsko-crijevo-lightflex-110mm\/","title":{"rendered":"Ventilacijsko crijevo Lightflex 110mm"},"content":{"rendered":"<p>Ventilacijsko crijevo Lightflex 110mm &#8211; <\/p>\n<p>Valoviti PVC crijevo s antishock oja\u010davaju\u0107om spiralom od krutog polimera. Zbog nedostatka metalne spirale, lako se mo\u017ee rezati na potrebnu du\u017einu. Fleksibilno, otporno, pogodno za ventilacijske sustave, za usis zraka i za za\u0161titu cijevi i kabela svih vrsta.<\/p>\n","protected":false},"excerpt":{"rendered":"<p>Ventilacijsko crijevo Lightflex 110mm &#8211; Valoviti PVC crijevo s antishock oja\u010davaju\u0107om spiralom od krutog polimera. Zbog nedostatka metalne spirale, lako<\/p>\n","protected":false},"featured_media":5947503,"comment_status":"open","ping_status":"closed","template":"","meta":[],"product_brand":[3141],"product_cat":[1826,1732],"product_tag":[],"class_list":{"0":"post-745008","1":"product","2":"type-product","3":"status-publish","4":"has-post-thumbnail","6":"product_brand-matromarine-hr","7":"product_cat-sustavi-odzracivanja-motora","8":"product_cat-ventilatori-za-provjetravanje-kaljuze","10":"first","11":"instock","12":"shipping-taxable","13":"purchasable","14":"product-type-simple"},"_links":{"self":[{"href":"https:\/\/stoic-curie.212-227-153-4.plesk.page\/hr\/wp-json\/wp\/v2\/product\/745008","targetHints":{"allow":["GET"]}}],"collection":[{"href":"https:\/\/stoic-curie.212-227-153-4.plesk.page\/hr\/wp-json\/wp\/v2\/product"}],"about":[{"href":"https:\/\/stoic-curie.212-227-153-4.plesk.page\/hr\/wp-json\/wp\/v2\/types\/product"}],"replies":[{"embeddable":true,"href":"https:\/\/stoic-curie.212-227-153-4.plesk.page\/hr\/wp-json\/wp\/v2\/comments?post=745008"}],"version-history":[{"count":0,"href":"https:\/\/stoic-curie.212-227-153-4.plesk.page\/hr\/wp-json\/wp\/v2\/product\/745008\/revisions"}],"wp:featuredmedia":[{"embeddable":true,"href":"https:\/\/stoic-curie.212-227-153-4.plesk.page\/hr\/wp-json\/wp\/v2\/media\/5947503"}],"wp:attachment":[{"href":"https:\/\/stoic-curie.212-227-153-4.plesk.page\/hr\/wp-json\/wp\/v2\/media?parent=745008"}],"wp:term":[{"taxonomy":"product_brand","embeddable":true,"href":"https:\/\/stoic-curie.212-227-153-4.plesk.page\/hr\/wp-json\/wp\/v2\/product_brand?post=745008"},{"taxonomy":"product_cat","embeddable":true,"href":"https:\/\/stoic-curie.212-227-153-4.plesk.page\/hr\/wp-json\/wp\/v2\/product_cat?post=745008"},{"taxonomy":"product_tag","embeddable":true,"href":"https:\/\/stoic-curie.212-227-153-4.plesk.page\/hr\/wp-json\/wp\/v2\/product_tag?post=745008"}],"curies":[{"name":"wp","href":"https:\/\/api.w.org\/{rel}","templated":true}]}}