{"id":745010,"date":"2025-03-03T20:05:06","date_gmt":"2025-03-03T19:05:06","guid":{"rendered":"https:\/\/stoic-curie.212-227-153-4.plesk.page\/producto\/rucna-kaljuzna-pumpa-johnson-viking-ugradbena-38mm-11-2\/"},"modified":"2026-02-25T00:01:18","modified_gmt":"2026-02-25T00:01:18","slug":"rucna-kaljuzna-pumpa-johnson-viking-ugradbena-38mm-11-2","status":"publish","type":"product","link":"https:\/\/stoic-curie.212-227-153-4.plesk.page\/hr\/product\/rucna-kaljuzna-pumpa-johnson-viking-ugradbena-38mm-11-2\/","title":{"rendered":"Ru\u010dna kalju\u017ena pumpa Johnson Viking, ugradbena 38mm (1&#8243;1\/2)"},"content":{"rendered":"<p>Ru\u010dna kalju\u017ena pumpa Johnson Viking, ugradbena 38mm (1&#8243;1\/2) &#8211; <\/p>\n<p>Pumpa za balast s dijafragmom za povr\u0161insku monta\u017eu (Bulkhead) ili ugradnju ispod palube (Thrudeck). Uvijek spremna za upotrebu zahvaljuju\u0107i skidivoj poluzi. Samousisna do 3 metra. Zahvaljuju\u0107i velikim izlazima, mo\u017ee se koristiti i za pumpanje WC otpadaka.<\/p>\n","protected":false},"excerpt":{"rendered":"<p>Ru\u010dna kalju\u017ena pumpa Johnson Viking, ugradbena 38mm (1&#8243;1\/2) &#8211; Pumpa za balast s dijafragmom za povr\u0161insku monta\u017eu (Bulkhead) ili ugradnju<\/p>\n","protected":false},"featured_media":5947517,"comment_status":"open","ping_status":"closed","template":"","meta":[],"product_brand":[3046],"product_cat":[1654],"product_tag":[],"class_list":{"0":"post-745010","1":"product","2":"type-product","3":"status-publish","4":"has-post-thumbnail","6":"product_brand-johnson-marine-hr","7":"product_cat-rucne-kaljuzne-pumpe","9":"first","10":"instock","11":"shipping-taxable","12":"purchasable","13":"product-type-simple"},"_links":{"self":[{"href":"https:\/\/stoic-curie.212-227-153-4.plesk.page\/hr\/wp-json\/wp\/v2\/product\/745010","targetHints":{"allow":["GET"]}}],"collection":[{"href":"https:\/\/stoic-curie.212-227-153-4.plesk.page\/hr\/wp-json\/wp\/v2\/product"}],"about":[{"href":"https:\/\/stoic-curie.212-227-153-4.plesk.page\/hr\/wp-json\/wp\/v2\/types\/product"}],"replies":[{"embeddable":true,"href":"https:\/\/stoic-curie.212-227-153-4.plesk.page\/hr\/wp-json\/wp\/v2\/comments?post=745010"}],"version-history":[{"count":0,"href":"https:\/\/stoic-curie.212-227-153-4.plesk.page\/hr\/wp-json\/wp\/v2\/product\/745010\/revisions"}],"wp:featuredmedia":[{"embeddable":true,"href":"https:\/\/stoic-curie.212-227-153-4.plesk.page\/hr\/wp-json\/wp\/v2\/media\/5947517"}],"wp:attachment":[{"href":"https:\/\/stoic-curie.212-227-153-4.plesk.page\/hr\/wp-json\/wp\/v2\/media?parent=745010"}],"wp:term":[{"taxonomy":"product_brand","embeddable":true,"href":"https:\/\/stoic-curie.212-227-153-4.plesk.page\/hr\/wp-json\/wp\/v2\/product_brand?post=745010"},{"taxonomy":"product_cat","embeddable":true,"href":"https:\/\/stoic-curie.212-227-153-4.plesk.page\/hr\/wp-json\/wp\/v2\/product_cat?post=745010"},{"taxonomy":"product_tag","embeddable":true,"href":"https:\/\/stoic-curie.212-227-153-4.plesk.page\/hr\/wp-json\/wp\/v2\/product_tag?post=745010"}],"curies":[{"name":"wp","href":"https:\/\/api.w.org\/{rel}","templated":true}]}}