{"id":745012,"date":"2025-03-03T20:05:08","date_gmt":"2025-03-03T19:05:08","guid":{"rendered":"https:\/\/stoic-curie.212-227-153-4.plesk.page\/producto\/pumpe-rule-lopro-lp900s\/"},"modified":"2026-02-25T00:01:18","modified_gmt":"2026-02-25T00:01:18","slug":"pumpe-rule-lopro-lp900s","status":"publish","type":"product","link":"https:\/\/stoic-curie.212-227-153-4.plesk.page\/hr\/product\/pumpe-rule-lopro-lp900s\/","title":{"rendered":"Pumpe Rule lopro lp900s"},"content":{"rendered":"<p>Pumpe Rule lopro lp900s &#8211; <\/p>\n<p>Niskoprofilne Rule LoPro potopne pumpe za vodu idealne su za kori\u0161tenje u uskim prostorima. Pumpe dolaze s ventilom za povratak i 180\u00b0 rotiraju\u0107om odvodnom spoju. Automatska verzija ima ugra\u0111eni prekida\u010d i automatski se aktivira kada se u misiji otkrije voda. Zahvaljuju\u0107i integriranom elektroni\u010dkom senzoru, mo\u017ee se postaviti na razli\u010dite razine vode i cikluse aktivacije.<\/p>\n","protected":false},"excerpt":{"rendered":"<p>Pumpe Rule lopro lp900s &#8211; Niskoprofilne Rule LoPro potopne pumpe za vodu idealne su za kori\u0161tenje u uskim prostorima. Pumpe<\/p>\n","protected":false},"featured_media":5947519,"comment_status":"open","ping_status":"closed","template":"","meta":[],"product_brand":[3326],"product_cat":[1659],"product_tag":[],"class_list":{"0":"post-745012","1":"product","2":"type-product","3":"status-publish","4":"has-post-thumbnail","6":"product_brand-rule-hr","7":"product_cat-elektricne-kaljuzne-pumpe","9":"first","10":"instock","11":"shipping-taxable","12":"purchasable","13":"product-type-simple"},"_links":{"self":[{"href":"https:\/\/stoic-curie.212-227-153-4.plesk.page\/hr\/wp-json\/wp\/v2\/product\/745012","targetHints":{"allow":["GET"]}}],"collection":[{"href":"https:\/\/stoic-curie.212-227-153-4.plesk.page\/hr\/wp-json\/wp\/v2\/product"}],"about":[{"href":"https:\/\/stoic-curie.212-227-153-4.plesk.page\/hr\/wp-json\/wp\/v2\/types\/product"}],"replies":[{"embeddable":true,"href":"https:\/\/stoic-curie.212-227-153-4.plesk.page\/hr\/wp-json\/wp\/v2\/comments?post=745012"}],"version-history":[{"count":0,"href":"https:\/\/stoic-curie.212-227-153-4.plesk.page\/hr\/wp-json\/wp\/v2\/product\/745012\/revisions"}],"wp:featuredmedia":[{"embeddable":true,"href":"https:\/\/stoic-curie.212-227-153-4.plesk.page\/hr\/wp-json\/wp\/v2\/media\/5947519"}],"wp:attachment":[{"href":"https:\/\/stoic-curie.212-227-153-4.plesk.page\/hr\/wp-json\/wp\/v2\/media?parent=745012"}],"wp:term":[{"taxonomy":"product_brand","embeddable":true,"href":"https:\/\/stoic-curie.212-227-153-4.plesk.page\/hr\/wp-json\/wp\/v2\/product_brand?post=745012"},{"taxonomy":"product_cat","embeddable":true,"href":"https:\/\/stoic-curie.212-227-153-4.plesk.page\/hr\/wp-json\/wp\/v2\/product_cat?post=745012"},{"taxonomy":"product_tag","embeddable":true,"href":"https:\/\/stoic-curie.212-227-153-4.plesk.page\/hr\/wp-json\/wp\/v2\/product_tag?post=745012"}],"curies":[{"name":"wp","href":"https:\/\/api.w.org\/{rel}","templated":true}]}}