{"id":745013,"date":"2025-03-03T20:05:09","date_gmt":"2025-03-03T19:05:09","guid":{"rendered":"https:\/\/stoic-curie.212-227-153-4.plesk.page\/producto\/automatska-kaljuzna-pumpa-sahara-mk2-s500-12v\/"},"modified":"2026-02-25T00:01:18","modified_gmt":"2026-02-25T00:01:18","slug":"automatska-kaljuzna-pumpa-sahara-mk2-s500-12v","status":"publish","type":"product","link":"https:\/\/stoic-curie.212-227-153-4.plesk.page\/hr\/product\/automatska-kaljuzna-pumpa-sahara-mk2-s500-12v\/","title":{"rendered":"Automatska kalju\u017ena pumpa Sahara mk2 s500 12v"},"content":{"rendered":"<p>Automatska kalju\u017ena pumpa Sahara mk2 s500 12v &#8211; <\/p>\n<p>Utonula pumpa za odvodnju Attwood Sahara MK2\u00c2\u00a0s ugra\u0111enim plovkom i odvojivom glavom za lako \u010di\u0161\u0107enje. Zape\u010da\u0107en motor za\u0161ti\u0107en od o\u0161te\u0107enja elektrolyzom s X-Air impelerom koji spre\u010dava suho djelovanje i ulazak zraka u ispu\u0161nu cijev. Navoji porta 1&#8243;3\/8 (35mm) mogu se dovr\u0161iti ravnim ili kutnim podesivim spojevima s nepovratnim ventilom.<\/p>\n","protected":false},"excerpt":{"rendered":"<p>Automatska kalju\u017ena pumpa Sahara mk2 s500 12v &#8211; Utonula pumpa za odvodnju Attwood Sahara MK2\u00c2\u00a0s ugra\u0111enim plovkom i odvojivom glavom<\/p>\n","protected":false},"featured_media":5947530,"comment_status":"open","ping_status":"closed","template":"","meta":[],"product_brand":[2806],"product_cat":[1659],"product_tag":[],"class_list":{"0":"post-745013","1":"product","2":"type-product","3":"status-publish","4":"has-post-thumbnail","6":"product_brand-attwood-hr","7":"product_cat-elektricne-kaljuzne-pumpe","9":"first","10":"instock","11":"shipping-taxable","12":"purchasable","13":"product-type-simple"},"_links":{"self":[{"href":"https:\/\/stoic-curie.212-227-153-4.plesk.page\/hr\/wp-json\/wp\/v2\/product\/745013","targetHints":{"allow":["GET"]}}],"collection":[{"href":"https:\/\/stoic-curie.212-227-153-4.plesk.page\/hr\/wp-json\/wp\/v2\/product"}],"about":[{"href":"https:\/\/stoic-curie.212-227-153-4.plesk.page\/hr\/wp-json\/wp\/v2\/types\/product"}],"replies":[{"embeddable":true,"href":"https:\/\/stoic-curie.212-227-153-4.plesk.page\/hr\/wp-json\/wp\/v2\/comments?post=745013"}],"version-history":[{"count":0,"href":"https:\/\/stoic-curie.212-227-153-4.plesk.page\/hr\/wp-json\/wp\/v2\/product\/745013\/revisions"}],"wp:featuredmedia":[{"embeddable":true,"href":"https:\/\/stoic-curie.212-227-153-4.plesk.page\/hr\/wp-json\/wp\/v2\/media\/5947530"}],"wp:attachment":[{"href":"https:\/\/stoic-curie.212-227-153-4.plesk.page\/hr\/wp-json\/wp\/v2\/media?parent=745013"}],"wp:term":[{"taxonomy":"product_brand","embeddable":true,"href":"https:\/\/stoic-curie.212-227-153-4.plesk.page\/hr\/wp-json\/wp\/v2\/product_brand?post=745013"},{"taxonomy":"product_cat","embeddable":true,"href":"https:\/\/stoic-curie.212-227-153-4.plesk.page\/hr\/wp-json\/wp\/v2\/product_cat?post=745013"},{"taxonomy":"product_tag","embeddable":true,"href":"https:\/\/stoic-curie.212-227-153-4.plesk.page\/hr\/wp-json\/wp\/v2\/product_tag?post=745013"}],"curies":[{"name":"wp","href":"https:\/\/api.w.org\/{rel}","templated":true}]}}