{"id":745017,"date":"2025-03-03T20:05:10","date_gmt":"2025-03-03T19:05:10","guid":{"rendered":"https:\/\/stoic-curie.212-227-153-4.plesk.page\/producto\/pumpa-rule-tournament-1600-209fdp\/"},"modified":"2026-02-25T00:01:18","modified_gmt":"2026-02-25T00:01:18","slug":"pumpa-rule-tournament-1600-209fdp","status":"publish","type":"product","link":"https:\/\/stoic-curie.212-227-153-4.plesk.page\/hr\/product\/pumpa-rule-tournament-1600-209fdp\/","title":{"rendered":"Pumpa Rule Tournament 1600-209FDP"},"content":{"rendered":"<p>Pumpa Rule Tournament 1600-209FDP &#8211; <\/p>\n<p>Veliki kapacitet Rule pumpa za zrak za ribolovne \u017eivjeli. S dvostrukim izlazom za opcijsku spajanje za pranje, oja\u010danim najlonskim dnom i robusnim motorom koji osigurava godine kori\u0161tenja. Izlazna cijev: cijev-do-harfa 28 mm (1&#8243;1\/8) Druga priklju\u010dna to\u010dka: navoji NPT 1\/2&#8243;<\/p>\n","protected":false},"excerpt":{"rendered":"<p>Pumpa Rule Tournament 1600-209FDP &#8211; Veliki kapacitet Rule pumpa za zrak za ribolovne \u017eivjeli. S dvostrukim izlazom za opcijsku spajanje<\/p>\n","protected":false},"featured_media":5947539,"comment_status":"open","ping_status":"closed","template":"","meta":[],"product_brand":[3326],"product_cat":[1653],"product_tag":[],"class_list":{"0":"post-745017","1":"product","2":"type-product","3":"status-publish","4":"has-post-thumbnail","6":"product_brand-rule-hr","7":"product_cat-brodske-aeratorske-pumpe","9":"first","10":"instock","11":"shipping-taxable","12":"purchasable","13":"product-type-simple"},"_links":{"self":[{"href":"https:\/\/stoic-curie.212-227-153-4.plesk.page\/hr\/wp-json\/wp\/v2\/product\/745017","targetHints":{"allow":["GET"]}}],"collection":[{"href":"https:\/\/stoic-curie.212-227-153-4.plesk.page\/hr\/wp-json\/wp\/v2\/product"}],"about":[{"href":"https:\/\/stoic-curie.212-227-153-4.plesk.page\/hr\/wp-json\/wp\/v2\/types\/product"}],"replies":[{"embeddable":true,"href":"https:\/\/stoic-curie.212-227-153-4.plesk.page\/hr\/wp-json\/wp\/v2\/comments?post=745017"}],"version-history":[{"count":0,"href":"https:\/\/stoic-curie.212-227-153-4.plesk.page\/hr\/wp-json\/wp\/v2\/product\/745017\/revisions"}],"wp:featuredmedia":[{"embeddable":true,"href":"https:\/\/stoic-curie.212-227-153-4.plesk.page\/hr\/wp-json\/wp\/v2\/media\/5947539"}],"wp:attachment":[{"href":"https:\/\/stoic-curie.212-227-153-4.plesk.page\/hr\/wp-json\/wp\/v2\/media?parent=745017"}],"wp:term":[{"taxonomy":"product_brand","embeddable":true,"href":"https:\/\/stoic-curie.212-227-153-4.plesk.page\/hr\/wp-json\/wp\/v2\/product_brand?post=745017"},{"taxonomy":"product_cat","embeddable":true,"href":"https:\/\/stoic-curie.212-227-153-4.plesk.page\/hr\/wp-json\/wp\/v2\/product_cat?post=745017"},{"taxonomy":"product_tag","embeddable":true,"href":"https:\/\/stoic-curie.212-227-153-4.plesk.page\/hr\/wp-json\/wp\/v2\/product_tag?post=745017"}],"curies":[{"name":"wp","href":"https:\/\/api.w.org\/{rel}","templated":true}]}}