{"id":745023,"date":"2025-03-03T20:05:12","date_gmt":"2025-03-03T19:05:12","guid":{"rendered":"https:\/\/stoic-curie.212-227-153-4.plesk.page\/producto\/tlacni-prekidac-flojet-40psi\/"},"modified":"2026-02-25T00:01:18","modified_gmt":"2026-02-25T00:01:18","slug":"tlacni-prekidac-flojet-40psi","status":"publish","type":"product","link":"https:\/\/stoic-curie.212-227-153-4.plesk.page\/hr\/product\/tlacni-prekidac-flojet-40psi\/","title":{"rendered":"Tla\u010dni prekida\u010d Flojet 40psi"},"content":{"rendered":"<p>Tla\u010dni prekida\u010d Flojet 40psi &#8211; <\/p>\n<p>Flojet Triplex pumpi za slatku vodu pod pritiskom za sudopere i tu\u0161eve, za 1 do 3 sanitarne jedinice.<\/p>\n","protected":false},"excerpt":{"rendered":"<p>Tla\u010dni prekida\u010d Flojet 40psi &#8211; Flojet Triplex pumpi za slatku vodu pod pritiskom za sudopere i tu\u0161eve, za 1 do<\/p>\n","protected":false},"featured_media":5947546,"comment_status":"open","ping_status":"closed","template":"","meta":[],"product_brand":[2941],"product_cat":[1660],"product_tag":[],"class_list":{"0":"post-745023","1":"product","2":"type-product","3":"status-publish","4":"has-post-thumbnail","6":"product_brand-flojet-marine-hr","7":"product_cat-pumpe-za-tlak-vode","9":"first","10":"instock","11":"shipping-taxable","12":"purchasable","13":"product-type-simple"},"_links":{"self":[{"href":"https:\/\/stoic-curie.212-227-153-4.plesk.page\/hr\/wp-json\/wp\/v2\/product\/745023","targetHints":{"allow":["GET"]}}],"collection":[{"href":"https:\/\/stoic-curie.212-227-153-4.plesk.page\/hr\/wp-json\/wp\/v2\/product"}],"about":[{"href":"https:\/\/stoic-curie.212-227-153-4.plesk.page\/hr\/wp-json\/wp\/v2\/types\/product"}],"replies":[{"embeddable":true,"href":"https:\/\/stoic-curie.212-227-153-4.plesk.page\/hr\/wp-json\/wp\/v2\/comments?post=745023"}],"version-history":[{"count":0,"href":"https:\/\/stoic-curie.212-227-153-4.plesk.page\/hr\/wp-json\/wp\/v2\/product\/745023\/revisions"}],"wp:featuredmedia":[{"embeddable":true,"href":"https:\/\/stoic-curie.212-227-153-4.plesk.page\/hr\/wp-json\/wp\/v2\/media\/5947546"}],"wp:attachment":[{"href":"https:\/\/stoic-curie.212-227-153-4.plesk.page\/hr\/wp-json\/wp\/v2\/media?parent=745023"}],"wp:term":[{"taxonomy":"product_brand","embeddable":true,"href":"https:\/\/stoic-curie.212-227-153-4.plesk.page\/hr\/wp-json\/wp\/v2\/product_brand?post=745023"},{"taxonomy":"product_cat","embeddable":true,"href":"https:\/\/stoic-curie.212-227-153-4.plesk.page\/hr\/wp-json\/wp\/v2\/product_cat?post=745023"},{"taxonomy":"product_tag","embeddable":true,"href":"https:\/\/stoic-curie.212-227-153-4.plesk.page\/hr\/wp-json\/wp\/v2\/product_tag?post=745023"}],"curies":[{"name":"wp","href":"https:\/\/api.w.org\/{rel}","templated":true}]}}