{"id":745024,"date":"2025-03-03T20:05:12","date_gmt":"2025-03-03T19:05:12","guid":{"rendered":"https:\/\/stoic-curie.212-227-153-4.plesk.page\/producto\/jabsco-par-max-hd4-40psi-12v\/"},"modified":"2026-02-25T00:01:18","modified_gmt":"2026-02-25T00:01:18","slug":"jabsco-par-max-hd4-40psi-12v","status":"publish","type":"product","link":"https:\/\/stoic-curie.212-227-153-4.plesk.page\/hr\/product\/jabsco-par-max-hd4-40psi-12v\/","title":{"rendered":"Jabsco par-max hd4 40psi 12v"},"content":{"rendered":"<p>Jabsco par-max hd4 40psi 12v &#8211; <\/p>\n<p>Jabsco Par-Max HD pumpa za pritisak slatke vode za sudopere i tu\u0161eve, za 2 do 4 korisnika. Samo-primaju\u0107i do 2 metra, sa motorom sa stalnim magnetima i sustavom zaobi\u0111enja koji jam\u010di konstantan protok i ti\u0161inu. Opremljena filtrom i brzim priklju\u010dcima.<\/p>\n","protected":false},"excerpt":{"rendered":"<p>Jabsco par-max hd4 40psi 12v &#8211; Jabsco Par-Max HD pumpa za pritisak slatke vode za sudopere i tu\u0161eve, za 2<\/p>\n","protected":false},"featured_media":5947547,"comment_status":"open","ping_status":"closed","template":"","meta":[],"product_brand":[3031],"product_cat":[1648,1660],"product_tag":[],"class_list":{"0":"post-745024","1":"product","2":"type-product","3":"status-publish","4":"has-post-thumbnail","6":"product_brand-jabsco-marine-hr","7":"product_cat-pumpe-za-pranje-brodova","8":"product_cat-pumpe-za-tlak-vode","10":"first","11":"instock","12":"shipping-taxable","13":"purchasable","14":"product-type-simple"},"_links":{"self":[{"href":"https:\/\/stoic-curie.212-227-153-4.plesk.page\/hr\/wp-json\/wp\/v2\/product\/745024","targetHints":{"allow":["GET"]}}],"collection":[{"href":"https:\/\/stoic-curie.212-227-153-4.plesk.page\/hr\/wp-json\/wp\/v2\/product"}],"about":[{"href":"https:\/\/stoic-curie.212-227-153-4.plesk.page\/hr\/wp-json\/wp\/v2\/types\/product"}],"replies":[{"embeddable":true,"href":"https:\/\/stoic-curie.212-227-153-4.plesk.page\/hr\/wp-json\/wp\/v2\/comments?post=745024"}],"version-history":[{"count":0,"href":"https:\/\/stoic-curie.212-227-153-4.plesk.page\/hr\/wp-json\/wp\/v2\/product\/745024\/revisions"}],"wp:featuredmedia":[{"embeddable":true,"href":"https:\/\/stoic-curie.212-227-153-4.plesk.page\/hr\/wp-json\/wp\/v2\/media\/5947547"}],"wp:attachment":[{"href":"https:\/\/stoic-curie.212-227-153-4.plesk.page\/hr\/wp-json\/wp\/v2\/media?parent=745024"}],"wp:term":[{"taxonomy":"product_brand","embeddable":true,"href":"https:\/\/stoic-curie.212-227-153-4.plesk.page\/hr\/wp-json\/wp\/v2\/product_brand?post=745024"},{"taxonomy":"product_cat","embeddable":true,"href":"https:\/\/stoic-curie.212-227-153-4.plesk.page\/hr\/wp-json\/wp\/v2\/product_cat?post=745024"},{"taxonomy":"product_tag","embeddable":true,"href":"https:\/\/stoic-curie.212-227-153-4.plesk.page\/hr\/wp-json\/wp\/v2\/product_tag?post=745024"}],"curies":[{"name":"wp","href":"https:\/\/api.w.org\/{rel}","templated":true}]}}