{"id":745031,"date":"2025-03-03T20:05:14","date_gmt":"2025-03-03T19:05:14","guid":{"rendered":"https:\/\/stoic-curie.212-227-153-4.plesk.page\/producto\/spremnik-za-vodu-roca-12v-2-5lt\/"},"modified":"2026-02-25T00:01:19","modified_gmt":"2026-02-25T00:01:19","slug":"spremnik-za-vodu-roca-12v-2-5lt","status":"publish","type":"product","link":"https:\/\/stoic-curie.212-227-153-4.plesk.page\/hr\/product\/spremnik-za-vodu-roca-12v-2-5lt\/","title":{"rendered":"Spremnik za vodu Roca 12v 2.5lt"},"content":{"rendered":"<p>Spremnik za vodu Roca 12v 2.5lt &#8211; <\/p>\n<p>Roca set za perilicu s elektri\u010dnom pumpom i T-priklju\u010dkom. Traka za pri\u010dvr\u0161\u0107ivanje od nehr\u0111aju\u0107eg \u010delika. Dimenzije 125 x 145 x H215 mm.<\/p>\n","protected":false},"excerpt":{"rendered":"<p>Spremnik za vodu Roca 12v 2.5lt &#8211; Roca set za perilicu s elektri\u010dnom pumpom i T-priklju\u010dkom. Traka za pri\u010dvr\u0161\u0107ivanje od<\/p>\n","protected":false},"featured_media":5946739,"comment_status":"open","ping_status":"closed","template":"","meta":[],"product_brand":[3316],"product_cat":[1735],"product_tag":[],"class_list":{"0":"post-745031","1":"product","2":"type-product","3":"status-publish","4":"has-post-thumbnail","6":"product_brand-roca-marine-hr","7":"product_cat-brisaci-vjetrobranskog-stakla-na-brodu","9":"first","10":"instock","11":"shipping-taxable","12":"purchasable","13":"product-type-simple"},"_links":{"self":[{"href":"https:\/\/stoic-curie.212-227-153-4.plesk.page\/hr\/wp-json\/wp\/v2\/product\/745031","targetHints":{"allow":["GET"]}}],"collection":[{"href":"https:\/\/stoic-curie.212-227-153-4.plesk.page\/hr\/wp-json\/wp\/v2\/product"}],"about":[{"href":"https:\/\/stoic-curie.212-227-153-4.plesk.page\/hr\/wp-json\/wp\/v2\/types\/product"}],"replies":[{"embeddable":true,"href":"https:\/\/stoic-curie.212-227-153-4.plesk.page\/hr\/wp-json\/wp\/v2\/comments?post=745031"}],"version-history":[{"count":0,"href":"https:\/\/stoic-curie.212-227-153-4.plesk.page\/hr\/wp-json\/wp\/v2\/product\/745031\/revisions"}],"wp:featuredmedia":[{"embeddable":true,"href":"https:\/\/stoic-curie.212-227-153-4.plesk.page\/hr\/wp-json\/wp\/v2\/media\/5946739"}],"wp:attachment":[{"href":"https:\/\/stoic-curie.212-227-153-4.plesk.page\/hr\/wp-json\/wp\/v2\/media?parent=745031"}],"wp:term":[{"taxonomy":"product_brand","embeddable":true,"href":"https:\/\/stoic-curie.212-227-153-4.plesk.page\/hr\/wp-json\/wp\/v2\/product_brand?post=745031"},{"taxonomy":"product_cat","embeddable":true,"href":"https:\/\/stoic-curie.212-227-153-4.plesk.page\/hr\/wp-json\/wp\/v2\/product_cat?post=745031"},{"taxonomy":"product_tag","embeddable":true,"href":"https:\/\/stoic-curie.212-227-153-4.plesk.page\/hr\/wp-json\/wp\/v2\/product_tag?post=745031"}],"curies":[{"name":"wp","href":"https:\/\/api.w.org\/{rel}","templated":true}]}}