{"id":745032,"date":"2025-03-03T20:05:15","date_gmt":"2025-03-03T19:05:15","guid":{"rendered":"https:\/\/stoic-curie.212-227-153-4.plesk.page\/producto\/signalna-zvizdaljka-marco-237mm-12v\/"},"modified":"2026-02-25T00:01:19","modified_gmt":"2026-02-25T00:01:19","slug":"signalna-zvizdaljka-marco-237mm-12v","status":"publish","type":"product","link":"https:\/\/stoic-curie.212-227-153-4.plesk.page\/hr\/product\/signalna-zvizdaljka-marco-237mm-12v\/","title":{"rendered":"Odobreni elektroni\u010dki zvi\u017edaljka Marco EW2-M 12v"},"content":{"rendered":"<p>Odobreni elektroni\u010dki zvi\u017edaljka Marco EW2-M 12v &#8211; <\/p>\n<p>Sa zadovoljstvom predstavljamo odobrenu signalizacijsku zvi\u017edaljku za \u010damce du\u017eine od 12 do 20 metara, opremljenu zvu\u010dnikom. Upoznajte certificiranu elektroni\u010dku zvi\u017edaljku, Marco EW2-M. Ova vrhunska zvi\u017edaljka ima robusni zvu\u010dnik, integrirani kontrolni panel s membranom i sofisticirani elektroni\u010dki upravlja\u010d, svi dizajnirani za optimalne performanse u raznim uvjetima. Klju\u010dna zna\u010dajka ove zvi\u017edaljke je njen suvremeni ultrazvu\u010dni sustav grijanja, koji zna\u010dajno pobolj\u0161ava funkcionalnost akusti\u010dne membrane, rezultiraju\u0107i jasnijim i u\u010dinkovitijim zvu\u010dnim ispravama.<\/p>\n<p>Zvi\u017edaljka Marco EW2-M ispunjava me\u0111unarodne standarde COLREG 1972 IMO razreda IV, \u010dine\u0107i je pouzdanim rje\u0161enjem za pomorsku sigurnost. Certificirana je od strane nekoliko uglednih organizacija, uklju\u010duju\u0107i RINA, LLOYD&#8217;S REGISTER, MCA, BUREAU VERITAS, NMMA i BSH, \u0161to potvr\u0111uje njezinu kvalitetu i pouzdanost. Kako bismo dodatno pobolj\u0161ali va\u0161e iskustvo, uklju\u010dena je i korisni\u010dka monta\u017ena oprema koja omogu\u0107ava jednostavnu instalaciju. Ova zvi\u017edaljka je neophodan alat za ljubitelje \u010damaca i profesionalce, promi\u010du\u0107i sigurnost i u\u010dinkovitu komunikaciju na vodi.<\/p>\n","protected":false},"excerpt":{"rendered":"<p>Odobreni elektroni\u010dki zvi\u017edaljka Marco EW2-M 12v &#8211; Sa zadovoljstvom predstavljamo odobrenu signalizacijsku zvi\u017edaljku za \u010damce du\u017eine od 12 do 20<\/p>\n","protected":false},"featured_media":5947639,"comment_status":"open","ping_status":"closed","template":"","meta":[],"product_brand":[3096],"product_cat":[1776],"product_tag":[],"class_list":{"0":"post-745032","1":"product","2":"type-product","3":"status-publish","4":"has-post-thumbnail","6":"product_brand-marco-hr","7":"product_cat-oprema-za-signalizaciju","9":"first","10":"instock","11":"shipping-taxable","12":"purchasable","13":"product-type-simple"},"_links":{"self":[{"href":"https:\/\/stoic-curie.212-227-153-4.plesk.page\/hr\/wp-json\/wp\/v2\/product\/745032","targetHints":{"allow":["GET"]}}],"collection":[{"href":"https:\/\/stoic-curie.212-227-153-4.plesk.page\/hr\/wp-json\/wp\/v2\/product"}],"about":[{"href":"https:\/\/stoic-curie.212-227-153-4.plesk.page\/hr\/wp-json\/wp\/v2\/types\/product"}],"replies":[{"embeddable":true,"href":"https:\/\/stoic-curie.212-227-153-4.plesk.page\/hr\/wp-json\/wp\/v2\/comments?post=745032"}],"version-history":[{"count":0,"href":"https:\/\/stoic-curie.212-227-153-4.plesk.page\/hr\/wp-json\/wp\/v2\/product\/745032\/revisions"}],"wp:featuredmedia":[{"embeddable":true,"href":"https:\/\/stoic-curie.212-227-153-4.plesk.page\/hr\/wp-json\/wp\/v2\/media\/5947639"}],"wp:attachment":[{"href":"https:\/\/stoic-curie.212-227-153-4.plesk.page\/hr\/wp-json\/wp\/v2\/media?parent=745032"}],"wp:term":[{"taxonomy":"product_brand","embeddable":true,"href":"https:\/\/stoic-curie.212-227-153-4.plesk.page\/hr\/wp-json\/wp\/v2\/product_brand?post=745032"},{"taxonomy":"product_cat","embeddable":true,"href":"https:\/\/stoic-curie.212-227-153-4.plesk.page\/hr\/wp-json\/wp\/v2\/product_cat?post=745032"},{"taxonomy":"product_tag","embeddable":true,"href":"https:\/\/stoic-curie.212-227-153-4.plesk.page\/hr\/wp-json\/wp\/v2\/product_tag?post=745032"}],"curies":[{"name":"wp","href":"https:\/\/api.w.org\/{rel}","templated":true}]}}