{"id":745033,"date":"2025-03-03T20:05:15","date_gmt":"2025-03-03T19:05:15","guid":{"rendered":"https:\/\/stoic-curie.212-227-153-4.plesk.page\/producto\/signalna-zvizdaljka-marco-237mm-24v\/"},"modified":"2026-02-25T00:01:19","modified_gmt":"2026-02-25T00:01:19","slug":"signalna-zvizdaljka-marco-237mm-24v","status":"publish","type":"product","link":"https:\/\/stoic-curie.212-227-153-4.plesk.page\/hr\/product\/signalna-zvizdaljka-marco-237mm-24v\/","title":{"rendered":"Odobreni elektroni\u010dki zvi\u017eduk Marco EW2-M 24v"},"content":{"rendered":"<p>Odobreni elektroni\u010dki zvi\u017eduk Marco EW2-M 24v &#8211; <\/p>\n<p>Uzbu\u0111eni smo \u0161to vam predstavljamo odobrenu signalizacijsku zvi\u017edaljku dizajniranu za \u010damce du\u017eine od 12 do 20 metara, opremljenu sna\u017enim zvu\u010dnikom. Predstavljamo certificiranu elektroni\u010dku zvi\u017edaljku, Marco EW2-M. Ova napredna zvi\u017edaljka izra\u0111ena je s izdr\u017eljivim zvu\u010dnikom, ugra\u0111enim kontrolnim panelom s membranom i sofisticiranim elektroni\u010dkim kontrolerom, svi su dizajnirani za besprijekornu u\u010dinkovitost u razli\u010ditim uvjetima. Izdvojena zna\u010dajka ove zvi\u017edaljke je inovativni ultrazvu\u010dni sustav grijanja, koji zna\u010dajno pobolj\u0161ava funkcionalnost akusti\u010dne membrane, \u0161to rezultira jasnijim i u\u010dinkovitijim zvu\u010dnim izlazom.<\/p>\n<p>Zvi\u017edaljka Marco EW2-M udovoljava me\u0111unarodnim standardima COLREG 1972 IMO klase IV, \u0161to je \u010dini pouzdanim izborom za pomorsku sigurnost. Dobila je certifikaciju od nekoliko uglednih organizacija, uklju\u010duju\u0107i RINA, LLOYD&#8217;S REGISTER, MCA, BUREAU VERITAS, NMMA i BSH, \u0161to potvr\u0111uje njezinu kvalitetu i pouzdanost. Kako bismo dodatno pobolj\u0161ali va\u0161e iskustvo, uklju\u010den je prakti\u010dni monta\u017eni set za jednostavnu instalaciju. Ova zvi\u017edaljka je bitan alat za ljubitelje \u010damca i profesionalce, osiguravaju\u0107i sigurnost i u\u010dinkovitu komunikaciju dok ste na vodi.<\/p>\n","protected":false},"excerpt":{"rendered":"<p>Odobreni elektroni\u010dki zvi\u017eduk Marco EW2-M 24v &#8211; Uzbu\u0111eni smo \u0161to vam predstavljamo odobrenu signalizacijsku zvi\u017edaljku dizajniranu za \u010damce du\u017eine od<\/p>\n","protected":false},"featured_media":5947639,"comment_status":"open","ping_status":"closed","template":"","meta":[],"product_brand":[3096],"product_cat":[1776],"product_tag":[],"class_list":{"0":"post-745033","1":"product","2":"type-product","3":"status-publish","4":"has-post-thumbnail","6":"product_brand-marco-hr","7":"product_cat-oprema-za-signalizaciju","9":"first","10":"instock","11":"shipping-taxable","12":"purchasable","13":"product-type-simple"},"_links":{"self":[{"href":"https:\/\/stoic-curie.212-227-153-4.plesk.page\/hr\/wp-json\/wp\/v2\/product\/745033","targetHints":{"allow":["GET"]}}],"collection":[{"href":"https:\/\/stoic-curie.212-227-153-4.plesk.page\/hr\/wp-json\/wp\/v2\/product"}],"about":[{"href":"https:\/\/stoic-curie.212-227-153-4.plesk.page\/hr\/wp-json\/wp\/v2\/types\/product"}],"replies":[{"embeddable":true,"href":"https:\/\/stoic-curie.212-227-153-4.plesk.page\/hr\/wp-json\/wp\/v2\/comments?post=745033"}],"version-history":[{"count":0,"href":"https:\/\/stoic-curie.212-227-153-4.plesk.page\/hr\/wp-json\/wp\/v2\/product\/745033\/revisions"}],"wp:featuredmedia":[{"embeddable":true,"href":"https:\/\/stoic-curie.212-227-153-4.plesk.page\/hr\/wp-json\/wp\/v2\/media\/5947639"}],"wp:attachment":[{"href":"https:\/\/stoic-curie.212-227-153-4.plesk.page\/hr\/wp-json\/wp\/v2\/media?parent=745033"}],"wp:term":[{"taxonomy":"product_brand","embeddable":true,"href":"https:\/\/stoic-curie.212-227-153-4.plesk.page\/hr\/wp-json\/wp\/v2\/product_brand?post=745033"},{"taxonomy":"product_cat","embeddable":true,"href":"https:\/\/stoic-curie.212-227-153-4.plesk.page\/hr\/wp-json\/wp\/v2\/product_cat?post=745033"},{"taxonomy":"product_tag","embeddable":true,"href":"https:\/\/stoic-curie.212-227-153-4.plesk.page\/hr\/wp-json\/wp\/v2\/product_tag?post=745033"}],"curies":[{"name":"wp","href":"https:\/\/api.w.org\/{rel}","templated":true}]}}