{"id":745036,"date":"2025-03-03T20:05:16","date_gmt":"2025-03-03T19:05:16","guid":{"rendered":"https:\/\/stoic-curie.212-227-153-4.plesk.page\/producto\/amortizirajuci-drzac-baterije-264-x-213-x-h54mm\/"},"modified":"2026-02-25T00:01:19","modified_gmt":"2026-02-25T00:01:19","slug":"amortizirajuci-drzac-baterije-264-x-213-x-h54mm","status":"publish","type":"product","link":"https:\/\/stoic-curie.212-227-153-4.plesk.page\/hr\/product\/amortizirajuci-drzac-baterije-264-x-213-x-h54mm\/","title":{"rendered":"Amortiziraju\u0107i dr\u017ea\u010d baterije 264 x 213 x h54mm"},"content":{"rendered":"<p>Amortiziraju\u0107i dr\u017ea\u010d baterije 264 x 213 x h54mm &#8211; <\/p>\n<p>Dr\u017ea\u010d baterija s antishock nosivom plo\u010dom koja sprje\u010dava o\u0161te\u0107enja baterije zbog udaraca i vibracija, produ\u017euju\u0107i njezinu u\u010dinkovitost i \u017eivotni vijek. Oblik kontejnera tako\u0111er pru\u017ea za\u0161titu od kemijskih curenja. Dolazi s elasti\u010dnom trakicom s \u010di\u010dkom.<\/p>\n","protected":false},"excerpt":{"rendered":"<p>Amortiziraju\u0107i dr\u017ea\u010d baterije 264 x 213 x h54mm &#8211; Dr\u017ea\u010d baterija s antishock nosivom plo\u010dom koja sprje\u010dava o\u0161te\u0107enja baterije zbog<\/p>\n","protected":false},"featured_media":5947645,"comment_status":"open","ping_status":"closed","template":"","meta":[],"product_brand":[3216],"product_cat":[1729],"product_tag":[],"class_list":{"0":"post-745036","1":"product","2":"type-product","3":"status-publish","4":"has-post-thumbnail","6":"product_brand-oceanflex-hr","7":"product_cat-baterije","9":"first","10":"instock","11":"shipping-taxable","12":"purchasable","13":"product-type-simple"},"_links":{"self":[{"href":"https:\/\/stoic-curie.212-227-153-4.plesk.page\/hr\/wp-json\/wp\/v2\/product\/745036","targetHints":{"allow":["GET"]}}],"collection":[{"href":"https:\/\/stoic-curie.212-227-153-4.plesk.page\/hr\/wp-json\/wp\/v2\/product"}],"about":[{"href":"https:\/\/stoic-curie.212-227-153-4.plesk.page\/hr\/wp-json\/wp\/v2\/types\/product"}],"replies":[{"embeddable":true,"href":"https:\/\/stoic-curie.212-227-153-4.plesk.page\/hr\/wp-json\/wp\/v2\/comments?post=745036"}],"version-history":[{"count":0,"href":"https:\/\/stoic-curie.212-227-153-4.plesk.page\/hr\/wp-json\/wp\/v2\/product\/745036\/revisions"}],"wp:featuredmedia":[{"embeddable":true,"href":"https:\/\/stoic-curie.212-227-153-4.plesk.page\/hr\/wp-json\/wp\/v2\/media\/5947645"}],"wp:attachment":[{"href":"https:\/\/stoic-curie.212-227-153-4.plesk.page\/hr\/wp-json\/wp\/v2\/media?parent=745036"}],"wp:term":[{"taxonomy":"product_brand","embeddable":true,"href":"https:\/\/stoic-curie.212-227-153-4.plesk.page\/hr\/wp-json\/wp\/v2\/product_brand?post=745036"},{"taxonomy":"product_cat","embeddable":true,"href":"https:\/\/stoic-curie.212-227-153-4.plesk.page\/hr\/wp-json\/wp\/v2\/product_cat?post=745036"},{"taxonomy":"product_tag","embeddable":true,"href":"https:\/\/stoic-curie.212-227-153-4.plesk.page\/hr\/wp-json\/wp\/v2\/product_tag?post=745036"}],"curies":[{"name":"wp","href":"https:\/\/api.w.org\/{rel}","templated":true}]}}