{"id":745043,"date":"2025-03-03T20:05:18","date_gmt":"2025-03-03T19:05:18","guid":{"rendered":"https:\/\/stoic-curie.212-227-153-4.plesk.page\/producto\/elektricna-baza-marinco-16a-220v\/"},"modified":"2026-02-25T00:01:19","modified_gmt":"2026-02-25T00:01:19","slug":"elektricna-baza-marinco-16a-220v","status":"publish","type":"product","link":"https:\/\/stoic-curie.212-227-153-4.plesk.page\/hr\/product\/elektricna-baza-marinco-16a-220v\/","title":{"rendered":"Elektricna baza Marinco 16a &#8211; 220v"},"content":{"rendered":"<p>Elektricna baza Marinco 16a &#8211; 220v &#8211; <\/p>\n<p>Standardni naponski ulaz Marinco s oja\u010danim plasti\u010dnim ku\u0107i\u0161tem i vodootpornim poklopcem.<\/p>\n","protected":false},"excerpt":{"rendered":"<p>Elektricna baza Marinco 16a &#8211; 220v &#8211; Standardni naponski ulaz Marinco s oja\u010danim plasti\u010dnim ku\u0107i\u0161tem i vodootpornim poklopcem.<\/p>\n","protected":false},"featured_media":5947685,"comment_status":"open","ping_status":"closed","template":"","meta":[],"product_brand":[3106],"product_cat":[1750],"product_tag":[],"class_list":{"0":"post-745043","1":"product","2":"type-product","3":"status-publish","4":"has-post-thumbnail","6":"product_brand-marinco-hr","7":"product_cat-marinco-utikaci","9":"first","10":"instock","11":"shipping-taxable","12":"purchasable","13":"product-type-simple"},"_links":{"self":[{"href":"https:\/\/stoic-curie.212-227-153-4.plesk.page\/hr\/wp-json\/wp\/v2\/product\/745043","targetHints":{"allow":["GET"]}}],"collection":[{"href":"https:\/\/stoic-curie.212-227-153-4.plesk.page\/hr\/wp-json\/wp\/v2\/product"}],"about":[{"href":"https:\/\/stoic-curie.212-227-153-4.plesk.page\/hr\/wp-json\/wp\/v2\/types\/product"}],"replies":[{"embeddable":true,"href":"https:\/\/stoic-curie.212-227-153-4.plesk.page\/hr\/wp-json\/wp\/v2\/comments?post=745043"}],"version-history":[{"count":0,"href":"https:\/\/stoic-curie.212-227-153-4.plesk.page\/hr\/wp-json\/wp\/v2\/product\/745043\/revisions"}],"wp:featuredmedia":[{"embeddable":true,"href":"https:\/\/stoic-curie.212-227-153-4.plesk.page\/hr\/wp-json\/wp\/v2\/media\/5947685"}],"wp:attachment":[{"href":"https:\/\/stoic-curie.212-227-153-4.plesk.page\/hr\/wp-json\/wp\/v2\/media?parent=745043"}],"wp:term":[{"taxonomy":"product_brand","embeddable":true,"href":"https:\/\/stoic-curie.212-227-153-4.plesk.page\/hr\/wp-json\/wp\/v2\/product_brand?post=745043"},{"taxonomy":"product_cat","embeddable":true,"href":"https:\/\/stoic-curie.212-227-153-4.plesk.page\/hr\/wp-json\/wp\/v2\/product_cat?post=745043"},{"taxonomy":"product_tag","embeddable":true,"href":"https:\/\/stoic-curie.212-227-153-4.plesk.page\/hr\/wp-json\/wp\/v2\/product_tag?post=745043"}],"curies":[{"name":"wp","href":"https:\/\/api.w.org\/{rel}","templated":true}]}}