{"id":745056,"date":"2025-03-03T20:05:21","date_gmt":"2025-03-03T19:05:21","guid":{"rendered":"https:\/\/stoic-curie.212-227-153-4.plesk.page\/producto\/dhr-112-5o-navigacijsko-svjetlo-svijetlo-zelena\/"},"modified":"2026-02-25T00:01:19","modified_gmt":"2026-02-25T00:01:19","slug":"dhr-112-5o-navigacijsko-svjetlo-svijetlo-zelena","status":"publish","type":"product","link":"https:\/\/stoic-curie.212-227-153-4.plesk.page\/hr\/product\/dhr-112-5o-navigacijsko-svjetlo-svijetlo-zelena\/","title":{"rendered":"DHR 112.5\u00ba Navigacijsko svjetlo svijetlo-zelena"},"content":{"rendered":"<p>DHR 112.5\u00ba Navigacijsko svjetlo svijetlo-zelena &#8211; <\/p>\n<p>DHR navigacijska svjetla za brodove du\u017eine do 50 metara. Vodootporna, nemagnetna, s punjenim ku\u0107i\u0161tem od polikarbonata i Fresnel staklima otpornih na udarce. Treba ih dopuniti sa \u017earuljom BAY15D. Certificirano od strane Bureau Veritas MED 2014\/90\/EU i u skladu s COLREG\/IMO\/EN\/IEC.<\/p>\n","protected":false},"excerpt":{"rendered":"<p>DHR 112.5\u00ba Navigacijsko svjetlo svijetlo-zelena &#8211; DHR navigacijska svjetla za brodove du\u017eine do 50 metara. Vodootporna, nemagnetna, s punjenim ku\u0107i\u0161tem<\/p>\n","protected":false},"featured_media":5947828,"comment_status":"open","ping_status":"closed","template":"","meta":[],"product_brand":[2881],"product_cat":[1741],"product_tag":[],"class_list":{"0":"post-745056","1":"product","2":"type-product","3":"status-publish","4":"has-post-thumbnail","6":"product_brand-dhr-hr","7":"product_cat-navigacijska-svjetla","9":"first","10":"instock","11":"shipping-taxable","12":"purchasable","13":"product-type-simple"},"_links":{"self":[{"href":"https:\/\/stoic-curie.212-227-153-4.plesk.page\/hr\/wp-json\/wp\/v2\/product\/745056","targetHints":{"allow":["GET"]}}],"collection":[{"href":"https:\/\/stoic-curie.212-227-153-4.plesk.page\/hr\/wp-json\/wp\/v2\/product"}],"about":[{"href":"https:\/\/stoic-curie.212-227-153-4.plesk.page\/hr\/wp-json\/wp\/v2\/types\/product"}],"replies":[{"embeddable":true,"href":"https:\/\/stoic-curie.212-227-153-4.plesk.page\/hr\/wp-json\/wp\/v2\/comments?post=745056"}],"version-history":[{"count":0,"href":"https:\/\/stoic-curie.212-227-153-4.plesk.page\/hr\/wp-json\/wp\/v2\/product\/745056\/revisions"}],"wp:featuredmedia":[{"embeddable":true,"href":"https:\/\/stoic-curie.212-227-153-4.plesk.page\/hr\/wp-json\/wp\/v2\/media\/5947828"}],"wp:attachment":[{"href":"https:\/\/stoic-curie.212-227-153-4.plesk.page\/hr\/wp-json\/wp\/v2\/media?parent=745056"}],"wp:term":[{"taxonomy":"product_brand","embeddable":true,"href":"https:\/\/stoic-curie.212-227-153-4.plesk.page\/hr\/wp-json\/wp\/v2\/product_brand?post=745056"},{"taxonomy":"product_cat","embeddable":true,"href":"https:\/\/stoic-curie.212-227-153-4.plesk.page\/hr\/wp-json\/wp\/v2\/product_cat?post=745056"},{"taxonomy":"product_tag","embeddable":true,"href":"https:\/\/stoic-curie.212-227-153-4.plesk.page\/hr\/wp-json\/wp\/v2\/product_tag?post=745056"}],"curies":[{"name":"wp","href":"https:\/\/api.w.org\/{rel}","templated":true}]}}