{"id":745061,"date":"2025-03-03T20:05:23","date_gmt":"2025-03-03T19:05:23","guid":{"rendered":"https:\/\/stoic-curie.212-227-153-4.plesk.page\/producto\/dhr-135o-navigacijsko-svjetlo-crno-zuta-135o\/"},"modified":"2026-02-25T00:01:19","modified_gmt":"2026-02-25T00:01:19","slug":"dhr-135o-navigacijsko-svjetlo-crno-zuta-135o","status":"publish","type":"product","link":"https:\/\/stoic-curie.212-227-153-4.plesk.page\/hr\/product\/dhr-135o-navigacijsko-svjetlo-crno-zuta-135o\/","title":{"rendered":"DHR 135\u00ba Navigacijsko svjetlo-crno-\u017euta 135\u00ba"},"content":{"rendered":"<p>DHR 135\u00ba Navigacijsko svjetlo-crno-\u017euta 135\u00ba &#8211; <\/p>\n<p>DHR navigacijska svjetla za brodove do 50 metara. Vodootporna, nemagnetska, s punjenim ku\u0107i\u0161tem od polikarbonata i Fresnel staklima otpornim na udarce. Treba ih upotpuniti BAY15D \u017earuljom. Certificirano od strane Bureau Veritas MED 2014\/90\/EU i u skladu s COLREG\/IMO\/EN\/IEC.<\/p>\n","protected":false},"excerpt":{"rendered":"<p>DHR 135\u00ba Navigacijsko svjetlo-crno-\u017euta 135\u00ba &#8211; DHR navigacijska svjetla za brodove do 50 metara. Vodootporna, nemagnetska, s punjenim ku\u0107i\u0161tem od<\/p>\n","protected":false},"featured_media":5947833,"comment_status":"open","ping_status":"closed","template":"","meta":[],"product_brand":[2881],"product_cat":[1741],"product_tag":[],"class_list":{"0":"post-745061","1":"product","2":"type-product","3":"status-publish","4":"has-post-thumbnail","6":"product_brand-dhr-hr","7":"product_cat-navigacijska-svjetla","9":"first","10":"instock","11":"shipping-taxable","12":"purchasable","13":"product-type-simple"},"_links":{"self":[{"href":"https:\/\/stoic-curie.212-227-153-4.plesk.page\/hr\/wp-json\/wp\/v2\/product\/745061","targetHints":{"allow":["GET"]}}],"collection":[{"href":"https:\/\/stoic-curie.212-227-153-4.plesk.page\/hr\/wp-json\/wp\/v2\/product"}],"about":[{"href":"https:\/\/stoic-curie.212-227-153-4.plesk.page\/hr\/wp-json\/wp\/v2\/types\/product"}],"replies":[{"embeddable":true,"href":"https:\/\/stoic-curie.212-227-153-4.plesk.page\/hr\/wp-json\/wp\/v2\/comments?post=745061"}],"version-history":[{"count":0,"href":"https:\/\/stoic-curie.212-227-153-4.plesk.page\/hr\/wp-json\/wp\/v2\/product\/745061\/revisions"}],"wp:featuredmedia":[{"embeddable":true,"href":"https:\/\/stoic-curie.212-227-153-4.plesk.page\/hr\/wp-json\/wp\/v2\/media\/5947833"}],"wp:attachment":[{"href":"https:\/\/stoic-curie.212-227-153-4.plesk.page\/hr\/wp-json\/wp\/v2\/media?parent=745061"}],"wp:term":[{"taxonomy":"product_brand","embeddable":true,"href":"https:\/\/stoic-curie.212-227-153-4.plesk.page\/hr\/wp-json\/wp\/v2\/product_brand?post=745061"},{"taxonomy":"product_cat","embeddable":true,"href":"https:\/\/stoic-curie.212-227-153-4.plesk.page\/hr\/wp-json\/wp\/v2\/product_cat?post=745061"},{"taxonomy":"product_tag","embeddable":true,"href":"https:\/\/stoic-curie.212-227-153-4.plesk.page\/hr\/wp-json\/wp\/v2\/product_tag?post=745061"}],"curies":[{"name":"wp","href":"https:\/\/api.w.org\/{rel}","templated":true}]}}