{"id":745062,"date":"2025-03-03T20:05:23","date_gmt":"2025-03-03T19:05:23","guid":{"rendered":"https:\/\/stoic-curie.212-227-153-4.plesk.page\/producto\/bijelo-palubno-svjetlo-w-line-dvostruka-boja-157-x-55-x-h42mm-60-poplava-18w\/"},"modified":"2026-02-25T00:01:19","modified_gmt":"2026-02-25T00:01:19","slug":"bijelo-palubno-svjetlo-w-line-dvostruka-boja-157-x-55-x-h42mm-60-poplava-18w","status":"publish","type":"product","link":"https:\/\/stoic-curie.212-227-153-4.plesk.page\/hr\/product\/bijelo-palubno-svjetlo-w-line-dvostruka-boja-157-x-55-x-h42mm-60-poplava-18w\/","title":{"rendered":"Bijelo palubno svjetlo W-Line Dvostruka boja 157 x 55 x H42mm 60 \u00b0 Poplava 18w"},"content":{"rendered":"<p>Bijelo palubno svjetlo W-Line Dvostruka boja 157 x 55 x H42mm 60 \u00b0 Poplava 18w &#8211; <\/p>\n<p>IP68 vodootporna svjetiljka za kokpit i palubu s dvobojnom LED. Tijelo od bijelog aluminijskog legure otporno na koroziju, nosa\u010d od nehr\u0111aju\u0107eg \u010delika i polikarbonatne le\u0107e. Dvostruko svjetlo odabrano prema potrebama na palubi: bijelo svjetlo ili plavo svjetlo. Napon 9-32V. Snaga 18W. 1150 lumena. Bijela svjetlost 5500\u00c2\u00b0K.<\/p>\n","protected":false},"excerpt":{"rendered":"<p>Bijelo palubno svjetlo W-Line Dvostruka boja 157 x 55 x H42mm 60 \u00b0 Poplava 18w &#8211; IP68 vodootporna svjetiljka za<\/p>\n","protected":false},"featured_media":5947856,"comment_status":"open","ping_status":"closed","template":"","meta":[],"product_brand":[3221,2168],"product_cat":[1734],"product_tag":[],"class_list":{"0":"post-745062","1":"product","2":"type-product","3":"status-publish","4":"has-post-thumbnail","6":"product_brand-oceanled-hr","7":"product_brand-oceanled","8":"product_cat-brodski-reflektori","10":"first","11":"instock","12":"shipping-taxable","13":"purchasable","14":"product-type-simple"},"_links":{"self":[{"href":"https:\/\/stoic-curie.212-227-153-4.plesk.page\/hr\/wp-json\/wp\/v2\/product\/745062","targetHints":{"allow":["GET"]}}],"collection":[{"href":"https:\/\/stoic-curie.212-227-153-4.plesk.page\/hr\/wp-json\/wp\/v2\/product"}],"about":[{"href":"https:\/\/stoic-curie.212-227-153-4.plesk.page\/hr\/wp-json\/wp\/v2\/types\/product"}],"replies":[{"embeddable":true,"href":"https:\/\/stoic-curie.212-227-153-4.plesk.page\/hr\/wp-json\/wp\/v2\/comments?post=745062"}],"version-history":[{"count":0,"href":"https:\/\/stoic-curie.212-227-153-4.plesk.page\/hr\/wp-json\/wp\/v2\/product\/745062\/revisions"}],"wp:featuredmedia":[{"embeddable":true,"href":"https:\/\/stoic-curie.212-227-153-4.plesk.page\/hr\/wp-json\/wp\/v2\/media\/5947856"}],"wp:attachment":[{"href":"https:\/\/stoic-curie.212-227-153-4.plesk.page\/hr\/wp-json\/wp\/v2\/media?parent=745062"}],"wp:term":[{"taxonomy":"product_brand","embeddable":true,"href":"https:\/\/stoic-curie.212-227-153-4.plesk.page\/hr\/wp-json\/wp\/v2\/product_brand?post=745062"},{"taxonomy":"product_cat","embeddable":true,"href":"https:\/\/stoic-curie.212-227-153-4.plesk.page\/hr\/wp-json\/wp\/v2\/product_cat?post=745062"},{"taxonomy":"product_tag","embeddable":true,"href":"https:\/\/stoic-curie.212-227-153-4.plesk.page\/hr\/wp-json\/wp\/v2\/product_tag?post=745062"}],"curies":[{"name":"wp","href":"https:\/\/api.w.org\/{rel}","templated":true}]}}