{"id":745064,"date":"2025-03-03T20:05:24","date_gmt":"2025-03-03T19:05:24","guid":{"rendered":"https:\/\/stoic-curie.212-227-153-4.plesk.page\/producto\/halogeni-reflektor-100wt-12v\/"},"modified":"2026-02-25T00:01:19","modified_gmt":"2026-02-25T00:01:19","slug":"halogeni-reflektor-100wt-12v","status":"publish","type":"product","link":"https:\/\/stoic-curie.212-227-153-4.plesk.page\/hr\/product\/halogeni-reflektor-100wt-12v\/","title":{"rendered":"Halogeni reflektor 100wt 12v"},"content":{"rendered":"<p>Halogeni reflektor 100wt 12v &#8211; <\/p>\n<p>Podesivi vodootporni halogenski reflektor s ru\u010dkom i gumbima. Podloga od kromirane mjedi s uklonjivom iglom. Napajanje s 1,5 m produ\u017enim kabelom, uklju\u010duju\u0107i utika\u010d i 12V uti\u010dnicu. Prekida\u010d za aktivaciju rasvjetnog re\u017eima ili usmjerenog svjetla. Opcionalna stezna spojnica za povezivanje cijevi promjera 22 mm. Ku\u0107i\u0161te \u017earulje promjera 150 mm i ukupna visina od 240 mm na bazi.<\/p>\n","protected":false},"excerpt":{"rendered":"<p>Halogeni reflektor 100wt 12v &#8211; Podesivi vodootporni halogenski reflektor s ru\u010dkom i gumbima. Podloga od kromirane mjedi s uklonjivom iglom.<\/p>\n","protected":false},"featured_media":5947864,"comment_status":"open","ping_status":"closed","template":"","meta":[],"product_brand":[3236],"product_cat":[1734],"product_tag":[],"class_list":{"0":"post-745064","1":"product","2":"type-product","3":"status-publish","4":"has-post-thumbnail","6":"product_brand-osculati-hr","7":"product_cat-brodski-reflektori","9":"first","10":"instock","11":"shipping-taxable","12":"purchasable","13":"product-type-simple"},"_links":{"self":[{"href":"https:\/\/stoic-curie.212-227-153-4.plesk.page\/hr\/wp-json\/wp\/v2\/product\/745064","targetHints":{"allow":["GET"]}}],"collection":[{"href":"https:\/\/stoic-curie.212-227-153-4.plesk.page\/hr\/wp-json\/wp\/v2\/product"}],"about":[{"href":"https:\/\/stoic-curie.212-227-153-4.plesk.page\/hr\/wp-json\/wp\/v2\/types\/product"}],"replies":[{"embeddable":true,"href":"https:\/\/stoic-curie.212-227-153-4.plesk.page\/hr\/wp-json\/wp\/v2\/comments?post=745064"}],"version-history":[{"count":0,"href":"https:\/\/stoic-curie.212-227-153-4.plesk.page\/hr\/wp-json\/wp\/v2\/product\/745064\/revisions"}],"wp:featuredmedia":[{"embeddable":true,"href":"https:\/\/stoic-curie.212-227-153-4.plesk.page\/hr\/wp-json\/wp\/v2\/media\/5947864"}],"wp:attachment":[{"href":"https:\/\/stoic-curie.212-227-153-4.plesk.page\/hr\/wp-json\/wp\/v2\/media?parent=745064"}],"wp:term":[{"taxonomy":"product_brand","embeddable":true,"href":"https:\/\/stoic-curie.212-227-153-4.plesk.page\/hr\/wp-json\/wp\/v2\/product_brand?post=745064"},{"taxonomy":"product_cat","embeddable":true,"href":"https:\/\/stoic-curie.212-227-153-4.plesk.page\/hr\/wp-json\/wp\/v2\/product_cat?post=745064"},{"taxonomy":"product_tag","embeddable":true,"href":"https:\/\/stoic-curie.212-227-153-4.plesk.page\/hr\/wp-json\/wp\/v2\/product_tag?post=745064"}],"curies":[{"name":"wp","href":"https:\/\/api.w.org\/{rel}","templated":true}]}}