{"id":745065,"date":"2025-03-03T20:05:24","date_gmt":"2025-03-03T19:05:24","guid":{"rendered":"https:\/\/stoic-curie.212-227-153-4.plesk.page\/producto\/led-signalnoo-svjetlo-light-savior-98mm\/"},"modified":"2026-02-25T00:01:19","modified_gmt":"2026-02-25T00:01:19","slug":"led-signalnoo-svjetlo-light-savior-98mm","status":"publish","type":"product","link":"https:\/\/stoic-curie.212-227-153-4.plesk.page\/hr\/product\/led-signalnoo-svjetlo-light-savior-98mm\/","title":{"rendered":"LED signalnoo svjetlo Light Savior 98mm"},"content":{"rendered":"<p>LED signalnoo svjetlo Light Savior 98mm &#8211; <\/p>\n<p>LED signalna svjetlost idealna za osiguranje vidljivosti u hitnim slu\u010dajevima ili bilo kojoj vrsti pomorske ili obalne aktivnosti. Proizvodi 9 razli\u010ditih tipova svjetla kontinuirano ili povremeno, s autonomijom od 40 sati. Vodootporno, robusno ku\u0107i\u0161te IP65 s kukom i magnetskim pri\u010dvrsnim dijelom, napajanje s 3 AAA baterije (nisu uklju\u010dene). Paket uklju\u010duje 3 svjetla s torbom za pohranu.<\/p>\n","protected":false},"excerpt":{"rendered":"<p>LED signalnoo svjetlo Light Savior 98mm &#8211; LED signalna svjetlost idealna za osiguranje vidljivosti u hitnim slu\u010dajevima ili bilo kojoj<\/p>\n","protected":false},"featured_media":5947876,"comment_status":"open","ping_status":"closed","template":"","meta":[],"product_brand":[3221],"product_cat":[1605,1604,1738],"product_tag":[],"class_list":{"0":"post-745065","1":"product","2":"type-product","3":"status-publish","4":"has-post-thumbnail","6":"product_brand-oceanled-hr","7":"product_cat-oprema-za-sigurnost-plovila","8":"product_cat-pojasevi-za-spasavanje-i-remenje","9":"product_cat-prijenosne-baklje","11":"first","12":"instock","13":"shipping-taxable","14":"purchasable","15":"product-type-simple"},"_links":{"self":[{"href":"https:\/\/stoic-curie.212-227-153-4.plesk.page\/hr\/wp-json\/wp\/v2\/product\/745065","targetHints":{"allow":["GET"]}}],"collection":[{"href":"https:\/\/stoic-curie.212-227-153-4.plesk.page\/hr\/wp-json\/wp\/v2\/product"}],"about":[{"href":"https:\/\/stoic-curie.212-227-153-4.plesk.page\/hr\/wp-json\/wp\/v2\/types\/product"}],"replies":[{"embeddable":true,"href":"https:\/\/stoic-curie.212-227-153-4.plesk.page\/hr\/wp-json\/wp\/v2\/comments?post=745065"}],"version-history":[{"count":0,"href":"https:\/\/stoic-curie.212-227-153-4.plesk.page\/hr\/wp-json\/wp\/v2\/product\/745065\/revisions"}],"wp:featuredmedia":[{"embeddable":true,"href":"https:\/\/stoic-curie.212-227-153-4.plesk.page\/hr\/wp-json\/wp\/v2\/media\/5947876"}],"wp:attachment":[{"href":"https:\/\/stoic-curie.212-227-153-4.plesk.page\/hr\/wp-json\/wp\/v2\/media?parent=745065"}],"wp:term":[{"taxonomy":"product_brand","embeddable":true,"href":"https:\/\/stoic-curie.212-227-153-4.plesk.page\/hr\/wp-json\/wp\/v2\/product_brand?post=745065"},{"taxonomy":"product_cat","embeddable":true,"href":"https:\/\/stoic-curie.212-227-153-4.plesk.page\/hr\/wp-json\/wp\/v2\/product_cat?post=745065"},{"taxonomy":"product_tag","embeddable":true,"href":"https:\/\/stoic-curie.212-227-153-4.plesk.page\/hr\/wp-json\/wp\/v2\/product_tag?post=745065"}],"curies":[{"name":"wp","href":"https:\/\/api.w.org\/{rel}","templated":true}]}}