{"id":745069,"date":"2025-03-03T20:05:25","date_gmt":"2025-03-03T19:05:25","guid":{"rendered":"https:\/\/stoic-curie.212-227-153-4.plesk.page\/producto\/dalekozor-konuspy-nocni-vid\/"},"modified":"2026-02-25T00:01:19","modified_gmt":"2026-02-25T00:01:19","slug":"dalekozor-konuspy-nocni-vid","status":"publish","type":"product","link":"https:\/\/stoic-curie.212-227-153-4.plesk.page\/hr\/product\/dalekozor-konuspy-nocni-vid\/","title":{"rendered":"Dalekozor Konuspy nocni vid"},"content":{"rendered":"<p>Dalekozor Konuspy nocni vid &#8211; <\/p>\n<p>Digi-no\u0107ni monokular. Iznimno svijetla optika za o\u0161tru, visokorazlu\u010divu sliku. Maksimalna udaljenost promatranja 300 m. Funkcija snimanja fotografija i videa u punoj HD rezoluciji. Uklju\u010duje A\/V kabel, USB kabel i 8 GB SD karticu za pohranu slika. Radi na 2 18650 baterije. Sna\u017ena stres-otporna struktura s gumiranjem za sigurniji hvat. Uklju\u010duje i torbicu.<\/p>\n","protected":false},"excerpt":{"rendered":"<p>Dalekozor Konuspy nocni vid &#8211; Digi-no\u0107ni monokular. Iznimno svijetla optika za o\u0161tru, visokorazlu\u010divu sliku. Maksimalna udaljenost promatranja 300 m. Funkcija<\/p>\n","protected":false},"featured_media":5947938,"comment_status":"open","ping_status":"closed","template":"","meta":[],"product_brand":[3056],"product_cat":[1779],"product_tag":[],"class_list":{"0":"post-745069","1":"product","2":"type-product","3":"status-publish","4":"has-post-thumbnail","6":"product_brand-konus-hr","7":"product_cat-brodski-dalekozor","9":"first","10":"instock","11":"shipping-taxable","12":"purchasable","13":"product-type-simple"},"_links":{"self":[{"href":"https:\/\/stoic-curie.212-227-153-4.plesk.page\/hr\/wp-json\/wp\/v2\/product\/745069","targetHints":{"allow":["GET"]}}],"collection":[{"href":"https:\/\/stoic-curie.212-227-153-4.plesk.page\/hr\/wp-json\/wp\/v2\/product"}],"about":[{"href":"https:\/\/stoic-curie.212-227-153-4.plesk.page\/hr\/wp-json\/wp\/v2\/types\/product"}],"replies":[{"embeddable":true,"href":"https:\/\/stoic-curie.212-227-153-4.plesk.page\/hr\/wp-json\/wp\/v2\/comments?post=745069"}],"version-history":[{"count":0,"href":"https:\/\/stoic-curie.212-227-153-4.plesk.page\/hr\/wp-json\/wp\/v2\/product\/745069\/revisions"}],"wp:featuredmedia":[{"embeddable":true,"href":"https:\/\/stoic-curie.212-227-153-4.plesk.page\/hr\/wp-json\/wp\/v2\/media\/5947938"}],"wp:attachment":[{"href":"https:\/\/stoic-curie.212-227-153-4.plesk.page\/hr\/wp-json\/wp\/v2\/media?parent=745069"}],"wp:term":[{"taxonomy":"product_brand","embeddable":true,"href":"https:\/\/stoic-curie.212-227-153-4.plesk.page\/hr\/wp-json\/wp\/v2\/product_brand?post=745069"},{"taxonomy":"product_cat","embeddable":true,"href":"https:\/\/stoic-curie.212-227-153-4.plesk.page\/hr\/wp-json\/wp\/v2\/product_cat?post=745069"},{"taxonomy":"product_tag","embeddable":true,"href":"https:\/\/stoic-curie.212-227-153-4.plesk.page\/hr\/wp-json\/wp\/v2\/product_tag?post=745069"}],"curies":[{"name":"wp","href":"https:\/\/api.w.org\/{rel}","templated":true}]}}