{"id":745079,"date":"2025-03-03T20:07:29","date_gmt":"2025-03-03T19:07:29","guid":{"rendered":"https:\/\/stoic-curie.212-227-153-4.plesk.page\/producto\/raymarine-i40-bidata-kit\/"},"modified":"2026-02-25T00:01:19","modified_gmt":"2026-02-25T00:01:19","slug":"raymarine-i40-bidata-kit","status":"publish","type":"product","link":"https:\/\/stoic-curie.212-227-153-4.plesk.page\/hr\/product\/raymarine-i40-bidata-kit\/","title":{"rendered":"Raymarine I40 Bidata kit"},"content":{"rendered":"<p>Raymarine I40 Bidata kit &#8211; <\/p>\n<p>Kompaktni i funkcionalni Raymarine i40 Bidata Pack instrument s lako \u010ditljivim LCD zaslonom od 28 mm. Potpuno se integrira sa svim Raymarine navigacijskim ure\u0111ajima. Prikazuje brzinu, dubinu, zapis putovanja i temperaturu morske vode, omogu\u0107uju\u0107i istovremeno prikaz vi\u0161e podataka. Uklju\u010duje plasti\u010dne transducere P371 za brzinu\/temp i P7 za dubinu.<\/p>\n","protected":false},"excerpt":{"rendered":"<p>Raymarine I40 Bidata kit &#8211; Kompaktni i funkcionalni Raymarine i40 Bidata Pack instrument s lako \u010ditljivim LCD zaslonom od 28<\/p>\n","protected":false},"featured_media":5947965,"comment_status":"open","ping_status":"closed","template":"","meta":[],"product_brand":[3301],"product_cat":[1744],"product_tag":[],"class_list":{"0":"post-745079","1":"product","2":"type-product","3":"status-publish","4":"has-post-thumbnail","6":"product_brand-raymarine-hr","7":"product_cat-brodska-elektronika","9":"first","10":"instock","11":"shipping-taxable","12":"purchasable","13":"product-type-simple"},"_links":{"self":[{"href":"https:\/\/stoic-curie.212-227-153-4.plesk.page\/hr\/wp-json\/wp\/v2\/product\/745079","targetHints":{"allow":["GET"]}}],"collection":[{"href":"https:\/\/stoic-curie.212-227-153-4.plesk.page\/hr\/wp-json\/wp\/v2\/product"}],"about":[{"href":"https:\/\/stoic-curie.212-227-153-4.plesk.page\/hr\/wp-json\/wp\/v2\/types\/product"}],"replies":[{"embeddable":true,"href":"https:\/\/stoic-curie.212-227-153-4.plesk.page\/hr\/wp-json\/wp\/v2\/comments?post=745079"}],"version-history":[{"count":0,"href":"https:\/\/stoic-curie.212-227-153-4.plesk.page\/hr\/wp-json\/wp\/v2\/product\/745079\/revisions"}],"wp:featuredmedia":[{"embeddable":true,"href":"https:\/\/stoic-curie.212-227-153-4.plesk.page\/hr\/wp-json\/wp\/v2\/media\/5947965"}],"wp:attachment":[{"href":"https:\/\/stoic-curie.212-227-153-4.plesk.page\/hr\/wp-json\/wp\/v2\/media?parent=745079"}],"wp:term":[{"taxonomy":"product_brand","embeddable":true,"href":"https:\/\/stoic-curie.212-227-153-4.plesk.page\/hr\/wp-json\/wp\/v2\/product_brand?post=745079"},{"taxonomy":"product_cat","embeddable":true,"href":"https:\/\/stoic-curie.212-227-153-4.plesk.page\/hr\/wp-json\/wp\/v2\/product_cat?post=745079"},{"taxonomy":"product_tag","embeddable":true,"href":"https:\/\/stoic-curie.212-227-153-4.plesk.page\/hr\/wp-json\/wp\/v2\/product_tag?post=745079"}],"curies":[{"name":"wp","href":"https:\/\/api.w.org\/{rel}","templated":true}]}}