{"id":745081,"date":"2025-03-03T20:07:30","date_gmt":"2025-03-03T19:07:30","guid":{"rendered":"https:\/\/stoic-curie.212-227-153-4.plesk.page\/producto\/kit-raymarine-i50-tridata\/"},"modified":"2026-02-25T00:01:19","modified_gmt":"2026-02-25T00:01:19","slug":"kit-raymarine-i50-tridata","status":"publish","type":"product","link":"https:\/\/stoic-curie.212-227-153-4.plesk.page\/hr\/product\/kit-raymarine-i50-tridata\/","title":{"rendered":"Kit Raymarine I50 Tridata"},"content":{"rendered":"<p>Kit Raymarine I50 Tridata &#8211; <\/p>\n<p>Raymarine i50 Tridata Pack je izuzetno kompaktan i visoko funkcionalan instrument posebno dizajniran za ljubitelje plovidbe. Ima jasan i lako \u010ditljiv LCD ekran koji pru\u017ea bitne informacije na prvi pogled. Ovaj inovativni ure\u0111aj uklju\u010duje SeaTalk i NMEA2000 su\u010delja, koja omogu\u0107avaju besprijekornu integraciju s drugim Raymarine navigacijskim ure\u0111ajima, osiguravaju\u0107i da imate sve potrebne alate za uspje\u0161an izlet na vodi.<\/p>\n<p>i50 Tridata Pack prikazuje bitne podatke kao \u0161to su dubina i brzina u dobro organiziranom trorednom prikazu. Osim ovih klju\u010dnih mjerenja, tako\u0111er sadr\u017ei broja\u010de djelomi\u010dnog i ukupnog broda, o\u010ditavanja temperature morske vode i informacije o brzini iznad tla (SOG). Ovaj sveobuhvatan skup podataka omogu\u0107uje jedrili\u010darima dono\u0161enje informiranih odluka prilikom navigacije.<\/p>\n<p>U paketu s i50 Tridata Pack-om nalaze se ekstraktibilni senzori za brzinu i temperaturu kroz trup, kao i P19 senzor dubine, koji pobolj\u0161avaju funkcionalnost ure\u0111aja. Nadalje, posjeduje integrirano su\u010delje za transducer, \u0161to pru\u017ea dodatnu pogodnost i olak\u0161ava korisnicima povezivanje i upravljanje opremom. To \u010dini Raymarine i50 Tridata Pack odli\u010dnim izborom za svakog ljubitelja plovidbe koji \u017eeli unaprijediti svoje iskustvo navigacije.<\/p>\n","protected":false},"excerpt":{"rendered":"<p>Kit Raymarine I50 Tridata &#8211; Raymarine i50 Tridata Pack je izuzetno kompaktan i visoko funkcionalan instrument posebno dizajniran za ljubitelje<\/p>\n","protected":false},"featured_media":5947968,"comment_status":"open","ping_status":"closed","template":"","meta":[],"product_brand":[3301],"product_cat":[1744],"product_tag":[],"class_list":{"0":"post-745081","1":"product","2":"type-product","3":"status-publish","4":"has-post-thumbnail","6":"product_brand-raymarine-hr","7":"product_cat-brodska-elektronika","9":"first","10":"outofstock","11":"shipping-taxable","12":"purchasable","13":"product-type-simple"},"_links":{"self":[{"href":"https:\/\/stoic-curie.212-227-153-4.plesk.page\/hr\/wp-json\/wp\/v2\/product\/745081","targetHints":{"allow":["GET"]}}],"collection":[{"href":"https:\/\/stoic-curie.212-227-153-4.plesk.page\/hr\/wp-json\/wp\/v2\/product"}],"about":[{"href":"https:\/\/stoic-curie.212-227-153-4.plesk.page\/hr\/wp-json\/wp\/v2\/types\/product"}],"replies":[{"embeddable":true,"href":"https:\/\/stoic-curie.212-227-153-4.plesk.page\/hr\/wp-json\/wp\/v2\/comments?post=745081"}],"version-history":[{"count":0,"href":"https:\/\/stoic-curie.212-227-153-4.plesk.page\/hr\/wp-json\/wp\/v2\/product\/745081\/revisions"}],"wp:featuredmedia":[{"embeddable":true,"href":"https:\/\/stoic-curie.212-227-153-4.plesk.page\/hr\/wp-json\/wp\/v2\/media\/5947968"}],"wp:attachment":[{"href":"https:\/\/stoic-curie.212-227-153-4.plesk.page\/hr\/wp-json\/wp\/v2\/media?parent=745081"}],"wp:term":[{"taxonomy":"product_brand","embeddable":true,"href":"https:\/\/stoic-curie.212-227-153-4.plesk.page\/hr\/wp-json\/wp\/v2\/product_brand?post=745081"},{"taxonomy":"product_cat","embeddable":true,"href":"https:\/\/stoic-curie.212-227-153-4.plesk.page\/hr\/wp-json\/wp\/v2\/product_cat?post=745081"},{"taxonomy":"product_tag","embeddable":true,"href":"https:\/\/stoic-curie.212-227-153-4.plesk.page\/hr\/wp-json\/wp\/v2\/product_tag?post=745081"}],"curies":[{"name":"wp","href":"https:\/\/api.w.org\/{rel}","templated":true}]}}