{"id":745082,"date":"2025-03-03T20:07:31","date_gmt":"2025-03-03T19:07:31","guid":{"rendered":"https:\/\/stoic-curie.212-227-153-4.plesk.page\/producto\/raymarine-i60-vjetar\/"},"modified":"2026-02-25T00:01:19","modified_gmt":"2026-02-25T00:01:19","slug":"raymarine-i60-vjetar","status":"publish","type":"product","link":"https:\/\/stoic-curie.212-227-153-4.plesk.page\/hr\/product\/raymarine-i60-vjetar\/","title":{"rendered":"Raymarine I60 vjetar"},"content":{"rendered":"<p>Raymarine I60 vjetar &#8211; <\/p>\n<p>Kompaktni i funkcionalni Raymarine i60 Close Hauled instrument za vjetar s LCD zaslonom, s SeaTalk i NMEA2000 su\u010deljem, nudi punu integraciju s Raymarine navigacijskom opremom. Prikazuje poja\u010danje kuta vjetra od 20\u00b0 do 60\u00b0, savr\u0161eni instrument za utrke gdje jedan stupanj mo\u017ee napraviti razliku. S ugra\u0111enim su\u010deljem za pretvara\u010d.<\/p>\n","protected":false},"excerpt":{"rendered":"<p>Raymarine I60 vjetar &#8211; Kompaktni i funkcionalni Raymarine i60 Close Hauled instrument za vjetar s LCD zaslonom, s SeaTalk i<\/p>\n","protected":false},"featured_media":5947971,"comment_status":"open","ping_status":"closed","template":"","meta":[],"product_brand":[3301],"product_cat":[1744],"product_tag":[],"class_list":{"0":"post-745082","1":"product","2":"type-product","3":"status-publish","4":"has-post-thumbnail","6":"product_brand-raymarine-hr","7":"product_cat-brodska-elektronika","9":"first","10":"outofstock","11":"shipping-taxable","12":"purchasable","13":"product-type-simple"},"_links":{"self":[{"href":"https:\/\/stoic-curie.212-227-153-4.plesk.page\/hr\/wp-json\/wp\/v2\/product\/745082","targetHints":{"allow":["GET"]}}],"collection":[{"href":"https:\/\/stoic-curie.212-227-153-4.plesk.page\/hr\/wp-json\/wp\/v2\/product"}],"about":[{"href":"https:\/\/stoic-curie.212-227-153-4.plesk.page\/hr\/wp-json\/wp\/v2\/types\/product"}],"replies":[{"embeddable":true,"href":"https:\/\/stoic-curie.212-227-153-4.plesk.page\/hr\/wp-json\/wp\/v2\/comments?post=745082"}],"version-history":[{"count":0,"href":"https:\/\/stoic-curie.212-227-153-4.plesk.page\/hr\/wp-json\/wp\/v2\/product\/745082\/revisions"}],"wp:featuredmedia":[{"embeddable":true,"href":"https:\/\/stoic-curie.212-227-153-4.plesk.page\/hr\/wp-json\/wp\/v2\/media\/5947971"}],"wp:attachment":[{"href":"https:\/\/stoic-curie.212-227-153-4.plesk.page\/hr\/wp-json\/wp\/v2\/media?parent=745082"}],"wp:term":[{"taxonomy":"product_brand","embeddable":true,"href":"https:\/\/stoic-curie.212-227-153-4.plesk.page\/hr\/wp-json\/wp\/v2\/product_brand?post=745082"},{"taxonomy":"product_cat","embeddable":true,"href":"https:\/\/stoic-curie.212-227-153-4.plesk.page\/hr\/wp-json\/wp\/v2\/product_cat?post=745082"},{"taxonomy":"product_tag","embeddable":true,"href":"https:\/\/stoic-curie.212-227-153-4.plesk.page\/hr\/wp-json\/wp\/v2\/product_tag?post=745082"}],"curies":[{"name":"wp","href":"https:\/\/api.w.org\/{rel}","templated":true}]}}