{"id":745083,"date":"2025-03-03T20:07:31","date_gmt":"2025-03-03T19:07:31","guid":{"rendered":"https:\/\/stoic-curie.212-227-153-4.plesk.page\/producto\/raymarine-i70s\/"},"modified":"2026-02-25T00:01:19","modified_gmt":"2026-02-25T00:01:19","slug":"raymarine-i70s","status":"publish","type":"product","link":"https:\/\/stoic-curie.212-227-153-4.plesk.page\/hr\/product\/raymarine-i70s\/","title":{"rendered":"Display Raymarine I70S"},"content":{"rendered":"<p>Display Raymarine I70S &#8211; <\/p>\n<p><strong>Raymarine i70s Multifunkcionalni Instrument Prikaz<\/strong><\/p>\n<p>Raymarine i70s je sofisticirani multifunkcionalni instrument prikaz s 4.1-in\u010dnim LCD-om visoke razlu\u010divosti. Ovaj prikaz mo\u017ee se prilagoditi za prikaz \u0161irokog spektra podataka sa NMEA 2000 sabirnice. Njegovo elegantno crno stakleno lice dizajnirano je da se besprijekorno uklopi sa TZTouch i NavPilot 711 prikazima. Dimenzije jedinice su 4,5 in\u010da \u0161irine, 4,5 in\u010da visine i 1,3 in\u010da debljine, s te\u017einom od 0,5 funti. Razlu\u010divost prikaza iznosi 320 x 240 piksela, osiguravaju\u0107i jasno\u0107u i detalje.<\/p>\n<p>i70s se ponosi \u0161irokim uglom gledanja i \u017eivopisnim bojama koje ostaju vidljive u raznim vremenskim uvjetima. Njegov korisni\u010dki su\u010delje ima uzdignute gumbe koji omogu\u0107uju precizno rukovanje. Mo\u017eete prilagoditi prikaz da prikazuje vi\u0161e izvora podataka prilago\u0111enih specifi\u010dnim potrebama va\u0161eg broda, uklju\u010duju\u0107i i analogne i grafi\u010dke podatke. Osim toga, funkcionira kao AIS repetitor, pobolj\u0161avaju\u0107i va\u0161e navigacijske mogu\u0107nosti. Ure\u0111aj podr\u017eava SeaTalk i NMEA2000 povezivost, osiguravaju\u0107i sveobuhvatnu integraciju s drugim ure\u0111ajima na brodu.<\/p>\n<p><strong>Klju\u010dne Zna\u010dajke:<\/strong><\/p>\n<ul>\n<li><strong>4.1-in\u010dni Preveliki LCD:<\/strong> Super svijetli prikaz maksimizira vidljivost, \u010dine\u0107i ga lakim za \u010ditanje u svim uvjetima.<\/li>\n<li><strong>Tehnologija Prikaza za Sve Uvjete:<\/strong> Opti\u010dki vezana tehnologija pru\u017ea svjetlije boje, o\u0161triji kontrast i \u0161irok kut gledanja.<\/li>\n<li><strong>Industrijski Dizajn:<\/strong> Novi dizajn staklenog mosta savr\u0161eno nadopunjuje multifunkcionalne prikaze Raymarine eS i gS serije.<\/li>\n<li><strong>Korisni\u010dko Su\u010delje:< \/strong> Oblikovana gumenja tipkovnica omogu\u0107ava precizno rukovanje, \u010dak i u izazovnim uvjetima.<\/li>\n<li><strong>Prilagodljivi Prikazi Podataka:<\/strong> Jednostavno pregledajte dubinu, brzinu, vjetar i druge klju\u010dne informacije.<\/li>\n<li><strong>Besprijekorna Povezivost:<\/strong> SeaTalk umre\u017eavanje omogu\u0107ava glatku integraciju s Raymarine sustavima i NMEA2000 mre\u017eama.<\/li>\n<li><strong>AIS Repetitor Mod:<\/strong> Vizualno pratite obli\u017enje AIS ciljeve, prikazujte 25 najbli\u017eih plovila i odaberite pojedina\u010dne ciljeve za detaljne informacije.<\/li>\n<li><strong>Kompatibilnost s Transduktorima:<\/strong> Pove\u017eite i70s s ITC-5 konverterom za instrumentne transduktore za povezivanje s analognim senzorima dubine, brzine i vjetra, ili umre\u017eite s Airmar DST800 transduktorima i novim P70s pametnim transduktorom u trupu.<\/li>\n<li><strong>Uklju\u010deni Dodaci:<\/strong> Prikaz dolazi s crnim (u stilu eS serije) i metalik obru\u010dima, zajedno s za\u0161titnom plasti\u010dnom kapicom za sunce.<\/li>\n<\/ul>\n<p><strong>Intuitivno LightHouse Korisni\u010dko Su\u010delje<\/strong><\/p>\n<p>Raymarine i70s sadr\u017ei LightHouse su\u010delje instrumenta, koje stavlja \u010desto kori\u0161tene navigacijske funkcije na dohvat ruke. Ovo su\u010delje je dosljedno s drugim Raymarine LightHouse multifunkcionalnim prikazima, osiguravaju\u0107i poznato iskustvo.<\/p>\n<p><strong>Mogu\u0107nosti Umre\u017eavanja<\/strong><\/p>\n<p>i70s omogu\u0107ava povezivanje s razli\u010ditim mre\u017eama na brodu, uklju\u010duju\u0107i prvu generaciju SeaTalk mre\u017ea putem adapter kabela SeaTalk do SeaTalkng i trenutne SeaTalkng mre\u017ee koriste\u0107i SeaTalkng do DeviceNet adapter. Ure\u0111aj podr\u017eava i korisni\u010dki odabrane izvore podataka za integraciju s multisenzorskim mre\u017eama.<\/p>\n<p><strong>AIS Repetitor Funkcionalnost<\/strong><\/p>\n<p>i70s mo\u017ee prikazivati AIS ciljeve iz NMEA 2000 AIS prijemnika, omogu\u0107uju\u0107i vam da vidite 25 najbli\u017eih plovila opremljenih AIS-om i odabrati pojedina\u010dne ciljeve za daljnje informacije.<\/p>\n<p><strong>Povezivost s Transduktorima<\/strong><\/p>\n<p>Mo\u017eete povezati i70s s inovativnim iTC-5 instrumentnim transduktorom za besprijekornu integraciju s analognim senzorima dubine, brzine, kompasa i kormila. Alternativno, mo\u017ee se povezati s Airmar DST800 i P79s pametnim transduktorima.<\/p>\n<p><strong>Mogu\u0107nosti Prilago\u0111avanja<\/strong><\/p>\n<p>Raymarine i70s se lako mo\u017ee prilagoditi va\u0161im specifi\u010dnim potrebama na brodu. Bilo da preferirate tradicionalne analogn\u0435 broja\u010de ili vam je potrebna informacija o motoru i razini goriva, i70s mo\u017ee zadovoljiti va\u0161e \u017eelje.<\/p>\n<p><strong>Specifikacije:<\/strong><\/p>\n<ul>\n<li><strong>Nomin voltage:<\/strong> 12 V DC<\/li>\n<li><strong>Raspon napona:<\/strong> 9 do 16 V DC<\/li>\n<li><strong>Potro\u0161nja energije:<\/strong> 1,7 Watta<\/li>\n<li><strong>Metoda monta\u017ee:<\/strong> Monta\u017ea na povr\u0161ini<\/li>\n<li><strong>Svjetlina LCD-a:<\/strong> 1,200 cd\/m\u00b2<\/li>\n<li><strong>Display:<\/strong> 4,1&#8243; TFT LCD, 16-bitna boja (64K boja), 320 x 240 piksela<\/li>\n<li><strong>Palete boja:<\/strong> \u010cetiri opcije &#8211; dvije za dan, obrnuta i crvena\/crna<\/li>\n<li><strong>Temperatura rada:<\/strong> -20\u00b0 do 55\u00b0C (-4\u00b0F do 131\u00b0F)<\/li>\n<li><strong>Temperatura pohrane:<\/strong> -30\u00b0 do 70\u00b0C (-22\u00b0F do 158\u00b0F)<\/li>\n<li><strong>Relativna vla\u017enost i vodootpornost:<\/strong> 93% max, IPX6\/IPX7<\/li>\n<li><strong>Povezivanja:<\/strong> 1 x SeaTalkng\u00ae konektor<\/li>\n<li><strong>Usugla\u0161enost:<\/strong> NMEA 2000 certifikacija na \u010dekanju; sukladno s Europom 2004\/108\/EG; Australija i Novi Zeland C-Tick, razina sukladnosti 2<\/li>\n<li><strong>Jezici:<\/strong> Obse\u017ena podr\u0161ka za 20 jezika<\/li>\n<\/ul>\n<p>Raymarine i70s multifunkcionalni instrument prikaz je bitan alat za svakog vlasnika broda koji tra\u017ei pouzdane i sveobuhvatne navigacijske podatke. Sa svojim naprednim zna\u010dajkama i opcijama prilagodbe, osigurava da imate informacije koje su vam potrebne nadohvat ruke, pobolj\u0161avaju\u0107i va\u0161e iskustvo na vodi.<\/p>\n","protected":false},"excerpt":{"rendered":"<p>Display Raymarine I70S &#8211; Raymarine i70s Multifunkcionalni Instrument Prikaz Raymarine i70s je sofisticirani multifunkcionalni instrument prikaz s 4.1-in\u010dnim LCD-om visoke<\/p>\n","protected":false},"featured_media":5947972,"comment_status":"open","ping_status":"closed","template":"","meta":[],"product_brand":[3301],"product_cat":[1744],"product_tag":[],"class_list":{"0":"post-745083","1":"product","2":"type-product","3":"status-publish","4":"has-post-thumbnail","6":"product_brand-raymarine-hr","7":"product_cat-brodska-elektronika","9":"first","10":"instock","11":"shipping-taxable","12":"purchasable","13":"product-type-simple"},"_links":{"self":[{"href":"https:\/\/stoic-curie.212-227-153-4.plesk.page\/hr\/wp-json\/wp\/v2\/product\/745083","targetHints":{"allow":["GET"]}}],"collection":[{"href":"https:\/\/stoic-curie.212-227-153-4.plesk.page\/hr\/wp-json\/wp\/v2\/product"}],"about":[{"href":"https:\/\/stoic-curie.212-227-153-4.plesk.page\/hr\/wp-json\/wp\/v2\/types\/product"}],"replies":[{"embeddable":true,"href":"https:\/\/stoic-curie.212-227-153-4.plesk.page\/hr\/wp-json\/wp\/v2\/comments?post=745083"}],"version-history":[{"count":0,"href":"https:\/\/stoic-curie.212-227-153-4.plesk.page\/hr\/wp-json\/wp\/v2\/product\/745083\/revisions"}],"wp:featuredmedia":[{"embeddable":true,"href":"https:\/\/stoic-curie.212-227-153-4.plesk.page\/hr\/wp-json\/wp\/v2\/media\/5947972"}],"wp:attachment":[{"href":"https:\/\/stoic-curie.212-227-153-4.plesk.page\/hr\/wp-json\/wp\/v2\/media?parent=745083"}],"wp:term":[{"taxonomy":"product_brand","embeddable":true,"href":"https:\/\/stoic-curie.212-227-153-4.plesk.page\/hr\/wp-json\/wp\/v2\/product_brand?post=745083"},{"taxonomy":"product_cat","embeddable":true,"href":"https:\/\/stoic-curie.212-227-153-4.plesk.page\/hr\/wp-json\/wp\/v2\/product_cat?post=745083"},{"taxonomy":"product_tag","embeddable":true,"href":"https:\/\/stoic-curie.212-227-153-4.plesk.page\/hr\/wp-json\/wp\/v2\/product_tag?post=745083"}],"curies":[{"name":"wp","href":"https:\/\/api.w.org\/{rel}","templated":true}]}}