{"id":745085,"date":"2025-03-03T20:07:31","date_gmt":"2025-03-03T19:07:31","guid":{"rendered":"https:\/\/stoic-curie.212-227-153-4.plesk.page\/producto\/raymarine-ap-st1000\/"},"modified":"2026-02-25T00:01:19","modified_gmt":"2026-02-25T00:01:19","slug":"raymarine-ap-st1000","status":"publish","type":"product","link":"https:\/\/stoic-curie.212-227-153-4.plesk.page\/hr\/product\/raymarine-ap-st1000\/","title":{"rendered":"Raymarine ST1000 Plus"},"content":{"rendered":"<p>Raymarine ST1000 Plus &#8211; <\/p>\n<p style=\"color: rgb(34, 34, 34); font-family: Arial, Helvetica, sans-serif; font-size: small;\">Predstavljamo Raymarine ST1000 Plus autopilot, posebno osmi\u0161ljen za \u010damce s maksimalnom te\u017einom od 6,600 lbs (3,000 kg). Ovaj pouzdani autopilot s ru\u010dicom ima ugra\u0111eni ra\u010dunalni i kontrolni ure\u0111aj, izra\u0111en od vrhunskih materijala kako bi zajam\u010dio dugovje\u010dnost tijekom mnogih godina. Dizajniran s naprednom tehnologijom, ST1000 Plus fokusira se na zahtjeve korisnika, pru\u017eaju\u0107i izvanrednu kvalitetu po konkurentnoj cijeni.<\/p>\n<p style=\"color: rgb(34, 34, 34); font-family: Arial, Helvetica, sans-serif; font-size: small;\">Funkcija AutoTack automatski prilago\u0111ava kurs \u010damca, omogu\u0107uju\u0107i vam da imate slobodne ruke za rukovanje konopcima. U isto vrijeme, zna\u010dajka AutoSeastate pametno o\u010duva va\u0161 smjer uz smanjenje potro\u0161nje energije. ST1000 Plus mo\u017ee funkcionirati kao neovisni autopilot ili se povezati s SeaTalk\/NMEA GPS sustavom.<\/p>\n<p style=\"color: rgb(34, 34, 34); font-family: Arial, Helvetica, sans-serif; font-size: small;\"><strong>Klju\u010dne specifikacije:<\/strong><\/p>\n<ul style=\"color: rgb(34, 34, 34); font-family: Arial, Helvetica, sans-serif; font-size: small;\">\n<li><strong>Maksimalna preporu\u010dena te\u017eina:<\/strong>&nbsp;6,600 lbs (3,000 kg)<\/li>\n<li><strong>Napajanje:<\/strong>&nbsp;12V sustavi<\/li>\n<li><strong>Raspon napona:<\/strong>&nbsp;10 &#8211; 16VDC<\/li>\n<li><strong>Potro\u0161nja energije:<\/strong>&nbsp;40 mA<\/li>\n<li><strong>Te\u017eina:<\/strong>&nbsp;1.53 lbs (3.4 kg)<\/li>\n<li><strong>Opcije monta\u017ee:<\/strong>&nbsp;Obrnuta za lijevu ili desnu stranu<\/li>\n<li><strong>Veli\u010dina prikaza:<\/strong>&nbsp;45 mm segmentirani LCD s tri postavke svjetline plus isklju\u010deno<\/li>\n<li><strong>Konekcije:<\/strong>&nbsp;NMEA0183 ulaz\/SeaTalk<\/li>\n<li><strong>Kapacitet potiska:<\/strong>&nbsp;125 lbs (57 kg)<\/li>\n<li><strong>Duljina hoda:<\/strong>&nbsp;236 mm (9.3 in)<\/li>\n<\/ul>\n<p style=\"color: rgb(34, 34, 34); font-family: Arial, Helvetica, sans-serif; font-size: small;\">Uvijek imajte na umu da ukupna te\u017eina va\u0161eg plovila, kada je potpuno opremljeno, mo\u017ee \u010desto prema\u0161iti navedenu te\u017einu za 20%. Za dodatnu udobnost, dostupna je opcionalna S100 be\u017ei\u010dna daljinska kontrola s osnovnom stanicom.<\/p>\n<p style=\"color: rgb(34, 34, 34); font-family: Arial, Helvetica, sans-serif; font-size: small;\">Otkrijte iznimnu in\u017eenjersku i visoko kvalitetne materijale s Raymarine ST1000 Plus autopilotom, dizajniranim za unapre\u0111enje va\u0161ih jedrili\u010darskih avantura.<\/p>\n","protected":false},"excerpt":{"rendered":"<p>Raymarine ST1000 Plus &#8211; Predstavljamo Raymarine ST1000 Plus autopilot, posebno osmi\u0161ljen za \u010damce s maksimalnom te\u017einom od 6,600 lbs (3,000<\/p>\n","protected":false},"featured_media":5947979,"comment_status":"open","ping_status":"closed","template":"","meta":[],"product_brand":[3301],"product_cat":[1744],"product_tag":[],"class_list":{"0":"post-745085","1":"product","2":"type-product","3":"status-publish","4":"has-post-thumbnail","6":"product_brand-raymarine-hr","7":"product_cat-brodska-elektronika","9":"first","10":"outofstock","11":"shipping-taxable","12":"purchasable","13":"product-type-simple"},"_links":{"self":[{"href":"https:\/\/stoic-curie.212-227-153-4.plesk.page\/hr\/wp-json\/wp\/v2\/product\/745085","targetHints":{"allow":["GET"]}}],"collection":[{"href":"https:\/\/stoic-curie.212-227-153-4.plesk.page\/hr\/wp-json\/wp\/v2\/product"}],"about":[{"href":"https:\/\/stoic-curie.212-227-153-4.plesk.page\/hr\/wp-json\/wp\/v2\/types\/product"}],"replies":[{"embeddable":true,"href":"https:\/\/stoic-curie.212-227-153-4.plesk.page\/hr\/wp-json\/wp\/v2\/comments?post=745085"}],"version-history":[{"count":0,"href":"https:\/\/stoic-curie.212-227-153-4.plesk.page\/hr\/wp-json\/wp\/v2\/product\/745085\/revisions"}],"wp:featuredmedia":[{"embeddable":true,"href":"https:\/\/stoic-curie.212-227-153-4.plesk.page\/hr\/wp-json\/wp\/v2\/media\/5947979"}],"wp:attachment":[{"href":"https:\/\/stoic-curie.212-227-153-4.plesk.page\/hr\/wp-json\/wp\/v2\/media?parent=745085"}],"wp:term":[{"taxonomy":"product_brand","embeddable":true,"href":"https:\/\/stoic-curie.212-227-153-4.plesk.page\/hr\/wp-json\/wp\/v2\/product_brand?post=745085"},{"taxonomy":"product_cat","embeddable":true,"href":"https:\/\/stoic-curie.212-227-153-4.plesk.page\/hr\/wp-json\/wp\/v2\/product_cat?post=745085"},{"taxonomy":"product_tag","embeddable":true,"href":"https:\/\/stoic-curie.212-227-153-4.plesk.page\/hr\/wp-json\/wp\/v2\/product_tag?post=745085"}],"curies":[{"name":"wp","href":"https:\/\/api.w.org\/{rel}","templated":true}]}}