{"id":745087,"date":"2025-03-03T20:07:32","date_gmt":"2025-03-03T19:07:32","guid":{"rendered":"https:\/\/stoic-curie.212-227-153-4.plesk.page\/producto\/raymarine-ap-st2000\/"},"modified":"2026-02-25T00:01:19","modified_gmt":"2026-02-25T00:01:19","slug":"raymarine-ap-st2000","status":"publish","type":"product","link":"https:\/\/stoic-curie.212-227-153-4.plesk.page\/hr\/product\/raymarine-ap-st2000\/","title":{"rendered":"Raymarine ST2000 Plus"},"content":{"rendered":"<p>Raymarine ST2000 Plus &#8211; <\/p>\n<p>Raymarine ST2000 autopilot pa\u017eljivo je osmi\u0161ljen i in\u017eenjerski dizajniran posebno za jahte koje koriste sustave upravljanja sa krmom. Ovi napredni autopiloti dolaze opremljeni raznim zna\u010dajkama koje pobolj\u0161avaju va\u0161u jedrili\u010darsku avanturu. Jedna od najistaknutijih zna\u010dajki je funkcija AutoTack, koja automatski upravlja \u010damcem tijekom manevara jedrenja. Ovo vam omogu\u0107ava da imate slobodne ruke za upravljanje konopima i drugim bitnim zadacima, osiguravaju\u0107i glatkiju i u\u010dinkovitiju jedrili\u010darsku iskustvo. Osim toga, funkcija AutoSeastate inteligentno je dizajnirana kako bi odr\u017eala va\u0161 kurs dok istovremeno smanjuje potro\u0161nju energije, \u010dine\u0107i to ekolo\u0161ki prihvatljivim izborom za jedrili\u010dare.<\/p>\n<p>Imate fleksibilnost da autopilot koristite kao samostalan ure\u0111aj ili ga pove\u017eete s GPS sustavom SeaTalk\/NMEA za pobolj\u0161ane navigacijske mogu\u0107nosti. Va\u017eno je napomenuti da se ovaj autopilot preporu\u010duje za plovila s maksimalnom te\u017einskom kapacitetom od 4.500 kg (10.000 lbs). Imajte na umu da je potpuno napunjena te\u017eina va\u0161e jahte obi\u010dno oko 20% ve\u0107a od njene namijenjene istisnine, stoga je va\u017eno razmotriti ovo prilikom odabira.<\/p>\n<p>Za dodatnu prakti\u010dnost, Raymarine tako\u0111er nudi opcionalnu S100 be\u017ei\u010dnu daljinsku kontrolu. Ova daljinska kontrola uklju\u010duje prijemnik osnovne stanice, \u0161to vam omogu\u0107ava da upravljate autopilotom s udaljenosti, \u0161to mo\u017ee biti posebno korisno kada se trebate kretati po palubi ili obavljati druge zadatke tijekom jedrenja. Ova kombinacija zna\u010dajki \u010dini Raymarine ST2000 odli\u010dnim izborom za svakog jedrili\u010dara koji \u017eeli pobolj\u0161ati svoje iskustvo plovidbe.<\/p>\n","protected":false},"excerpt":{"rendered":"<p>Raymarine ST2000 Plus &#8211; Raymarine ST2000 autopilot pa\u017eljivo je osmi\u0161ljen i in\u017eenjerski dizajniran posebno za jahte koje koriste sustave upravljanja<\/p>\n","protected":false},"featured_media":5947981,"comment_status":"open","ping_status":"closed","template":"","meta":[],"product_brand":[3301],"product_cat":[1744],"product_tag":[],"class_list":{"0":"post-745087","1":"product","2":"type-product","3":"status-publish","4":"has-post-thumbnail","6":"product_brand-raymarine-hr","7":"product_cat-brodska-elektronika","9":"first","10":"instock","11":"shipping-taxable","12":"purchasable","13":"product-type-simple"},"_links":{"self":[{"href":"https:\/\/stoic-curie.212-227-153-4.plesk.page\/hr\/wp-json\/wp\/v2\/product\/745087","targetHints":{"allow":["GET"]}}],"collection":[{"href":"https:\/\/stoic-curie.212-227-153-4.plesk.page\/hr\/wp-json\/wp\/v2\/product"}],"about":[{"href":"https:\/\/stoic-curie.212-227-153-4.plesk.page\/hr\/wp-json\/wp\/v2\/types\/product"}],"replies":[{"embeddable":true,"href":"https:\/\/stoic-curie.212-227-153-4.plesk.page\/hr\/wp-json\/wp\/v2\/comments?post=745087"}],"version-history":[{"count":0,"href":"https:\/\/stoic-curie.212-227-153-4.plesk.page\/hr\/wp-json\/wp\/v2\/product\/745087\/revisions"}],"wp:featuredmedia":[{"embeddable":true,"href":"https:\/\/stoic-curie.212-227-153-4.plesk.page\/hr\/wp-json\/wp\/v2\/media\/5947981"}],"wp:attachment":[{"href":"https:\/\/stoic-curie.212-227-153-4.plesk.page\/hr\/wp-json\/wp\/v2\/media?parent=745087"}],"wp:term":[{"taxonomy":"product_brand","embeddable":true,"href":"https:\/\/stoic-curie.212-227-153-4.plesk.page\/hr\/wp-json\/wp\/v2\/product_brand?post=745087"},{"taxonomy":"product_cat","embeddable":true,"href":"https:\/\/stoic-curie.212-227-153-4.plesk.page\/hr\/wp-json\/wp\/v2\/product_cat?post=745087"},{"taxonomy":"product_tag","embeddable":true,"href":"https:\/\/stoic-curie.212-227-153-4.plesk.page\/hr\/wp-json\/wp\/v2\/product_tag?post=745087"}],"curies":[{"name":"wp","href":"https:\/\/api.w.org\/{rel}","templated":true}]}}