{"id":745088,"date":"2025-03-03T20:07:32","date_gmt":"2025-03-03T19:07:32","guid":{"rendered":"https:\/\/stoic-curie.212-227-153-4.plesk.page\/producto\/raymarine-ev-100-za-argolu\/"},"modified":"2026-02-25T00:01:19","modified_gmt":"2026-02-25T00:01:19","slug":"raymarine-ev-100-za-argolu","status":"publish","type":"product","link":"https:\/\/stoic-curie.212-227-153-4.plesk.page\/hr\/product\/raymarine-ev-100-za-argolu\/","title":{"rendered":"Raymarine EV-100 za argolu"},"content":{"rendered":"<p>Raymarine EV-100 za argolu &#8211; Raymarine Evolution EV-100 Tiller Autopilot<br \/>\nRaymarine Evolution EV-100 paket je napredni sustav autopilota posebno dizajniran za mala jedrilica s upravlja\u010dem koji ima maksimalnu te\u017einu do 6,000 kg. Ovaj sveobuhvatan paket uklju\u010duje ACU-100 ra\u010dunalnu jedinicu za kurs, p70s upravlja\u010dku jedinicu i akumulator za upravlja\u010d. Sustav je osmi\u0161ljen za otkrivanje okoli\u0161nih parametara i brzo izra\u010dunavanje optimalnih postavki, osiguravaju\u0107i izvrsnu u\u010dinkovitost. Kao rezultat toga, pru\u017ea precizno i pouzdano odr\u017eavanje smjera bez obzira na brzinu \u010damca ili postoje\u0107e morske uvjete. EV-100 eliminira potrebu za slo\u017eenim postupcima u\u010denja i kalibracijom kompasa, s automatskom kalibracijom i sustavom za nadzor s 9 osi koji prati pramac, naginjanje i ljuljanje plovila.<br \/>\nZa dodatnu pogodnost, na raspolaganju je dodatni S100 be\u017ei\u010dni daljinski upravlja\u010d koji uklju\u010duje prijemnik za baznu stanicu i povezuje se s autopilotom putem Seatalk1 do NMEA 2000 pretvara\u010da.<\/p>\n<p>Klju\u010dne karakteristike:<br \/>\n&#8211; Potpuno rje\u0161enje autopilota u jednom paketu<br \/>\n&#8211; Evolution Ai tehnologija za pobolj\u0161anu efikasnost<br \/>\n&#8211; Nema potrebe za kalibracijom<br \/>\n&#8211; Brza i jednostavna instalacija<br \/>\n&#8211; Kompaktni i nesmetani aktuator za upravlja\u010d<br \/>\n&#8211; Pouzdan od strane vrhunskih jedrenjaka \u0161irom svijeta<br \/>\n&#8211; Prikladno za \u010damce s upravljanjem do 6,000 kg (13,200 lbs)<br \/>\n&#8211; Kompatibilno s 12V DC sustavima napajanja<br \/>\n&#8211; Uklju\u010duje p70s kontroler autopilota<\/p>\n<p>Sadr\u017eaj paketa:<br \/>\n&#8211; EV-1 Sensor Core<br \/>\n&#8211; p70s Autopilot Control Head<br \/>\n&#8211; ACU-100 Actuator Control Unit<br \/>\n&#8211; Tiller Drive<br \/>\n&#8211; Tiller Pin (dostupno u paketima od 5)<br \/>\n&#8211; Monta\u017eni priklju\u010dak (dostupno u paketima od 5)<br \/>\n&#8211; Evolution Cabling Kit<br \/>\n&#8211; EV Unit O-Ring Pack (set od 2)<br \/>\n&#8211; Dr\u017ea\u010d za zidnu monta\u017eu<\/p>\n<p>EV Sensor Core<br \/>\nU srcu svakog Evolution sustava nalazi se inteligentni EV sensor core, senzor s 9 osi koji prati kretanje plovila u svim trima dimenzijama. Ova inovativna jezgra integrira napredne \u010dvrste senzore s procesorom autopilota Evolution u jednu, jednostavno instaliranu jedinicu.<br \/>\nEV senzor sredi\u0161te mo\u017ee se montirati iznad ili ispod palube, a dolazi s \u010dvrstim, potpuno zape\u010da\u0107enim ku\u0107i\u0161tem koje ispunjava IPX6 i IPX7 standarde vodootpornosti i uranjanja.<br \/>\nDizajnirano za kori\u0161tenje s mehani\u010dkim i hidrauli\u010dnim autopilot sustavima Evolution, EV-1 koristi SeaTalkng mre\u017enu tehnologiju, omogu\u0107avaju\u0107i jedinu kabelsku vezu za napajanje i podatke do Evolution ACU (Jedinica za kontrolu aktuatora) i pro\u0161irenih SeaTalkng i NMEA 2000 mre\u017ea.<\/p>\n<p>Klju\u010dne karakteristike:<br \/>\n&#8211; Precizno pra\u0107enje smjera, nagiba, ljuljanja i yaw, omogu\u0107uju\u0107i autopilotu trenutnu prilagodbu na promjene uvjeta na moru i dinamike plovila<br \/>\n&#8211; Fleksibilne mogu\u0107nosti instalacije, pogodne za montiranje iznad ili ispod palube<br \/>\n&#8211; Jednostavna SeaTalkng povezanost s upravlja\u010dkom jedinicom i ACU<br \/>\n&#8211; Tehnologija senzora od \u010dvrstih tvari pru\u017ea dinami\u010dku to\u010dnost unutar 2 stupnja pod svim uvjetima<br \/>\n&#8211; Brzi i pouzdani podaci za MARPA, radar overlay i smjerne na\u010dine na multifunkcionalnim zaslonima Raymarine.<\/p>\n<p>p70 Autopilot Control Head<br \/>\np70 je jednostavan za kori\u0161tenje upravlja\u010d gumbom, posebno dizajniran za jedrilice.<\/p>\n<p>Klju\u010dne karakteristike:<br \/>\n&#8211; LightHouse korisni\u010dko su\u010delje je intuitivno i brzo za navigaciju<br \/>\n&#8211; \u0160iroki kutovi gledanja od 160\u00b0 za pobolj\u0161anu vidljivost<br \/>\n&#8211; \u010carobnjak za pokretanje pojednostavljuje konfiguraciju pilota<br \/>\n&#8211; Antireflektivna prevlaka pobolj\u0161ava vidljivost na jakom suncu<br \/>\n&#8211; Niska potro\u0161nja energije\u2014tipi\u010dno 132mA\/1.6W, \u0161to je 27% manje od ST70 pri \u010detiri puta mjerene svjetlosti<br \/>\n&#8211; Podr\u017eava razne na\u010dine autopilota: Automatski, Stanje \u010dekanja, Uzorak, Trag, Vjetrova, Napajanje i Jog Steer<br \/>\n&#8211; Jednostavno sustavno i grupno smanjenje svjetla\/rasvjetljenja<br \/>\n&#8211; Kompatibilnost s vi\u0161e izvora podataka<br \/>\n&#8211; SeaTalkng\/NMEA 2000 i SeaTalk1 povezivost (bez potrebe za mostovima)<\/p>\n<p>ACU-100 Autopilot Control Unit (ACU)<br \/>\nRobusta ACU (Jedinica za kontrolu aktuatora) pru\u017ea pouzdanu snagu za autopilot i napaja SeaTalkng autobus. Odaberite ACU koji najbolje odgovara va\u0161em tipu sustava upravljanja.<\/p>\n<p>Evolution Cabling Kit uklju\u010duje:<br \/>\n&#8211; 1 x SeaTalkng napajanje Kabel (0.4m)<br \/>\n&#8211; 1 x SeaTalkng glavna kabel (5m)<br \/>\n&#8211; 1 x SeaTalkng izmjeni\u010dni kabel (0.4m)<br \/>\n&#8211; 1 x SeaTalkng 5-slojni konektor blok<br \/>\n&#8211; 2 x T-komad konektor SeaTalkng<br \/>\n&#8211; 2 x SeaTalkng terminatori<\/p>\n<p>Ovaj sveobuhvatan pregled Raymarine Evolution EV-100 Tiller Autopilot isti\u010de njegove napredne mogu\u0107nosti i sposobnosti, osiguravaju\u0107i da vlasnici brodova mogu donijeti informirane odluke kada tra\u017ee pouzdanu i visokokvalitetnu opremu za svoje plovila.<\/p>\n","protected":false},"excerpt":{"rendered":"<p>Raymarine EV-100 za argolu &#8211; Raymarine Evolution EV-100 Tiller Autopilot Raymarine Evolution EV-100 paket je napredni sustav autopilota posebno dizajniran<\/p>\n","protected":false},"featured_media":5947983,"comment_status":"open","ping_status":"closed","template":"","meta":[],"product_brand":[3301],"product_cat":[1744],"product_tag":[],"class_list":{"0":"post-745088","1":"product","2":"type-product","3":"status-publish","4":"has-post-thumbnail","6":"product_brand-raymarine-hr","7":"product_cat-brodska-elektronika","9":"first","10":"instock","11":"shipping-taxable","12":"purchasable","13":"product-type-simple"},"_links":{"self":[{"href":"https:\/\/stoic-curie.212-227-153-4.plesk.page\/hr\/wp-json\/wp\/v2\/product\/745088","targetHints":{"allow":["GET"]}}],"collection":[{"href":"https:\/\/stoic-curie.212-227-153-4.plesk.page\/hr\/wp-json\/wp\/v2\/product"}],"about":[{"href":"https:\/\/stoic-curie.212-227-153-4.plesk.page\/hr\/wp-json\/wp\/v2\/types\/product"}],"replies":[{"embeddable":true,"href":"https:\/\/stoic-curie.212-227-153-4.plesk.page\/hr\/wp-json\/wp\/v2\/comments?post=745088"}],"version-history":[{"count":0,"href":"https:\/\/stoic-curie.212-227-153-4.plesk.page\/hr\/wp-json\/wp\/v2\/product\/745088\/revisions"}],"wp:featuredmedia":[{"embeddable":true,"href":"https:\/\/stoic-curie.212-227-153-4.plesk.page\/hr\/wp-json\/wp\/v2\/media\/5947983"}],"wp:attachment":[{"href":"https:\/\/stoic-curie.212-227-153-4.plesk.page\/hr\/wp-json\/wp\/v2\/media?parent=745088"}],"wp:term":[{"taxonomy":"product_brand","embeddable":true,"href":"https:\/\/stoic-curie.212-227-153-4.plesk.page\/hr\/wp-json\/wp\/v2\/product_brand?post=745088"},{"taxonomy":"product_cat","embeddable":true,"href":"https:\/\/stoic-curie.212-227-153-4.plesk.page\/hr\/wp-json\/wp\/v2\/product_cat?post=745088"},{"taxonomy":"product_tag","embeddable":true,"href":"https:\/\/stoic-curie.212-227-153-4.plesk.page\/hr\/wp-json\/wp\/v2\/product_tag?post=745088"}],"curies":[{"name":"wp","href":"https:\/\/api.w.org\/{rel}","templated":true}]}}