{"id":745089,"date":"2025-03-03T20:07:32","date_gmt":"2025-03-03T19:07:32","guid":{"rendered":"https:\/\/stoic-curie.212-227-153-4.plesk.page\/producto\/raymarine-ev-100-za-kormilo\/"},"modified":"2026-02-25T00:01:19","modified_gmt":"2026-02-25T00:01:19","slug":"raymarine-ev-100-za-kormilo","status":"publish","type":"product","link":"https:\/\/stoic-curie.212-227-153-4.plesk.page\/hr\/product\/raymarine-ev-100-za-kormilo\/","title":{"rendered":"Raymarine EV-100 za kormilo"},"content":{"rendered":"<p>Raymarine EV-100 za kormilo &#8211; <\/p>\n<p style=\"color: rgb(34, 34, 34); font-family: Arial, Helvetica, sans-serif; font-size: small;\">Raymarine Evolution EV-100 paket je napredni sustav autopilota za kormila, posebno dizajniran za mala jedrilica s maksimalnom te\u017einom od 7.500 kg. Ovaj sveobuhvatan paket uklju\u010duje ACU-100 ra\u010dunalni sustav, p70s upravlja\u010dku jedinicu i aktuator za kormilo. Sustav mo\u017ee otkriti okoli\u0161ne parametre i brzo izra\u010dunati optimalne postavke kako bi osigurao vrhunske performanse. Kao rezultat toga, pru\u017ea precizno i pouzdano odr\u017eavanje kursa, neovisno o brzini broda ili vladavini. Proces instalacije je jednostavan, eliminiraju\u0107i potrebu za slo\u017eenim postupcima u\u010denja ili kalibracijom kompasa, zahvaljuju\u0107i automatskoj kalibraciji i 9-osnom nadzoru pramca, naginjanja i naginjanja.<\/p>\n<p style=\"color: rgb(34, 34, 34); font-family: Arial, Helvetica, sans-serif; font-size: small;\">Za dodatnu udobnost, opcijska S100 be\u017ei\u010dna daljinska kontrola dolazi s prijemnikom osnovne stanice i povezuje se s autopilotom putem Seatalk1 do NG konvertera.<\/p>\n<p style=\"color: rgb(34, 34, 34); font-family: Arial, Helvetica, sans-serif; font-size: small;\"><strong>Autopilot za jedrilice s kormilom<\/strong><\/p>\n<p style=\"color: rgb(34, 34, 34); font-family: Arial, Helvetica, sans-serif; font-size: small;\">EV-100 Wheel Pilot nudi potpuno rje\u0161enje autopilota prilago\u0111eno za jedrilice s kormilom. Dizajniran je za jednostavnu instalaciju od strane korisnika, s vanjskim motorom smje\u0161tenim u kokpitu i izravno spojeno na \u017ebice upravlja\u010dkog kota\u010da. EV-100 Wheel Pilot osigurava preciznu kontrolu autopilota putem inteligentnog sredi\u0161ta senzora EV-1 i kontrolne jedinice aktuatora ACU-100. Kupci mogu birati izme\u0111u sustava koji uklju\u010duju p70s upravlja\u010dku glavu autopilota ili se odlu\u010diti za sustav bez upravlja\u010dke glave, koriste\u0107i Raymarine Axiom karte za cjelovito upravljanje autopilotom.<\/p>\n<p style=\"color: rgb(34, 34, 34); font-family: Arial, Helvetica, sans-serif; font-size: small;\"><strong>Klju\u010dne zna\u010dajke EV-100 Wheel Pilota<\/strong><\/p>\n<ul style=\"color: rgb(34, 34, 34); font-family: Arial, Helvetica, sans-serif; font-size: small;\">\n<li>Pogodno za jedrilice s kormilom s te\u017einom do 7.500 kg (16.500 lbs).<\/li>\n<\/ul>\n<p style=\"color: rgb(34, 34, 34); font-family: Arial, Helvetica, sans-serif; font-size: small;\"><strong>Tehni\u010dka napomena:<\/strong>\u00a0Uvijek razmotrite ukupnu te\u017einu plovila, koja je \u010desto 20% iznad projektne te\u017eine.<\/p>\n<ul style=\"color: rgb(34, 34, 34); font-family: Arial, Helvetica, sans-serif; font-size: small;\">\n<li>Dizajniran za instalacije u kokpitu.<\/li>\n<li>Kompatibilan sa SeaTalkNG\/NMEA2000 za besprijekornu umre\u017eenost s instrumentima za jedrenje i kartama.<\/li>\n<li>Ne zahtijeva kompliciranu postavku niti kalibraciju autopilota.<\/li>\n<li>Uklju\u010duje EV-1 senzorsko sredi\u0161te, pametni 9-osni senzor koji koristi tehnologiju zrakoplovstva za prilagodbu promjenjivim uvjetima mora i dinamici plovila.<\/li>\n<\/ul>\n","protected":false},"excerpt":{"rendered":"<p>Raymarine EV-100 za kormilo &#8211; Raymarine Evolution EV-100 paket je napredni sustav autopilota za kormila, posebno dizajniran za mala jedrilica<\/p>\n","protected":false},"featured_media":5947984,"comment_status":"open","ping_status":"closed","template":"","meta":[],"product_brand":[3301],"product_cat":[1744],"product_tag":[],"class_list":{"0":"post-745089","1":"product","2":"type-product","3":"status-publish","4":"has-post-thumbnail","6":"product_brand-raymarine-hr","7":"product_cat-brodska-elektronika","9":"first","10":"instock","11":"shipping-taxable","12":"purchasable","13":"product-type-simple"},"_links":{"self":[{"href":"https:\/\/stoic-curie.212-227-153-4.plesk.page\/hr\/wp-json\/wp\/v2\/product\/745089","targetHints":{"allow":["GET"]}}],"collection":[{"href":"https:\/\/stoic-curie.212-227-153-4.plesk.page\/hr\/wp-json\/wp\/v2\/product"}],"about":[{"href":"https:\/\/stoic-curie.212-227-153-4.plesk.page\/hr\/wp-json\/wp\/v2\/types\/product"}],"replies":[{"embeddable":true,"href":"https:\/\/stoic-curie.212-227-153-4.plesk.page\/hr\/wp-json\/wp\/v2\/comments?post=745089"}],"version-history":[{"count":0,"href":"https:\/\/stoic-curie.212-227-153-4.plesk.page\/hr\/wp-json\/wp\/v2\/product\/745089\/revisions"}],"wp:featuredmedia":[{"embeddable":true,"href":"https:\/\/stoic-curie.212-227-153-4.plesk.page\/hr\/wp-json\/wp\/v2\/media\/5947984"}],"wp:attachment":[{"href":"https:\/\/stoic-curie.212-227-153-4.plesk.page\/hr\/wp-json\/wp\/v2\/media?parent=745089"}],"wp:term":[{"taxonomy":"product_brand","embeddable":true,"href":"https:\/\/stoic-curie.212-227-153-4.plesk.page\/hr\/wp-json\/wp\/v2\/product_brand?post=745089"},{"taxonomy":"product_cat","embeddable":true,"href":"https:\/\/stoic-curie.212-227-153-4.plesk.page\/hr\/wp-json\/wp\/v2\/product_cat?post=745089"},{"taxonomy":"product_tag","embeddable":true,"href":"https:\/\/stoic-curie.212-227-153-4.plesk.page\/hr\/wp-json\/wp\/v2\/product_tag?post=745089"}],"curies":[{"name":"wp","href":"https:\/\/api.w.org\/{rel}","templated":true}]}}