{"id":745090,"date":"2025-03-03T20:07:33","date_gmt":"2025-03-03T19:07:33","guid":{"rendered":"https:\/\/stoic-curie.212-227-153-4.plesk.page\/producto\/raymarine-ev-100-hidraulicki\/"},"modified":"2026-02-25T00:01:19","modified_gmt":"2026-02-25T00:01:19","slug":"raymarine-ev-100-hidraulicki","status":"publish","type":"product","link":"https:\/\/stoic-curie.212-227-153-4.plesk.page\/hr\/product\/raymarine-ev-100-hidraulicki\/","title":{"rendered":"Raymarine EV-100 hidrauli\u010dki"},"content":{"rendered":"<p>Raymarine EV-100 hidrauli\u010dki &#8211; <\/p>\n<p><strong>Raymarine Evolution EV-100 Pack Hidrauli\u010dni Autopilot za Male Motorne Brodove<\/strong><\/p>\n<p>Raymarine Evolution EV-100 Pack je napredni hidrauli\u010dni autopilot sustav dizajniran posebno za male motorne brodove. Opakiranje uklju\u010duje ACU-100 ra\u010dunar slijeda, p70Rs kontrolnu jedinicu i hidrauli\u010dnu pumpu od 0,5 litara, koja podr\u017eava hidrauli\u010dke sustave upravljanja s kapacitetima od 50cc do 110cc. Sustav je sposoban prepoznati okoli\u0161ne parametre i brzo izra\u010dunati optimalna pode\u0161avanja kako bi osigurao maksimalne performanse. Kao rezultat toga, pru\u017ea precizno i pouzdano odr\u017eavanje kursa, bez obzira na brzinu broda ili trenutne uvjete na moru. Proces instalacije je jednostavan, uklanjaju\u0107i potrebu za kompliciranim postupcima u\u010denja ili kalibracijom kompasa. Umjesto toga, ima automatsku kalibraciju i precizno 9-osno pra\u0107enje smjera, nagiba i pitchanja plovila. Uz to, dostupna je opcionalna be\u017ei\u010dna daljinska kontrola S100, koja uklju\u010duje prijemnik osnovne stanice i zahtijeva spajanje s autopilotom putem konvertera Seatalk1 na NMEA 2000.<\/p>\n<p><strong>Autopilot Sustav za Hidrauli\u010dne Vanjske Motore (P70Rs + ACU-100 + Hidrauli\u010dna Pumpa + EV ECU)<\/strong><\/p>\n<p>EV-100 Power Pilot predstavlja sveobuhvatno rje\u0161enje autopilota prilago\u0111eno manjim motorima opremljenim hidrauli\u010dnim upravljanjem. Ovaj sustav je posebno u\u010dinkovit za brodove s jednim vanjskim motorom, pru\u017eaju\u0107i preciznu kontrolu autopilota putem naprednog EV-1 senzorskog jezgra i ACU-100 kontrolne jedinice. Paket uklju\u010duje hidrauli\u010dnu autopilot pumpu od 0,5 litara, koja je kompatibilna s vanjskim hidrauli\u010dnim cilindrima upravlja\u010da s kapacitetima od 50cc do 110cc (3,1 in\u00b3 do 6,7 in\u00b3). Kupci mogu odabrati sustav EV-100 Power Pilot s P70Rs autopilot kontrolnom glavom ili odabrati sustav bez upravlja\u010dke glave, koriste\u0107i Raymarine Axiom ure\u0111aj za punu funkcionalnost autopilota.<\/p>\n<p><strong>Klju\u010dne Zna\u010dajke EV-100 Power Pilot<\/strong><\/p>\n<ul>\n<li>P pojednostavljeni postupak instalacije bez potrebe za slo\u017eenim postavkama ili kalibracijom autopilota.<\/li>\n<li>Korporira EV-1 senzorsko jezgro, pametan 9-osni mjera\u010d smjera koji koristi zrakoplovnu navigacijsku tehnologiju kako bi se prilagodio razli\u010ditim uvjetima mora i dinami\u010dnosti plovila.<\/li>\n<li>Kori\u0161tenje ekskluzivne Raymarine Hydro-Balance\u2122 tehnologije koja kompenzira elasti\u010dnost u hidrauli\u010dkim sustavima upravljanja, automatski sprje\u010davaju\u0107i oscilacije. To osigurava precizno odr\u017eavanje kursa bez lova na jedinicu upravljanja.<\/li>\n<li>EV-100 autopilot nudi izuzetnu to\u010dnost upravljanja, \u0161to rezultira u\u0161tedom goriva i br\u017eim dolaskom na odredi\u0161te.<\/li>\n<\/ul>\n","protected":false},"excerpt":{"rendered":"<p>Raymarine EV-100 hidrauli\u010dki &#8211; Raymarine Evolution EV-100 Pack Hidrauli\u010dni Autopilot za Male Motorne Brodove Raymarine Evolution EV-100 Pack je napredni<\/p>\n","protected":false},"featured_media":5947985,"comment_status":"open","ping_status":"closed","template":"","meta":[],"product_brand":[3301],"product_cat":[1744],"product_tag":[],"class_list":{"0":"post-745090","1":"product","2":"type-product","3":"status-publish","4":"has-post-thumbnail","6":"product_brand-raymarine-hr","7":"product_cat-brodska-elektronika","9":"first","10":"outofstock","11":"shipping-taxable","12":"purchasable","13":"product-type-simple"},"_links":{"self":[{"href":"https:\/\/stoic-curie.212-227-153-4.plesk.page\/hr\/wp-json\/wp\/v2\/product\/745090","targetHints":{"allow":["GET"]}}],"collection":[{"href":"https:\/\/stoic-curie.212-227-153-4.plesk.page\/hr\/wp-json\/wp\/v2\/product"}],"about":[{"href":"https:\/\/stoic-curie.212-227-153-4.plesk.page\/hr\/wp-json\/wp\/v2\/types\/product"}],"replies":[{"embeddable":true,"href":"https:\/\/stoic-curie.212-227-153-4.plesk.page\/hr\/wp-json\/wp\/v2\/comments?post=745090"}],"version-history":[{"count":0,"href":"https:\/\/stoic-curie.212-227-153-4.plesk.page\/hr\/wp-json\/wp\/v2\/product\/745090\/revisions"}],"wp:featuredmedia":[{"embeddable":true,"href":"https:\/\/stoic-curie.212-227-153-4.plesk.page\/hr\/wp-json\/wp\/v2\/media\/5947985"}],"wp:attachment":[{"href":"https:\/\/stoic-curie.212-227-153-4.plesk.page\/hr\/wp-json\/wp\/v2\/media?parent=745090"}],"wp:term":[{"taxonomy":"product_brand","embeddable":true,"href":"https:\/\/stoic-curie.212-227-153-4.plesk.page\/hr\/wp-json\/wp\/v2\/product_brand?post=745090"},{"taxonomy":"product_cat","embeddable":true,"href":"https:\/\/stoic-curie.212-227-153-4.plesk.page\/hr\/wp-json\/wp\/v2\/product_cat?post=745090"},{"taxonomy":"product_tag","embeddable":true,"href":"https:\/\/stoic-curie.212-227-153-4.plesk.page\/hr\/wp-json\/wp\/v2\/product_tag?post=745090"}],"curies":[{"name":"wp","href":"https:\/\/api.w.org\/{rel}","templated":true}]}}