{"id":745091,"date":"2025-03-03T20:07:33","date_gmt":"2025-03-03T19:07:33","guid":{"rendered":"https:\/\/stoic-curie.212-227-153-4.plesk.page\/producto\/raymarine-ev-150-hidraulicki\/"},"modified":"2026-02-25T00:01:19","modified_gmt":"2026-02-25T00:01:19","slug":"raymarine-ev-150-hidraulicki","status":"publish","type":"product","link":"https:\/\/stoic-curie.212-227-153-4.plesk.page\/hr\/product\/raymarine-ev-150-hidraulicki\/","title":{"rendered":"Raymarine EV-150 hidrauli\u010dki"},"content":{"rendered":"<p>Raymarine EV-150 hidrauli\u010dki &#8211; <\/p>\n<p><strong>Raymarine Evolution EV-150 Hidrauli\u010dni Autopilot Sustav Paket<\/strong><\/p>\n<p>Raymarine Evolution EV-150 Paket je hidrauli\u010dni autopilot sustav dizajniran posebno za mala motorna plovila. Ovaj sveobuhvatan sustav uklju\u010duje ACU-150 ra\u010dunalni sustav za vo\u0111enje, p70Rs kontrolnu jedinicu te hidrauli\u010dnu pumpu tip 1 koja podr\u017eava kapacitet od 80 do 230 cc. Dizajniran je za prepoznavanje okoli\u0161nih parametara i brzo izra\u010dunavanje optimalnih postavki, osiguravaju\u0107i vrhunske performanse. Kao rezultat, pru\u017ea precizno i pouzdano odr\u017eavanje kursa, bez obzira na brzinu \u010damca ili trenutne morski uvjete. Sustav eliminira potrebu za slo\u017eenim postupcima u\u010denja i kalibraciji kompasa, s automatskom kalibracijom i sustavom nadzora s 9 osi koji to\u010dno prati pramac, nagib i ljuljanje plovila.<\/p>\n<p>Za dodatnu pogodnost dostupna je opcionalna S100 be\u017ei\u010dna daljinska upravlja\u010dka jedinica koja uklju\u010duje prijemnik bazne stanice i zahtijeva povezivanje s autopilotom putem konvertera Seatalk1 na NMEA 2000. Paket hidrauli\u010dnog autopilot sustava Evolution EV-150 dolazi kao potpuna oprema, spremna za ugradnju na mnoge popularne ribarske i turisti\u010dke motorne \u010damce opremljene hidrauli\u010dkim upravlja\u010dem. Paket se sastoji od p70Rs kontrolera autopilota, EV1 senzora, ACU150 kontrolne jedinice aktuatora, hidrauli\u010dne pumpe tip 1 i kompleta za povezivanje za autopilot Evolution.<\/p>\n<p>Dizajnirani za jednostavnost kori\u0161tenja, Raymarineovi vi\u0161estruko nagra\u0111ivani autopiloti Evolution pojednostavljuju postavljanje i kalibraciju. Inteligentno 9-osno EV sredi\u0161te senzora omogu\u0107uje autopilotu da se automatski prilagodi osobinama upravlja\u010dkog sustava va\u0161eg plovila bez potrebe za intervencijom korisnika. To rezultira preciznim i sigurnim odr\u017eavanjem kursa, bez obzira na brzinu plovila ili uvjete na moru.<\/p>\n<p>Sustav Evolution EV-150 tako\u0111er uklju\u010duje patentiranu Hydro-Balance\u2122 tehnologiju Raymarine, koja pobolj\u0161ava performanse autopilota za plovila s hidrauli\u010dkim upravljanjem, posebno ona s vanbrodskim motorima i sustavima bez\u010dke reference. Hydro-Balance automatski prepravlja elasti\u010dnost hidrauli\u010dkog sustava, asimetriju upravljanja i moment upravljanja, osiguravaju\u0107i da va\u0161 \u010damac ostane na pravome putu tijekom ribolova, krstarenja i velikih brzina.<\/p>\n<p>Ribolovci \u0107e cijeniti ugra\u0111ene uzorke ribolova autopilota Evolution, omogu\u0107uju\u0107i sustavu da upravlja \u010damcem dok pripremate mamac, stavljate \u0161pagu i pode\u0161avate raspored.<\/p>\n<p>Pored toga, sustav sadr\u017ei najnovije Evolution TrackIQ\u2122 algoritme Raymarine, koji omogu\u0107uju preciznije pra\u0107enje kursa i br\u017eu akviziciju kursa. Koristi podatke o nagibu, ljuljanju, klizanju i oscilacijama kako bi stabilizirao GPS navigacijske informacije, kao \u0161to su kurs po zemlji, brzina po zemlji i gre\u0161ka prelaska, osiguravaju\u0107i optimalno pra\u0107enje prema to\u010dkama i rutama.<\/p>\n<p>Raymarine EV-150 Hidrauli\u010dni Autopilot Sustav Paket je savr\u0161en izbor za mala i srednja plovila sa hidrauli\u010dkim upravljanjem, s kapacitetom upravlja\u010da izme\u0111u 4,9 cu. in. (80 cc) i 14,0 cu. in. (230 cc). Ovaj sustav je dizajniran isklju\u010divo za kori\u0161tenje s elektri\u010dnim sustavima na istosmjernu struju od 12 volti.<\/p>\n<p><strong>Uklju\u010deni dijelovi:<\/strong><\/p>\n<ul>\n<li>E70329 p70Rs Kontrolna glava<\/li>\n<li>E70096 EV-1 Senzor jezgra<\/li>\n<li>R70160 Evolution Kablovska oprema<\/li>\n<li>E70430 ACU-150 Kontrolna jedinica aktuatora<\/li>\n<li>M81120 Tip 1 12V Hidrauli\u010dna pumpa<\/li>\n<\/ul>\n","protected":false},"excerpt":{"rendered":"<p>Raymarine EV-150 hidrauli\u010dki &#8211; Raymarine Evolution EV-150 Hidrauli\u010dni Autopilot Sustav Paket Raymarine Evolution EV-150 Paket je hidrauli\u010dni autopilot sustav dizajniran<\/p>\n","protected":false},"featured_media":5947986,"comment_status":"open","ping_status":"closed","template":"","meta":[],"product_brand":[3301],"product_cat":[1744],"product_tag":[],"class_list":{"0":"post-745091","1":"product","2":"type-product","3":"status-publish","4":"has-post-thumbnail","6":"product_brand-raymarine-hr","7":"product_cat-brodska-elektronika","9":"first","10":"instock","11":"shipping-taxable","12":"purchasable","13":"product-type-simple"},"_links":{"self":[{"href":"https:\/\/stoic-curie.212-227-153-4.plesk.page\/hr\/wp-json\/wp\/v2\/product\/745091","targetHints":{"allow":["GET"]}}],"collection":[{"href":"https:\/\/stoic-curie.212-227-153-4.plesk.page\/hr\/wp-json\/wp\/v2\/product"}],"about":[{"href":"https:\/\/stoic-curie.212-227-153-4.plesk.page\/hr\/wp-json\/wp\/v2\/types\/product"}],"replies":[{"embeddable":true,"href":"https:\/\/stoic-curie.212-227-153-4.plesk.page\/hr\/wp-json\/wp\/v2\/comments?post=745091"}],"version-history":[{"count":0,"href":"https:\/\/stoic-curie.212-227-153-4.plesk.page\/hr\/wp-json\/wp\/v2\/product\/745091\/revisions"}],"wp:featuredmedia":[{"embeddable":true,"href":"https:\/\/stoic-curie.212-227-153-4.plesk.page\/hr\/wp-json\/wp\/v2\/media\/5947986"}],"wp:attachment":[{"href":"https:\/\/stoic-curie.212-227-153-4.plesk.page\/hr\/wp-json\/wp\/v2\/media?parent=745091"}],"wp:term":[{"taxonomy":"product_brand","embeddable":true,"href":"https:\/\/stoic-curie.212-227-153-4.plesk.page\/hr\/wp-json\/wp\/v2\/product_brand?post=745091"},{"taxonomy":"product_cat","embeddable":true,"href":"https:\/\/stoic-curie.212-227-153-4.plesk.page\/hr\/wp-json\/wp\/v2\/product_cat?post=745091"},{"taxonomy":"product_tag","embeddable":true,"href":"https:\/\/stoic-curie.212-227-153-4.plesk.page\/hr\/wp-json\/wp\/v2\/product_tag?post=745091"}],"curies":[{"name":"wp","href":"https:\/\/api.w.org\/{rel}","templated":true}]}}