{"id":745092,"date":"2025-03-03T20:07:33","date_gmt":"2025-03-03T19:07:33","guid":{"rendered":"https:\/\/stoic-curie.212-227-153-4.plesk.page\/producto\/raymarine-ev-200-hidraulicki\/"},"modified":"2026-02-25T00:01:19","modified_gmt":"2026-02-25T00:01:19","slug":"raymarine-ev-200-hidraulicki","status":"publish","type":"product","link":"https:\/\/stoic-curie.212-227-153-4.plesk.page\/hr\/product\/raymarine-ev-200-hidraulicki\/","title":{"rendered":"Raymarine EV-200 hidrauli\u010dki"},"content":{"rendered":"<p>Raymarine EV-200 hidrauli\u010dki &#8211; Raymarine Evolution EV-200 Power Hidrauli\u010dni Autopilot je hidrauli\u010dni autopilot posebno dizajniran za motorne \u010damce. Ovaj sveobuhvatni sustav uklju\u010duje ACU-200 kompjuter za smjer, p70Rs kontrolnu jedinicu i hidrauli\u010dnu pumpu tipa 1 koja podr\u017eava kapacitete od 80 do 230 cc. EV-200 je projektiran da otkriva okoli\u0161ne parametre i brzo izra\u010dunava optimalne postavke, osiguravaju\u0107i vrhunske performanse. Kao rezultat toga, omogu\u0107uje precizno i pouzdano odr\u017eavanje smjera, bez obzira na brzinu \u010damca ili postoje\u0107e morske uvjete. Sustav uklanja potrebu za slo\u017eenim postupcima u\u010denja i kalibracijom kompasa, te uklju\u010duje automatsku kalibraciju i sustav pra\u0107enja 9 osi koji prati pramac, nagib i uzburkanost plovila. Dostupna je opcijska S100 be\u017ei\u010dna daljinska kontrola, koja uklju\u010duje prijemnik osnovne stanice i zahtijeva povezivanje s autopilotom putem Seatalk1 do NG pretvara\u010da. Klju\u010dne zna\u010dajke uklju\u010duju: Potpunu rje\u0161enje autopilota u jednom paketu, Evolution Ai tehnologiju za pobolj\u0161ane performanse, nema potrebe za kalibracijom, uklju\u010duje tip 1 hidrauli\u010dne pogonske jedinice, kompatibilan sa SeaTalkng mre\u017eom, ACU-200 daje pomo\u0107nu energiju SeaTalkng mre\u017ei, dolazi s p70Rs kontrolerom autopilota. Uklju\u010dene komponente uklju\u010duju: EV-1 Sensor Core, p70Rs kontrolna jedinica autopilota, ACU-200 kontrolna jedinica aktera (uklju\u010duje M81105 rotacionu referencu upravlja\u010da), hidrauli\u010dnu pumpu tip 1, Evolution kabliranje kit, EV unit O-ring paket (set od 2), zidni nosa\u010d. EV senzor je srce svakog Evolution sustava, 9-osa senzor koji prati kretanje plovila u sve tri dimenzije. Ova inovativna jezgra integrira napredne \u010dvrste senzore s Evolution autopilot procesorom u jednu, lako instalabilnu jedinicu. EV senzor mo\u017ee se montirati iznad ili ispod palube, s robusnim, potpuno zatvorenim ku\u0107i\u0161tem koje ispunjava IPX6 i IPX7 standarde vodootpornosti i potapanja. Dizajniran za Evolution mehani\u010dke i hidrauli\u010dne autopilotske sustave, EV-1 koristi SeaTalkng umre\u017eavanje, omogu\u0107uju\u0107i jednu kabelsku vezu za napajanje i podatke do Evolution ACU (Aktuator kontrolna jedinica) i pro\u0161irenih SeaTalkng i NMEA2000 mre\u017ea. Klju\u010dne zna\u010dajke uklju\u010duju: Precizno pra\u0107enje smjera, nagiba, prevrtanja i okretanja, \u0161to omogu\u0107uje autopilot da se trenutnim prilagodi promjenama uvjeta na moru i dinami\u010dkim svojstvima plovila; Fleksibilne opcije instalacije, prikladne za iznad ili ispod palube; Jednostavna SeaTalkng povezanost na kontrolnu jedinicu i ACU; Tehnologija \u010dvrstih senzora pru\u017ea dinami\u010dku to\u010dnost unutar 2 stupnja pod svim uvjetima; Brzi i pouzdani podaci o smjeru za MARPA, preklapanje radara i smjerne na\u010dine na Raymarine multifunkcionalnim ekranima. p70Rs ima korisni\u010dki prijateljski rotacijski kontrolni gumb i podr\u017eava vi\u0161e na\u010dina autopilota, uklju\u010duju\u0107i Auto, Standby, Trolling obrasce i Modu pra\u0107enja s va\u0161eg GPS-a ili preglednika karata. Klju\u010dne zna\u010dajke uklju\u010duju su\u010delje LightHouse za brzu i jednostavnu uporabu, \u0161iroke kutove gledanja od 160\u00b0, \u010darobnjaka za pokretanje za jednostavnu konfiguraciju pilota, anti-refleksni premaz za pobolj\u0161anu vidljivost na jakom sun\u010devom svjetlu, nizak potro\u0161nja energije\u2014tipi\u010dno 132mA\/1.6W, \u0161to je 27% manje od ST70 na \u010detiri puta mjera svjetline, podr\u017eani pilota na\u010dini: Auto, Standby, Pattern, Track, Wind Vane, Power Steer i Jog Steer, jednostavno sustav i grupno prigu\u0161ivanje\/illumination, i kompatibilnost s vi\u0161e izvora podataka. ACU (Aktuatorna kontrolna jedinica) pru\u017ea pouzdanu snagu autopilota i napaja SeaTalkng autobus. Ova reverzibilna 12V hidrauli\u010dna pumpa je dizajnirana za sustave upravljanja opremljene hidrauli\u010dnim upravlja\u010dkim cilindrima od 4.914 kubnih in\u010da (80cc &#8211; 230cc). Evolution kabliranje kit uklju\u010duje: 1 x SeaTalkng napajanje kabel (0.4m), 1 x SeaTalkng Backbone kabel (5m), 1 x SeaTalkng Spur kabel (0.4m), 1 x SeaTalkng 5-slojni konektor blok, 2 x SeaTalkng T komad konektori, 2 x SeaTalkng terminatori. Ovaj detaljna pregled Raymarine Evolution EV-200 Power Hidrauli\u010dni Autopilot trebao bi vam pomo\u0107i donijeti informirane odluke o potrebama va\u0161eg \u010damca za autopilot. Ako imate dodatnih pitanja ili trebate pomo\u0107, slobodno nas kontaktirajte.<\/p>\n","protected":false},"excerpt":{"rendered":"<p>Raymarine EV-200 hidrauli\u010dki &#8211; Raymarine Evolution EV-200 Power Hidrauli\u010dni Autopilot je hidrauli\u010dni autopilot posebno dizajniran za motorne \u010damce. Ovaj sveobuhvatni<\/p>\n","protected":false},"featured_media":5947987,"comment_status":"open","ping_status":"closed","template":"","meta":[],"product_brand":[3301],"product_cat":[1744],"product_tag":[],"class_list":{"0":"post-745092","1":"product","2":"type-product","3":"status-publish","4":"has-post-thumbnail","6":"product_brand-raymarine-hr","7":"product_cat-brodska-elektronika","9":"first","10":"outofstock","11":"shipping-taxable","12":"purchasable","13":"product-type-simple"},"_links":{"self":[{"href":"https:\/\/stoic-curie.212-227-153-4.plesk.page\/hr\/wp-json\/wp\/v2\/product\/745092","targetHints":{"allow":["GET"]}}],"collection":[{"href":"https:\/\/stoic-curie.212-227-153-4.plesk.page\/hr\/wp-json\/wp\/v2\/product"}],"about":[{"href":"https:\/\/stoic-curie.212-227-153-4.plesk.page\/hr\/wp-json\/wp\/v2\/types\/product"}],"replies":[{"embeddable":true,"href":"https:\/\/stoic-curie.212-227-153-4.plesk.page\/hr\/wp-json\/wp\/v2\/comments?post=745092"}],"version-history":[{"count":0,"href":"https:\/\/stoic-curie.212-227-153-4.plesk.page\/hr\/wp-json\/wp\/v2\/product\/745092\/revisions"}],"wp:featuredmedia":[{"embeddable":true,"href":"https:\/\/stoic-curie.212-227-153-4.plesk.page\/hr\/wp-json\/wp\/v2\/media\/5947987"}],"wp:attachment":[{"href":"https:\/\/stoic-curie.212-227-153-4.plesk.page\/hr\/wp-json\/wp\/v2\/media?parent=745092"}],"wp:term":[{"taxonomy":"product_brand","embeddable":true,"href":"https:\/\/stoic-curie.212-227-153-4.plesk.page\/hr\/wp-json\/wp\/v2\/product_brand?post=745092"},{"taxonomy":"product_cat","embeddable":true,"href":"https:\/\/stoic-curie.212-227-153-4.plesk.page\/hr\/wp-json\/wp\/v2\/product_cat?post=745092"},{"taxonomy":"product_tag","embeddable":true,"href":"https:\/\/stoic-curie.212-227-153-4.plesk.page\/hr\/wp-json\/wp\/v2\/product_tag?post=745092"}],"curies":[{"name":"wp","href":"https:\/\/api.w.org\/{rel}","templated":true}]}}