{"id":745097,"date":"2025-03-03T20:07:35","date_gmt":"2025-03-03T19:07:35","guid":{"rendered":"https:\/\/stoic-curie.212-227-153-4.plesk.page\/producto\/garmin-gt15m-ih\/"},"modified":"2026-02-25T00:01:19","modified_gmt":"2026-02-25T00:01:19","slug":"garmin-gt15m-ih","status":"publish","type":"product","link":"https:\/\/stoic-curie.212-227-153-4.plesk.page\/hr\/product\/garmin-gt15m-ih\/","title":{"rendered":"Garmin GT15M-IH"},"content":{"rendered":"<p>Garmin GT15M-IH &#8211; <\/p>\n<p>Garmin GPSMAP 1223xsv ure\u0111aj za pra\u0107enje karata\/ribolovni sonar ima IPS stakleni zaslon s dodirnim upravljanjem od 12&#8243;\/1280&#215;800 piksela s visokom pozadinskom svjetlo\u0161\u0107u i antirefleksnim premazom. Opremljen je ugra\u0111enim GPS prijemnikom, 1W CHIRP, ClearVU, SideVU i UHD modulom, kompatibilan sa svim tradicionalnim, All-in-One, Panoptix i UHD pretvara\u010dima. Kompatibilan s Garmin BlueChart i Garmin Navionics+ kartografijom. Opremljen sa 2 microSD utora, USB priklju\u010dkom, HDMI priklju\u010dkom, J1939 priklju\u010dkom, be\u017ei\u010dnom povezano\u0161\u0107u, NMEA2000, Garmin Marine Network i ANT. Potpuno se integrira sa svim sustavima na brodu. Opremljen funkcijama Auto Guidance, Active Captain, Sail Assist i Quickdraw Contours i OneHelm. U kompletu s podesivim nosa\u010dem, kompletnim kitom za ugradnju, poklopcem za ekran i napajanjem\/podacima. Potrebno je dopuniti pretvara\u010dem.<\/p>\n","protected":false},"excerpt":{"rendered":"<p>Garmin GT15M-IH &#8211; Garmin GPSMAP 1223xsv ure\u0111aj za pra\u0107enje karata\/ribolovni sonar ima IPS stakleni zaslon s dodirnim upravljanjem od 12&#8243;\/1280&#215;800<\/p>\n","protected":false},"featured_media":5947997,"comment_status":"open","ping_status":"closed","template":"","meta":[],"product_brand":[2971],"product_cat":[1744],"product_tag":[],"class_list":{"0":"post-745097","1":"product","2":"type-product","3":"status-publish","4":"has-post-thumbnail","6":"product_brand-garmin-hr","7":"product_cat-brodska-elektronika","9":"first","10":"instock","11":"shipping-taxable","12":"purchasable","13":"product-type-simple"},"_links":{"self":[{"href":"https:\/\/stoic-curie.212-227-153-4.plesk.page\/hr\/wp-json\/wp\/v2\/product\/745097","targetHints":{"allow":["GET"]}}],"collection":[{"href":"https:\/\/stoic-curie.212-227-153-4.plesk.page\/hr\/wp-json\/wp\/v2\/product"}],"about":[{"href":"https:\/\/stoic-curie.212-227-153-4.plesk.page\/hr\/wp-json\/wp\/v2\/types\/product"}],"replies":[{"embeddable":true,"href":"https:\/\/stoic-curie.212-227-153-4.plesk.page\/hr\/wp-json\/wp\/v2\/comments?post=745097"}],"version-history":[{"count":0,"href":"https:\/\/stoic-curie.212-227-153-4.plesk.page\/hr\/wp-json\/wp\/v2\/product\/745097\/revisions"}],"wp:featuredmedia":[{"embeddable":true,"href":"https:\/\/stoic-curie.212-227-153-4.plesk.page\/hr\/wp-json\/wp\/v2\/media\/5947997"}],"wp:attachment":[{"href":"https:\/\/stoic-curie.212-227-153-4.plesk.page\/hr\/wp-json\/wp\/v2\/media?parent=745097"}],"wp:term":[{"taxonomy":"product_brand","embeddable":true,"href":"https:\/\/stoic-curie.212-227-153-4.plesk.page\/hr\/wp-json\/wp\/v2\/product_brand?post=745097"},{"taxonomy":"product_cat","embeddable":true,"href":"https:\/\/stoic-curie.212-227-153-4.plesk.page\/hr\/wp-json\/wp\/v2\/product_cat?post=745097"},{"taxonomy":"product_tag","embeddable":true,"href":"https:\/\/stoic-curie.212-227-153-4.plesk.page\/hr\/wp-json\/wp\/v2\/product_tag?post=745097"}],"curies":[{"name":"wp","href":"https:\/\/api.w.org\/{rel}","templated":true}]}}