{"id":745099,"date":"2025-03-03T20:07:35","date_gmt":"2025-03-03T19:07:35","guid":{"rendered":"https:\/\/stoic-curie.212-227-153-4.plesk.page\/producto\/garmin-striker-vivid-5cv-sa-sondom\/"},"modified":"2026-02-25T00:01:19","modified_gmt":"2026-02-25T00:01:19","slug":"garmin-striker-vivid-5cv-sa-sondom","status":"publish","type":"product","link":"https:\/\/stoic-curie.212-227-153-4.plesk.page\/hr\/product\/garmin-striker-vivid-5cv-sa-sondom\/","title":{"rendered":"Garmin Striker Vivid 5CV sa sondom"},"content":{"rendered":"<p>Garmin Striker Vivid 5CV sa sondom &#8211; <\/p>\n<p>Ribolovni sonar Garmin Striker Vivid 5CV s integriranim GPS prijemnikom. Opremljen standardnom, CHIRP i ClearVu tehnologijom. Snaga 500W. Novi svijetli 5&#8243;\/800&#215;400 pikselni zaslon s \u0161irokim spektrom boja za identifikaciju \u010dak i najmanjih ciljeva. Sa Quickdraw Contours koji omogu\u0107uje prikazivanje batimetrija u stvarnom vremenu i dijeljenje online. Uklju\u010den transduktor, rotiraju\u0107i nagibni dr\u017ea\u010d, kit za monta\u017eu na krmi i napajanje\/podatkovni kabel. TD = Transduktor<\/p>\n","protected":false},"excerpt":{"rendered":"<p>Garmin Striker Vivid 5CV sa sondom &#8211; Ribolovni sonar Garmin Striker Vivid 5CV s integriranim GPS prijemnikom. Opremljen standardnom, CHIRP<\/p>\n","protected":false},"featured_media":5948005,"comment_status":"open","ping_status":"closed","template":"","meta":[],"product_brand":[2971],"product_cat":[1744],"product_tag":[],"class_list":{"0":"post-745099","1":"product","2":"type-product","3":"status-publish","4":"has-post-thumbnail","6":"product_brand-garmin-hr","7":"product_cat-brodska-elektronika","9":"first","10":"instock","11":"shipping-taxable","12":"purchasable","13":"product-type-simple"},"_links":{"self":[{"href":"https:\/\/stoic-curie.212-227-153-4.plesk.page\/hr\/wp-json\/wp\/v2\/product\/745099","targetHints":{"allow":["GET"]}}],"collection":[{"href":"https:\/\/stoic-curie.212-227-153-4.plesk.page\/hr\/wp-json\/wp\/v2\/product"}],"about":[{"href":"https:\/\/stoic-curie.212-227-153-4.plesk.page\/hr\/wp-json\/wp\/v2\/types\/product"}],"replies":[{"embeddable":true,"href":"https:\/\/stoic-curie.212-227-153-4.plesk.page\/hr\/wp-json\/wp\/v2\/comments?post=745099"}],"version-history":[{"count":0,"href":"https:\/\/stoic-curie.212-227-153-4.plesk.page\/hr\/wp-json\/wp\/v2\/product\/745099\/revisions"}],"wp:featuredmedia":[{"embeddable":true,"href":"https:\/\/stoic-curie.212-227-153-4.plesk.page\/hr\/wp-json\/wp\/v2\/media\/5948005"}],"wp:attachment":[{"href":"https:\/\/stoic-curie.212-227-153-4.plesk.page\/hr\/wp-json\/wp\/v2\/media?parent=745099"}],"wp:term":[{"taxonomy":"product_brand","embeddable":true,"href":"https:\/\/stoic-curie.212-227-153-4.plesk.page\/hr\/wp-json\/wp\/v2\/product_brand?post=745099"},{"taxonomy":"product_cat","embeddable":true,"href":"https:\/\/stoic-curie.212-227-153-4.plesk.page\/hr\/wp-json\/wp\/v2\/product_cat?post=745099"},{"taxonomy":"product_tag","embeddable":true,"href":"https:\/\/stoic-curie.212-227-153-4.plesk.page\/hr\/wp-json\/wp\/v2\/product_tag?post=745099"}],"curies":[{"name":"wp","href":"https:\/\/api.w.org\/{rel}","templated":true}]}}