{"id":745101,"date":"2025-03-03T20:07:36","date_gmt":"2025-03-03T19:07:36","guid":{"rendered":"https:\/\/stoic-curie.212-227-153-4.plesk.page\/producto\/garmin-striker-vivid-7sv-sa-sondom\/"},"modified":"2026-02-25T00:01:19","modified_gmt":"2026-02-25T00:01:19","slug":"garmin-striker-vivid-7sv-sa-sondom","status":"publish","type":"product","link":"https:\/\/stoic-curie.212-227-153-4.plesk.page\/hr\/product\/garmin-striker-vivid-7sv-sa-sondom\/","title":{"rendered":"Garmin Striker Vivid 7SV sa sondom"},"content":{"rendered":"<p>Garmin Striker Vivid 7SV sa sondom &#8211; <\/p>\n<p>Garmin Striker Vivid 7SV ribolovni sonar s integriranim Wi-Fi i GPS sustavom. Opremljen standardnom, CHIRP, ClearVu i SideVu tehnologijom. Snaga 500 W. Novi svijetli ekran od 7&#8243;\/800&#215;400 piksela s \u0161irokim spektrom boja za identifikaciju \u010dak i najmanjih ciljeva. Sonar i svi Garmin Marine instrumenti na brodu mogu se lako upravljati putem pametnog telefona, zahvaljuju\u0107i novoj besplatnoj aplikaciji ActiveCaptain. S Quickdraw Contours koji omogu\u0107ava prikazivanje batimetrija u stvarnom vremenu i njihovo dijeljenje online. Uklju\u010duje transducer, rotiraju\u0107i nagibni nosa\u010d, kit za monta\u017eu na krmi, kabel za napajanje\/podatke i Y-kabel za 12-pinskog transducera za 2 ekrana s 4-pinskim vezama. TD = Transducer<\/p>\n","protected":false},"excerpt":{"rendered":"<p>Garmin Striker Vivid 7SV sa sondom &#8211; Garmin Striker Vivid 7SV ribolovni sonar s integriranim Wi-Fi i GPS sustavom. Opremljen<\/p>\n","protected":false},"featured_media":5948009,"comment_status":"open","ping_status":"closed","template":"","meta":[],"product_brand":[2971],"product_cat":[1744],"product_tag":[],"class_list":{"0":"post-745101","1":"product","2":"type-product","3":"status-publish","4":"has-post-thumbnail","6":"product_brand-garmin-hr","7":"product_cat-brodska-elektronika","9":"first","10":"instock","11":"shipping-taxable","12":"purchasable","13":"product-type-simple"},"_links":{"self":[{"href":"https:\/\/stoic-curie.212-227-153-4.plesk.page\/hr\/wp-json\/wp\/v2\/product\/745101","targetHints":{"allow":["GET"]}}],"collection":[{"href":"https:\/\/stoic-curie.212-227-153-4.plesk.page\/hr\/wp-json\/wp\/v2\/product"}],"about":[{"href":"https:\/\/stoic-curie.212-227-153-4.plesk.page\/hr\/wp-json\/wp\/v2\/types\/product"}],"replies":[{"embeddable":true,"href":"https:\/\/stoic-curie.212-227-153-4.plesk.page\/hr\/wp-json\/wp\/v2\/comments?post=745101"}],"version-history":[{"count":0,"href":"https:\/\/stoic-curie.212-227-153-4.plesk.page\/hr\/wp-json\/wp\/v2\/product\/745101\/revisions"}],"wp:featuredmedia":[{"embeddable":true,"href":"https:\/\/stoic-curie.212-227-153-4.plesk.page\/hr\/wp-json\/wp\/v2\/media\/5948009"}],"wp:attachment":[{"href":"https:\/\/stoic-curie.212-227-153-4.plesk.page\/hr\/wp-json\/wp\/v2\/media?parent=745101"}],"wp:term":[{"taxonomy":"product_brand","embeddable":true,"href":"https:\/\/stoic-curie.212-227-153-4.plesk.page\/hr\/wp-json\/wp\/v2\/product_brand?post=745101"},{"taxonomy":"product_cat","embeddable":true,"href":"https:\/\/stoic-curie.212-227-153-4.plesk.page\/hr\/wp-json\/wp\/v2\/product_cat?post=745101"},{"taxonomy":"product_tag","embeddable":true,"href":"https:\/\/stoic-curie.212-227-153-4.plesk.page\/hr\/wp-json\/wp\/v2\/product_tag?post=745101"}],"curies":[{"name":"wp","href":"https:\/\/api.w.org\/{rel}","templated":true}]}}