{"id":745104,"date":"2025-03-03T20:07:36","date_gmt":"2025-03-03T19:07:36","guid":{"rendered":"https:\/\/stoic-curie.212-227-153-4.plesk.page\/producto\/garmin-gt24uhd-tm\/"},"modified":"2026-02-25T00:01:19","modified_gmt":"2026-02-25T00:01:19","slug":"garmin-gt24uhd-tm","status":"publish","type":"product","link":"https:\/\/stoic-curie.212-227-153-4.plesk.page\/hr\/product\/garmin-gt24uhd-tm\/","title":{"rendered":"Garmin GT24UHD-TM"},"content":{"rendered":"<p>Garmin GT24UHD-TM &#8211; <\/p>\n<p>Garmin GPSMAP 1223xsv kartograf\/sonar za ribolov sadr\u017ei 12&#8243;\/1280&#215;800 piksela IPS ekran osjetljiv na dodir s jakim pozadinskim osvjetljenjem i antirefleksnom zavr\u0161nom obradom. S integriranim GPS prijemnikom, 1W integriranim CHIRP, ClearVU, SideVU i UHD modulom, kompatibilan je sa svim tradicionalnim, All-in-One, Panoptix i UHD pretvornicima. Kompatibilan s Garmin BlueChart i Garmin Navionics+ kartografijom. Opremljen s 2 microSD utora, USB priklju\u010dkom, HDMI priklju\u010dkom, J1939 priklju\u010dkom, be\u017ei\u010dnom povezivo\u0161\u0107u, NMEA2000, Garmin Marine Network i ANT. Potpuno se integrira sa svim sustavima na brodu. Opremite Auto Guidance, Active Captain, Sail Assist i Quickdraw Contours i OneHelm funkcijama. Uklju\u010duje podesivu monta\u017eu, set za ugradnju, za\u0161titu za ekran i napajanje\/podatkovni kabel. Treba ga dovr\u0161iti sa pretvornikom. TD = Pretvornik<\/p>\n","protected":false},"excerpt":{"rendered":"<p>Garmin GT24UHD-TM &#8211; Garmin GPSMAP 1223xsv kartograf\/sonar za ribolov sadr\u017ei 12&#8243;\/1280&#215;800 piksela IPS ekran osjetljiv na dodir s jakim pozadinskim<\/p>\n","protected":false},"featured_media":5948014,"comment_status":"open","ping_status":"closed","template":"","meta":[],"product_brand":[2971],"product_cat":[1744],"product_tag":[],"class_list":{"0":"post-745104","1":"product","2":"type-product","3":"status-publish","4":"has-post-thumbnail","6":"product_brand-garmin-hr","7":"product_cat-brodska-elektronika","9":"first","10":"instock","11":"shipping-taxable","12":"purchasable","13":"product-type-simple"},"_links":{"self":[{"href":"https:\/\/stoic-curie.212-227-153-4.plesk.page\/hr\/wp-json\/wp\/v2\/product\/745104","targetHints":{"allow":["GET"]}}],"collection":[{"href":"https:\/\/stoic-curie.212-227-153-4.plesk.page\/hr\/wp-json\/wp\/v2\/product"}],"about":[{"href":"https:\/\/stoic-curie.212-227-153-4.plesk.page\/hr\/wp-json\/wp\/v2\/types\/product"}],"replies":[{"embeddable":true,"href":"https:\/\/stoic-curie.212-227-153-4.plesk.page\/hr\/wp-json\/wp\/v2\/comments?post=745104"}],"version-history":[{"count":0,"href":"https:\/\/stoic-curie.212-227-153-4.plesk.page\/hr\/wp-json\/wp\/v2\/product\/745104\/revisions"}],"wp:featuredmedia":[{"embeddable":true,"href":"https:\/\/stoic-curie.212-227-153-4.plesk.page\/hr\/wp-json\/wp\/v2\/media\/5948014"}],"wp:attachment":[{"href":"https:\/\/stoic-curie.212-227-153-4.plesk.page\/hr\/wp-json\/wp\/v2\/media?parent=745104"}],"wp:term":[{"taxonomy":"product_brand","embeddable":true,"href":"https:\/\/stoic-curie.212-227-153-4.plesk.page\/hr\/wp-json\/wp\/v2\/product_brand?post=745104"},{"taxonomy":"product_cat","embeddable":true,"href":"https:\/\/stoic-curie.212-227-153-4.plesk.page\/hr\/wp-json\/wp\/v2\/product_cat?post=745104"},{"taxonomy":"product_tag","embeddable":true,"href":"https:\/\/stoic-curie.212-227-153-4.plesk.page\/hr\/wp-json\/wp\/v2\/product_tag?post=745104"}],"curies":[{"name":"wp","href":"https:\/\/api.w.org\/{rel}","templated":true}]}}