{"id":745105,"date":"2025-03-03T20:07:37","date_gmt":"2025-03-03T19:07:37","guid":{"rendered":"https:\/\/stoic-curie.212-227-153-4.plesk.page\/producto\/garmin-gt51m-tm\/"},"modified":"2026-02-25T00:01:19","modified_gmt":"2026-02-25T00:01:19","slug":"garmin-gt51m-tm","status":"publish","type":"product","link":"https:\/\/stoic-curie.212-227-153-4.plesk.page\/hr\/product\/garmin-gt51m-tm\/","title":{"rendered":"Garmin GT51M-TM"},"content":{"rendered":"<p>Garmin GT51M-TM &#8211; <\/p>\n<p>Garmin GPSMAP 8400xsv serija multifunkcionalni chartplotter\/sonar s touchscreen zaslonom i integriranim GPS prijemnikom. 1 kW snage s integriranim dual channel CHIRP, ClearVU, SideVU i UHD modulom, kompatibilan sa svim tradicionalnim, All-in-One i Panoptix transducerima. Garmin BlueChart i Garmin Navionics+ kartografija kompatibilna sa instaliranom svjetskom osnovnom kartom. NMEA0183\/2000, Garmin Marine Network, Fusion-Link i ANT kompatibilni, s integriranom be\u017ei\u010dnom vezom, lako se mo\u017ee integrirati sa svim drugim ure\u0111ajima. Opremljen J1939 priklju\u010dkom za podatke motora. Potpun sa svim Garmin funkcijama, poput Auto Guidance, Active Captain, Sail Assist i Quickdraw Contours. Dolazi s pode\u0161avanim nosa\u010dem (samo 10&#8243;\/12&#8243;), ugra\u0111enim instalacijskim kompletnim, poklopcem ekrana, NMEA2000 kabelom, napojnim kabelom i T-priklju\u010dkom. Potrebno je dovr\u0161iti s transducerom. TD = Transducer<\/p>\n","protected":false},"excerpt":{"rendered":"<p>Garmin GT51M-TM &#8211; Garmin GPSMAP 8400xsv serija multifunkcionalni chartplotter\/sonar s touchscreen zaslonom i integriranim GPS prijemnikom. 1 kW snage s<\/p>\n","protected":false},"featured_media":5948015,"comment_status":"open","ping_status":"closed","template":"","meta":[],"product_brand":[2971],"product_cat":[1744],"product_tag":[],"class_list":{"0":"post-745105","1":"product","2":"type-product","3":"status-publish","4":"has-post-thumbnail","6":"product_brand-garmin-hr","7":"product_cat-brodska-elektronika","9":"first","10":"instock","11":"shipping-taxable","12":"purchasable","13":"product-type-simple"},"_links":{"self":[{"href":"https:\/\/stoic-curie.212-227-153-4.plesk.page\/hr\/wp-json\/wp\/v2\/product\/745105","targetHints":{"allow":["GET"]}}],"collection":[{"href":"https:\/\/stoic-curie.212-227-153-4.plesk.page\/hr\/wp-json\/wp\/v2\/product"}],"about":[{"href":"https:\/\/stoic-curie.212-227-153-4.plesk.page\/hr\/wp-json\/wp\/v2\/types\/product"}],"replies":[{"embeddable":true,"href":"https:\/\/stoic-curie.212-227-153-4.plesk.page\/hr\/wp-json\/wp\/v2\/comments?post=745105"}],"version-history":[{"count":0,"href":"https:\/\/stoic-curie.212-227-153-4.plesk.page\/hr\/wp-json\/wp\/v2\/product\/745105\/revisions"}],"wp:featuredmedia":[{"embeddable":true,"href":"https:\/\/stoic-curie.212-227-153-4.plesk.page\/hr\/wp-json\/wp\/v2\/media\/5948015"}],"wp:attachment":[{"href":"https:\/\/stoic-curie.212-227-153-4.plesk.page\/hr\/wp-json\/wp\/v2\/media?parent=745105"}],"wp:term":[{"taxonomy":"product_brand","embeddable":true,"href":"https:\/\/stoic-curie.212-227-153-4.plesk.page\/hr\/wp-json\/wp\/v2\/product_brand?post=745105"},{"taxonomy":"product_cat","embeddable":true,"href":"https:\/\/stoic-curie.212-227-153-4.plesk.page\/hr\/wp-json\/wp\/v2\/product_cat?post=745105"},{"taxonomy":"product_tag","embeddable":true,"href":"https:\/\/stoic-curie.212-227-153-4.plesk.page\/hr\/wp-json\/wp\/v2\/product_tag?post=745105"}],"curies":[{"name":"wp","href":"https:\/\/api.w.org\/{rel}","templated":true}]}}