{"id":745108,"date":"2025-03-03T20:07:38","date_gmt":"2025-03-03T19:07:38","guid":{"rendered":"https:\/\/stoic-curie.212-227-153-4.plesk.page\/producto\/garmin-gpsmap-923xsv\/"},"modified":"2026-02-25T00:01:19","modified_gmt":"2026-02-25T00:01:19","slug":"garmin-gpsmap-923xsv","status":"publish","type":"product","link":"https:\/\/stoic-curie.212-227-153-4.plesk.page\/hr\/product\/garmin-gpsmap-923xsv\/","title":{"rendered":"Garmin GPSMAP 923xsv"},"content":{"rendered":"<p>Garmin GPSMAP 923xsv &#8211; <\/p>\n<p><strong>Garmin GPSMAP 923xsv Chartplotter\/Ribar (Bez Transduktora)<\/strong><\/p>\n<p>Garmin GPSMAP 923xsv je sofisticirani chartplotter i ribar, opremljen 9-in\u010dnim IPS staklenim zaslonom osjetljivim na dodir rezolucije 1280&#215;720 piksela. Ovaj zaslon s visokom pozadinskom svjetlo\u0161\u0107u dizajniran je s antirefleksnim premazom, osiguravaju\u0107i optimalnu vidljivost u raznim svjetlosnim uvjetima. Ure\u0111aj uklju\u010duje integrirani GPS prijemnik, 1W CHIRP sonar, &#8230;<\/p>\n","protected":false},"excerpt":{"rendered":"<p>Garmin GPSMAP 923xsv &#8211; Garmin GPSMAP 923xsv Chartplotter\/Ribar (Bez Transduktora) Garmin GPSMAP 923xsv je sofisticirani chartplotter i ribar, opremljen 9-in\u010dnim<\/p>\n","protected":false},"featured_media":5948022,"comment_status":"open","ping_status":"closed","template":"","meta":[],"product_brand":[2971],"product_cat":[1744],"product_tag":[],"class_list":{"0":"post-745108","1":"product","2":"type-product","3":"status-publish","4":"has-post-thumbnail","6":"product_brand-garmin-hr","7":"product_cat-brodska-elektronika","9":"first","10":"instock","11":"shipping-taxable","12":"purchasable","13":"product-type-simple"},"_links":{"self":[{"href":"https:\/\/stoic-curie.212-227-153-4.plesk.page\/hr\/wp-json\/wp\/v2\/product\/745108","targetHints":{"allow":["GET"]}}],"collection":[{"href":"https:\/\/stoic-curie.212-227-153-4.plesk.page\/hr\/wp-json\/wp\/v2\/product"}],"about":[{"href":"https:\/\/stoic-curie.212-227-153-4.plesk.page\/hr\/wp-json\/wp\/v2\/types\/product"}],"replies":[{"embeddable":true,"href":"https:\/\/stoic-curie.212-227-153-4.plesk.page\/hr\/wp-json\/wp\/v2\/comments?post=745108"}],"version-history":[{"count":0,"href":"https:\/\/stoic-curie.212-227-153-4.plesk.page\/hr\/wp-json\/wp\/v2\/product\/745108\/revisions"}],"wp:featuredmedia":[{"embeddable":true,"href":"https:\/\/stoic-curie.212-227-153-4.plesk.page\/hr\/wp-json\/wp\/v2\/media\/5948022"}],"wp:attachment":[{"href":"https:\/\/stoic-curie.212-227-153-4.plesk.page\/hr\/wp-json\/wp\/v2\/media?parent=745108"}],"wp:term":[{"taxonomy":"product_brand","embeddable":true,"href":"https:\/\/stoic-curie.212-227-153-4.plesk.page\/hr\/wp-json\/wp\/v2\/product_brand?post=745108"},{"taxonomy":"product_cat","embeddable":true,"href":"https:\/\/stoic-curie.212-227-153-4.plesk.page\/hr\/wp-json\/wp\/v2\/product_cat?post=745108"},{"taxonomy":"product_tag","embeddable":true,"href":"https:\/\/stoic-curie.212-227-153-4.plesk.page\/hr\/wp-json\/wp\/v2\/product_tag?post=745108"}],"curies":[{"name":"wp","href":"https:\/\/api.w.org\/{rel}","templated":true}]}}