{"id":745109,"date":"2025-03-03T20:07:38","date_gmt":"2025-03-03T19:07:38","guid":{"rendered":"https:\/\/stoic-curie.212-227-153-4.plesk.page\/producto\/garmin-gpsmap-1223xsv\/"},"modified":"2026-02-25T00:01:19","modified_gmt":"2026-02-25T00:01:19","slug":"garmin-gpsmap-1223xsv","status":"publish","type":"product","link":"https:\/\/stoic-curie.212-227-153-4.plesk.page\/hr\/product\/garmin-gpsmap-1223xsv\/","title":{"rendered":"Garmin GPSMAP 1223xsv"},"content":{"rendered":"<p>Garmin GPSMAP 1223xsv &#8211; <\/p>\n<p>Garmin GPSMAP\u00ae 1223xsv je sofisticirani kartograf i sonde za ribolov koji uklju\u010duje SideV\u00fc, ClearV\u00fc i tradicionalne CHIRP sonar funkcionalnosti, uz sveobuhvatnu globalnu osnovnu kartu. Ovaj ure\u0111aj se mo\u017ee pohvaliti 12-in\u010dnim IPS staklenim otporom za dodir s rezolucijom 1280 x 800 piksela, pobolj\u0161an visokom pozadinskom iluminacijom i antirefleksivnim zavr\u0161nim slojem za optimalnu vidljivost.<\/p>\n<p>Pru\u017eaju\u0107i integrirani GPS prijemnik i 1W CHIRP modul, GPSMAP 1223xsv kompatibilan je s nizom transducera, uklju\u010duju\u0107i tradicionalne, All-in-One, Panoptix i UHD modele. Podr\u017eava Garmin BlueChart i Garmin Navionics+ kartografiju, osiguravaju\u0107i vam pristup detaljnim navigacijskim informacijama.<\/p>\n<p>Ure\u0111aj uklju\u010duje dva microSD utora, USB priklju\u010dak, HDMI priklju\u010dak, J1939 priklju\u010dak i opcije be\u017ei\u010dne povezanosti, kao i NMEA2000, Garmin Marine Network i ANT kompatibilnost. To omogu\u0107uje besprijekornu integraciju sa svim sustavima na brodu.<\/p>\n<p>Klju\u010dne zna\u010dajke uklju\u010duju Auto Guidance, Active Captain, Sail Assist, Quickdraw Contours i OneHelm funkcije koje pobolj\u0161avaju va\u0161u vo\u017enju. Paket uklju\u010duje podesivu monta\u017eu, set za ugradnju, poklopac za ekran i naponski\/podatkovni kabel. Imajte na umu da se transducer mora kupiti zasebno.<\/p>\n<p><strong>Specifikacije:<\/strong><\/p>\n<ul>\n<li><strong>Dimenzije:<\/strong> 12.1\u201d x 8.9\u201d x 3.2\u201d (30.8 x 22.8 x 8.2 cm)<\/li>\n<li><strong>Te\u017eina:<\/strong> 6.6 lbs (3.0 kg)<\/li>\n<li><strong>Vodootpornost:<\/strong> IPX7<\/li>\n<li><strong>Vrsta ekrana na dodir:<\/strong> WXGA<\/li>\n<li><strong>Veli\u010dina ekrana:<\/strong> 10,3&#8243; x 6,4&#8243;; 12,1&#8243; dijagonalno (26,2 x 16,3 cm; 30,7 cm dijagonalno)<\/li>\n<li><strong>Rezolucija ekrana:<\/strong> 1280 x 800 piksel<\/li>\n<li><strong>Opcije monta\u017ee:<\/strong> Bail, flush ili ravno (napominjemo da Garmin ne pru\u017ea hardver ili pribor za ravnu monta\u017eu; potrebni su profesionalni alati i stru\u010dnost).<\/li>\n<\/ul>\n<p>Ovaj napredni kartograf i sonde za ribolov dizajniran je kako bi zadovoljio potrebe ozbiljnih nauti\u010dara, pru\u017eaju\u0107i pouzdane performanse i sveobuhvatne zna\u010dajke za navigaciju i ribolov.<\/p>\n","protected":false},"excerpt":{"rendered":"<p>Garmin GPSMAP 1223xsv &#8211; Garmin GPSMAP\u00ae 1223xsv je sofisticirani kartograf i sonde za ribolov koji uklju\u010duje SideV\u00fc, ClearV\u00fc i tradicionalne<\/p>\n","protected":false},"featured_media":5948024,"comment_status":"open","ping_status":"closed","template":"","meta":[],"product_brand":[2971],"product_cat":[1744],"product_tag":[],"class_list":{"0":"post-745109","1":"product","2":"type-product","3":"status-publish","4":"has-post-thumbnail","6":"product_brand-garmin-hr","7":"product_cat-brodska-elektronika","9":"first","10":"instock","11":"shipping-taxable","12":"purchasable","13":"product-type-simple"},"_links":{"self":[{"href":"https:\/\/stoic-curie.212-227-153-4.plesk.page\/hr\/wp-json\/wp\/v2\/product\/745109","targetHints":{"allow":["GET"]}}],"collection":[{"href":"https:\/\/stoic-curie.212-227-153-4.plesk.page\/hr\/wp-json\/wp\/v2\/product"}],"about":[{"href":"https:\/\/stoic-curie.212-227-153-4.plesk.page\/hr\/wp-json\/wp\/v2\/types\/product"}],"replies":[{"embeddable":true,"href":"https:\/\/stoic-curie.212-227-153-4.plesk.page\/hr\/wp-json\/wp\/v2\/comments?post=745109"}],"version-history":[{"count":0,"href":"https:\/\/stoic-curie.212-227-153-4.plesk.page\/hr\/wp-json\/wp\/v2\/product\/745109\/revisions"}],"wp:featuredmedia":[{"embeddable":true,"href":"https:\/\/stoic-curie.212-227-153-4.plesk.page\/hr\/wp-json\/wp\/v2\/media\/5948024"}],"wp:attachment":[{"href":"https:\/\/stoic-curie.212-227-153-4.plesk.page\/hr\/wp-json\/wp\/v2\/media?parent=745109"}],"wp:term":[{"taxonomy":"product_brand","embeddable":true,"href":"https:\/\/stoic-curie.212-227-153-4.plesk.page\/hr\/wp-json\/wp\/v2\/product_brand?post=745109"},{"taxonomy":"product_cat","embeddable":true,"href":"https:\/\/stoic-curie.212-227-153-4.plesk.page\/hr\/wp-json\/wp\/v2\/product_cat?post=745109"},{"taxonomy":"product_tag","embeddable":true,"href":"https:\/\/stoic-curie.212-227-153-4.plesk.page\/hr\/wp-json\/wp\/v2\/product_tag?post=745109"}],"curies":[{"name":"wp","href":"https:\/\/api.w.org\/{rel}","templated":true}]}}