{"id":745112,"date":"2025-03-03T20:07:39","date_gmt":"2025-03-03T19:07:39","guid":{"rendered":"https:\/\/stoic-curie.212-227-153-4.plesk.page\/producto\/garmin-73\/"},"modified":"2026-02-25T00:01:19","modified_gmt":"2026-02-25T00:01:19","slug":"garmin-73","status":"publish","type":"product","link":"https:\/\/stoic-curie.212-227-153-4.plesk.page\/hr\/product\/garmin-73\/","title":{"rendered":"Garmin 73"},"content":{"rendered":"<p>Garmin 73 &#8211; <\/p>\n<p>Ru\u010dni GPS ure\u0111aj Garmin 73 visoke osjetljivosti, koji pluta i je IPx7 vodootporan, s pozadinskim osvjetljenjem na 2,6&#8243; LCD ekranu i prijemnikom. Integrirane nauti\u010dke funkcije kao \u0161to su SailAssist za jedrilice, MOB gumb, alarm za sidro i kurs i jo\u0161 mnogo toga. Kompatibilan s NMEA0183.<\/p>\n","protected":false},"excerpt":{"rendered":"<p>Garmin 73 &#8211; Ru\u010dni GPS ure\u0111aj Garmin 73 visoke osjetljivosti, koji pluta i je IPx7 vodootporan, s pozadinskim osvjetljenjem na<\/p>\n","protected":false},"featured_media":5948025,"comment_status":"open","ping_status":"closed","template":"","meta":[],"product_brand":[2971],"product_cat":[1744],"product_tag":[],"class_list":{"0":"post-745112","1":"product","2":"type-product","3":"status-publish","4":"has-post-thumbnail","6":"product_brand-garmin-hr","7":"product_cat-brodska-elektronika","9":"first","10":"instock","11":"shipping-taxable","12":"purchasable","13":"product-type-simple"},"_links":{"self":[{"href":"https:\/\/stoic-curie.212-227-153-4.plesk.page\/hr\/wp-json\/wp\/v2\/product\/745112","targetHints":{"allow":["GET"]}}],"collection":[{"href":"https:\/\/stoic-curie.212-227-153-4.plesk.page\/hr\/wp-json\/wp\/v2\/product"}],"about":[{"href":"https:\/\/stoic-curie.212-227-153-4.plesk.page\/hr\/wp-json\/wp\/v2\/types\/product"}],"replies":[{"embeddable":true,"href":"https:\/\/stoic-curie.212-227-153-4.plesk.page\/hr\/wp-json\/wp\/v2\/comments?post=745112"}],"version-history":[{"count":0,"href":"https:\/\/stoic-curie.212-227-153-4.plesk.page\/hr\/wp-json\/wp\/v2\/product\/745112\/revisions"}],"wp:featuredmedia":[{"embeddable":true,"href":"https:\/\/stoic-curie.212-227-153-4.plesk.page\/hr\/wp-json\/wp\/v2\/media\/5948025"}],"wp:attachment":[{"href":"https:\/\/stoic-curie.212-227-153-4.plesk.page\/hr\/wp-json\/wp\/v2\/media?parent=745112"}],"wp:term":[{"taxonomy":"product_brand","embeddable":true,"href":"https:\/\/stoic-curie.212-227-153-4.plesk.page\/hr\/wp-json\/wp\/v2\/product_brand?post=745112"},{"taxonomy":"product_cat","embeddable":true,"href":"https:\/\/stoic-curie.212-227-153-4.plesk.page\/hr\/wp-json\/wp\/v2\/product_cat?post=745112"},{"taxonomy":"product_tag","embeddable":true,"href":"https:\/\/stoic-curie.212-227-153-4.plesk.page\/hr\/wp-json\/wp\/v2\/product_tag?post=745112"}],"curies":[{"name":"wp","href":"https:\/\/api.w.org\/{rel}","templated":true}]}}