{"id":745113,"date":"2025-03-03T20:07:39","date_gmt":"2025-03-03T19:07:39","guid":{"rendered":"https:\/\/stoic-curie.212-227-153-4.plesk.page\/producto\/garmin-gpsmap-79s\/"},"modified":"2026-02-25T00:01:19","modified_gmt":"2026-02-25T00:01:19","slug":"garmin-gpsmap-79s","status":"publish","type":"product","link":"https:\/\/stoic-curie.212-227-153-4.plesk.page\/hr\/product\/garmin-gpsmap-79s\/","title":{"rendered":"Garmin GPSMAP 79s"},"content":{"rendered":"<p>Garmin GPSMAP 79s &#8211; <\/p>\n<p>Vodootporni prijenosni GPS ploter s plutanjem, 240&#215;400 zaslonom osjetljivim na dodir i 3-in\u010dnim kolor zaslonom, savr\u0161eno \u010ditljiv u svim uvjetima osvjetljenja. Visokosenzitivni GPS prijemnik s brzim i optimalnim prijemom \u010dak i u najgorem vremenu. S 3-osnom kompasom, 8 GB memorije, unaprijed u\u010ditanom osnovnom kartom i podr\u0161kom za BlueChart G3 mapiranje. Kompatibilan s NMEA0183, omogu\u0107ava povezivanje sa svim brodskim sustavima. Radi s 2 AA baterije i jam\u010di 19 sati autonomije pri punoj potro\u0161nji. Dolazi s remenom za zape\u0161\u0107e i USB kabelom.<\/p>\n","protected":false},"excerpt":{"rendered":"<p>Garmin GPSMAP 79s &#8211; Vodootporni prijenosni GPS ploter s plutanjem, 240&#215;400 zaslonom osjetljivim na dodir i 3-in\u010dnim kolor zaslonom, savr\u0161eno<\/p>\n","protected":false},"featured_media":5948028,"comment_status":"open","ping_status":"closed","template":"","meta":[],"product_brand":[2971],"product_cat":[1744],"product_tag":[],"class_list":{"0":"post-745113","1":"product","2":"type-product","3":"status-publish","4":"has-post-thumbnail","6":"product_brand-garmin-hr","7":"product_cat-brodska-elektronika","9":"first","10":"instock","11":"shipping-taxable","12":"purchasable","13":"product-type-simple"},"_links":{"self":[{"href":"https:\/\/stoic-curie.212-227-153-4.plesk.page\/hr\/wp-json\/wp\/v2\/product\/745113","targetHints":{"allow":["GET"]}}],"collection":[{"href":"https:\/\/stoic-curie.212-227-153-4.plesk.page\/hr\/wp-json\/wp\/v2\/product"}],"about":[{"href":"https:\/\/stoic-curie.212-227-153-4.plesk.page\/hr\/wp-json\/wp\/v2\/types\/product"}],"replies":[{"embeddable":true,"href":"https:\/\/stoic-curie.212-227-153-4.plesk.page\/hr\/wp-json\/wp\/v2\/comments?post=745113"}],"version-history":[{"count":0,"href":"https:\/\/stoic-curie.212-227-153-4.plesk.page\/hr\/wp-json\/wp\/v2\/product\/745113\/revisions"}],"wp:featuredmedia":[{"embeddable":true,"href":"https:\/\/stoic-curie.212-227-153-4.plesk.page\/hr\/wp-json\/wp\/v2\/media\/5948028"}],"wp:attachment":[{"href":"https:\/\/stoic-curie.212-227-153-4.plesk.page\/hr\/wp-json\/wp\/v2\/media?parent=745113"}],"wp:term":[{"taxonomy":"product_brand","embeddable":true,"href":"https:\/\/stoic-curie.212-227-153-4.plesk.page\/hr\/wp-json\/wp\/v2\/product_brand?post=745113"},{"taxonomy":"product_cat","embeddable":true,"href":"https:\/\/stoic-curie.212-227-153-4.plesk.page\/hr\/wp-json\/wp\/v2\/product_cat?post=745113"},{"taxonomy":"product_tag","embeddable":true,"href":"https:\/\/stoic-curie.212-227-153-4.plesk.page\/hr\/wp-json\/wp\/v2\/product_tag?post=745113"}],"curies":[{"name":"wp","href":"https:\/\/api.w.org\/{rel}","templated":true}]}}