{"id":745115,"date":"2025-03-03T20:07:39","date_gmt":"2025-03-03T19:07:39","guid":{"rendered":"https:\/\/stoic-curie.212-227-153-4.plesk.page\/producto\/garmin-quatix-6x-solar\/"},"modified":"2026-02-25T00:01:19","modified_gmt":"2026-02-25T00:01:19","slug":"garmin-quatix-6x-solar","status":"publish","type":"product","link":"https:\/\/stoic-curie.212-227-153-4.plesk.page\/hr\/product\/garmin-quatix-6x-solar\/","title":{"rendered":"Garmin Quatix 6x Solar"},"content":{"rendered":"<p>Garmin Quatix 6x Solar &#8211; <\/p>\n<p style=\"color: rgb(34, 34, 34); font-family: Arial, Helvetica, sans-serif; font-size: small;\">U\u017eivajte u produ\u017eenom vremenu na vodi bez potrebe za punjenjem baterije. GARMIN QUATIX 6X Solar ima solarni punja\u010d koji koristi sun\u010devu svjetlost za produ\u017eenje radnog vremena sata. Ovaj ekran od 1,4 in\u010da posebno je dizajniran za vodene sportove, spajaju\u0107i najbolje zna\u010dajke Garmin fenix 6 pametnog sata s osnovnim funkcijama za aktivnosti na vodi.<\/p>\n<p style=\"color: rgb(34, 34, 34); font-family: Arial, Helvetica, sans-serif; font-size: small;\">Iskoristite funkcije kao \u0161to su upravljanje autopilotom i Fusion-Link upravljanje audio sustavom. Tako\u0111er mo\u017eete pristupiti vitalnim navigacijskim podacima sa svog kompatibilnog GARMIN chartplottera, uklju\u010duju\u0107i informacije u stvarnom vremenu o dubini vode, brzini i temperaturi. GARMIN QUATIX 6 omogu\u0107uje vam da nesmetano komunicirate sa svojim chartplotterom, \u0161to vam omogu\u0107uje da brzo postavite oznake kako biste se lako vratili na svoja omiljena ribolovna mjesta. Kompatibilan je s GARMIN BlueChart g3 kartama i uklju\u010duje GARMIN SailAssist mogu\u0107nosti.<\/p>\n<p style=\"color: rgb(34, 34, 34); font-family: Arial, Helvetica, sans-serif; font-size: small;\">Za sportske entuzijaste, QUATIX 6 nudi specijalizirane aplikacije za pra\u0107enje aktivnosti kako na vodi, tako i na kopnu, uklju\u010duju\u0107i stand-up paddling, kajakarenje, golf i planinarenje. S \u0161irokim rasponom funkcija, QUATIX 6 je savr\u0161en suputnik za sportske entuzijaste, bilo na vodi ili na kopnu. Ovaj pametni sat ima GPS, Bluetooth i be\u017ei\u010dnu povezivost, sjajno se integriraju\u0107i sa svim brodskim sustavima. Ponosan je na ekran od 1,3 in\u010da otporan na ogrebotine s neodsjajnim premazom i sna\u017enu punjivu bateriju. Osim toga, opremljen je barometrom, altimetrom, kompasom i svim potrebnim funkcijama za plovidbu, jedrenje i regate. Tako\u0111er mo\u017eete povezati svoj pametni telefon kako biste primali e-po\u0161tu i poruke, pratili svoj sr\u010dani ritam i koristili sustav beskontaktnog pla\u0107anja, me\u0111u ostalim zna\u010dajkama. Sat je otporan na vodu do 100 metara.<\/p>\n<p style=\"color: rgb(34, 34, 34); font-family: Arial, Helvetica, sans-serif; font-size: small;\">Titanijumska verzija uklju\u010duje pravi safirni le\u017eaj, ku\u0107i\u0161te od titanija i remen, uz standardni silikon remen. Solar verzija ima ku\u0107i\u0161te i remen od titanija, zajedno sa solarnim \u0107elijama koje pobolj\u0161avaju trajanje baterije.<\/p>\n","protected":false},"excerpt":{"rendered":"<p>Garmin Quatix 6x Solar &#8211; U\u017eivajte u produ\u017eenom vremenu na vodi bez potrebe za punjenjem baterije. GARMIN QUATIX 6X Solar<\/p>\n","protected":false},"featured_media":5948030,"comment_status":"open","ping_status":"closed","template":"","meta":[],"product_brand":[2971],"product_cat":[1744],"product_tag":[],"class_list":{"0":"post-745115","1":"product","2":"type-product","3":"status-publish","4":"has-post-thumbnail","6":"product_brand-garmin-hr","7":"product_cat-brodska-elektronika","9":"first","10":"instock","11":"shipping-taxable","12":"purchasable","13":"product-type-simple"},"_links":{"self":[{"href":"https:\/\/stoic-curie.212-227-153-4.plesk.page\/hr\/wp-json\/wp\/v2\/product\/745115","targetHints":{"allow":["GET"]}}],"collection":[{"href":"https:\/\/stoic-curie.212-227-153-4.plesk.page\/hr\/wp-json\/wp\/v2\/product"}],"about":[{"href":"https:\/\/stoic-curie.212-227-153-4.plesk.page\/hr\/wp-json\/wp\/v2\/types\/product"}],"replies":[{"embeddable":true,"href":"https:\/\/stoic-curie.212-227-153-4.plesk.page\/hr\/wp-json\/wp\/v2\/comments?post=745115"}],"version-history":[{"count":0,"href":"https:\/\/stoic-curie.212-227-153-4.plesk.page\/hr\/wp-json\/wp\/v2\/product\/745115\/revisions"}],"wp:featuredmedia":[{"embeddable":true,"href":"https:\/\/stoic-curie.212-227-153-4.plesk.page\/hr\/wp-json\/wp\/v2\/media\/5948030"}],"wp:attachment":[{"href":"https:\/\/stoic-curie.212-227-153-4.plesk.page\/hr\/wp-json\/wp\/v2\/media?parent=745115"}],"wp:term":[{"taxonomy":"product_brand","embeddable":true,"href":"https:\/\/stoic-curie.212-227-153-4.plesk.page\/hr\/wp-json\/wp\/v2\/product_brand?post=745115"},{"taxonomy":"product_cat","embeddable":true,"href":"https:\/\/stoic-curie.212-227-153-4.plesk.page\/hr\/wp-json\/wp\/v2\/product_cat?post=745115"},{"taxonomy":"product_tag","embeddable":true,"href":"https:\/\/stoic-curie.212-227-153-4.plesk.page\/hr\/wp-json\/wp\/v2\/product_tag?post=745115"}],"curies":[{"name":"wp","href":"https:\/\/api.w.org\/{rel}","templated":true}]}}