{"id":745119,"date":"2025-03-03T20:07:41","date_gmt":"2025-03-03T19:07:41","guid":{"rendered":"https:\/\/stoic-curie.212-227-153-4.plesk.page\/producto\/glomex-rhea-v8100n\/"},"modified":"2026-02-25T00:01:19","modified_gmt":"2026-02-25T00:01:19","slug":"glomex-rhea-v8100n","status":"publish","type":"product","link":"https:\/\/stoic-curie.212-227-153-4.plesk.page\/hr\/product\/glomex-rhea-v8100n\/","title":{"rendered":"Glomex RHEA V8100N"},"content":{"rendered":"<p>Glomex RHEA V8100N &#8211; <\/p>\n<p>Gyro-stabilizirana Glomex Rhea antena prima Full-HD DVB-S2 4K TV signale. Ima dodatnu be\u017ei\u010dnu Bluetooth kontrolu s besplatnom posve\u0107enom aplikacijom, parabolu promjera 47 cm i smanjenu potro\u0161nju (1,5 A-12\/24V). Izvanredne performanse zahvaljuju\u0107i novom softveru za istra\u017eivanje signala, inovativnom sustavu smanjenja buke STO (Silent Tracking Operation) i novoj elektronici koja omogu\u0107ava kompenzaciju gubitka kvalitete zbog pove\u0107anog broja satelita na zemaljskoj orbiti tijekom prijenosa na frekvenciji. Raspon elevacije (0\u00b0\/90\u00b0) jam\u010di primanje signala \u010dak i na rubovima podru\u010dja pokrivenosti. Opremljena je s 1 TV izlazom. Laka instalacija, kompletno s 10 m koaksijalnim kabelom, produ\u017eetkom antene i upravlja\u010dkom jedinicom. Prazna dvostruka radom je opremljena vijcima i gumenim brtvama.<\/p>\n<p>Rhea &#8220;NEO&#8221; je napredna be\u017ei\u010dno upravljana FULL-HD \/ 4K satelitska TV antena s 47 cm (18\u201d) \u0161upljinom. Ova inovativna antena uklju\u010duje vrlo u\u010dinkovit sustav zaklju\u010davanja satelita, osiguravaju\u0107i pouzdanu izvedbu \u010dak iu izazovnim pomorskim uvjetima, zahvaljuju\u0107i potpuno redizajniranoj elektronici i mehanici. Ima sna\u017eniji procesor, br\u017ei voza\u010d i \u010dvr\u0161\u0107u strukturu.<\/p>\n<p>Pored toga, nova elektronika osmi\u0161ljena je kako bi Rhea &#8220;NEO&#8221; bila izuzetno tiha tijekom faza pretra\u017eivanja i pra\u0107enja satelita. S integracijom najmodernijeg GPS sustava, Rhea &#8220;NEO&#8221; mo\u017ee pohraniti prethodne navigacijske pozicije i pobolj\u0161ati prijem signala, \u010dak i na periferijama podru\u010dja pokrivenosti. Kao i sve nove Glomex &#8220;NEO&#8221; satelitske TV antene, Rhea &#8220;NEO&#8221; mo\u017ee se lako upravljati putem besplatne aplikacije dostupne za iOS i Android ure\u0111aje.<\/p>\n<p>Preuzimanjem aplikacije, korisnici mogu lako upravljati &#8220;NEO&#8221; satelitskim TV antenama putem Bluetooth\u00ae s pomo\u0107u svojih pametnih telefona ili tableta. Aplikacija omogu\u0107ava:<\/p>\n<ul>\n<li>A\u017euriranje popisa satelita<\/li>\n<li>A\u017euriranje firmvera antene<\/li>\n<li>Odabir i prebacivanje izme\u0111u satelita<\/li>\n<li>Slanje operativnih parametara antene tehni\u010dkoj podr\u0161ci ako je potrebno<\/li>\n<\/ul>\n<p>Ova kombinacija napredne tehnologije i jednostavnog upravljanja \u010dini Rhea &#8220;NEO&#8221; odli\u010dnim izborom za vlasnike plovila koji tra\u017ee pouzdana rje\u0161enja za satelitsku TV.<\/p>\n","protected":false},"excerpt":{"rendered":"<p>Glomex RHEA V8100N &#8211; Gyro-stabilizirana Glomex Rhea antena prima Full-HD DVB-S2 4K TV signale. Ima dodatnu be\u017ei\u010dnu Bluetooth kontrolu s<\/p>\n","protected":false},"featured_media":5948050,"comment_status":"open","ping_status":"closed","template":"","meta":[],"product_brand":[2981],"product_cat":[1754],"product_tag":[],"class_list":{"0":"post-745119","1":"product","2":"type-product","3":"status-publish","4":"has-post-thumbnail","6":"product_brand-glomex-hr","7":"product_cat-tv-antene","9":"first","10":"instock","11":"shipping-taxable","12":"purchasable","13":"product-type-simple"},"_links":{"self":[{"href":"https:\/\/stoic-curie.212-227-153-4.plesk.page\/hr\/wp-json\/wp\/v2\/product\/745119","targetHints":{"allow":["GET"]}}],"collection":[{"href":"https:\/\/stoic-curie.212-227-153-4.plesk.page\/hr\/wp-json\/wp\/v2\/product"}],"about":[{"href":"https:\/\/stoic-curie.212-227-153-4.plesk.page\/hr\/wp-json\/wp\/v2\/types\/product"}],"replies":[{"embeddable":true,"href":"https:\/\/stoic-curie.212-227-153-4.plesk.page\/hr\/wp-json\/wp\/v2\/comments?post=745119"}],"version-history":[{"count":0,"href":"https:\/\/stoic-curie.212-227-153-4.plesk.page\/hr\/wp-json\/wp\/v2\/product\/745119\/revisions"}],"wp:featuredmedia":[{"embeddable":true,"href":"https:\/\/stoic-curie.212-227-153-4.plesk.page\/hr\/wp-json\/wp\/v2\/media\/5948050"}],"wp:attachment":[{"href":"https:\/\/stoic-curie.212-227-153-4.plesk.page\/hr\/wp-json\/wp\/v2\/media?parent=745119"}],"wp:term":[{"taxonomy":"product_brand","embeddable":true,"href":"https:\/\/stoic-curie.212-227-153-4.plesk.page\/hr\/wp-json\/wp\/v2\/product_brand?post=745119"},{"taxonomy":"product_cat","embeddable":true,"href":"https:\/\/stoic-curie.212-227-153-4.plesk.page\/hr\/wp-json\/wp\/v2\/product_cat?post=745119"},{"taxonomy":"product_tag","embeddable":true,"href":"https:\/\/stoic-curie.212-227-153-4.plesk.page\/hr\/wp-json\/wp\/v2\/product_tag?post=745119"}],"curies":[{"name":"wp","href":"https:\/\/api.w.org\/{rel}","templated":true}]}}