{"id":745121,"date":"2025-03-03T20:07:42","date_gmt":"2025-03-03T19:07:42","guid":{"rendered":"https:\/\/stoic-curie.212-227-153-4.plesk.page\/producto\/garmin-ais-800\/"},"modified":"2026-02-25T00:01:19","modified_gmt":"2026-02-25T00:01:19","slug":"garmin-ais-800","status":"publish","type":"product","link":"https:\/\/stoic-curie.212-227-153-4.plesk.page\/hr\/product\/garmin-ais-800\/","title":{"rendered":"Garmin AIS 800"},"content":{"rendered":"<p>Garmin AIS 800 &#8211; <\/p>\n<p style=\"color: rgb(34, 34, 34); font-family: Arial, Helvetica, sans-serif; font-size: small;\"> Predstavljamo Garmin AIS 800 Klasa B\/SO transceiver, koji dolazi s integriranim GPS-om i antenom. Odevice vam omogu\u0107uje pregled AIS podataka iz obli\u017enjih brodova i automatsko slanje vlastitih informacija s izlaznom snagom od 5 vata. Sa svojim ugra\u0111enim aktivnim razdjelnikom, mo\u017eete koristiti istu VHF antenu bez potrebe za dodatnim instalacijama. Zahvaljuju\u0107i NMEA 0183\/2000 povezivosti, glatko se integrira sa svim sustavima na brodu. Pakiranje uklju\u010duje NMEA 2000 kabel od 2 metra, T-konektor, koaksijalni kabel od 1,2 metra, USB kabel i napojni kabel.<\/p>\n<p style=\"color: rgb(34, 34, 34); font-family: Arial, Helvetica, sans-serif; font-size: small;\"><strong>Ostanite sigurni na vodi<\/strong><\/p>\n<p style=\"color: rgb(34, 34, 34); font-family: Arial, Helvetica, sans-serif; font-size: small;\"> Ovaj jednostavan i pouzdan komunikacijski ure\u0111aj prenosi informacije o va\u0161oj plovnoj jedinici drugim obli\u017enjim AIS prijemnicima dok istovremeno prima AIS podatke o ciljevima. Sa snagom prijenosa od 5 vata, Klasa B\/SO pru\u017ea br\u017ee izvje\u0161\u0107ivanje o poziciji nego ikad prije. Ugra\u0111eni GPS uklju\u010duje konektor za opcionu vanjsku antenu, a NMEA 2000\u00ae povezivost omogu\u0107ava jednostavnu integraciju s kompatibilnim kartografskim ure\u0111ajima i vi\u0161efunkcionalnim prikazima. Unutarnji VHF razdjelnik omogu\u0107uje dijeljenje jedne antene za VHF i AIS.<\/p>\n<p style=\"color: rgb(34, 34, 34); font-family: Arial, Helvetica, sans-serif; font-size: small;\"> Pobolj\u0161ajte svoju situacijsku svijest i povjerenje na vodi s Garmin AIS 800 transceiverom. Ima snagu prijenosa od 5 vata za br\u017ee izvje\u0161\u0107ivanje o poziciji. Ovaj ure\u0111aj prenosi informacije o va\u0161oj plovnoj jedinici drugim AIS prijemnicima dok prima njihove podatke. Unutarnji VHF razdjelnik omogu\u0107uje zajedni\u010dku upotrebu jedne antene za VHF i AIS. Uz ugra\u0111eni GPS i besprijekornu integraciju u Garmin sustav na brodu, transceiver tako\u0111er nudi NMEA 2000\/0183 povezivost za jednostavnu kompatibilnost s kartografskim ure\u0111ajima i vi\u0161efunkcionalnim prikazima. Sve to je prakti\u010dno smje\u0161teno u kompaktnu, lako instaliraju\u0107u crnu kutiju.<\/p>\n","protected":false},"excerpt":{"rendered":"<p>Garmin AIS 800 &#8211; Predstavljamo Garmin AIS 800 Klasa B\/SO transceiver, koji dolazi s integriranim GPS-om i antenom. Odevice vam<\/p>\n","protected":false},"featured_media":5948055,"comment_status":"open","ping_status":"closed","template":"","meta":[],"product_brand":[2971],"product_cat":[1744],"product_tag":[],"class_list":{"0":"post-745121","1":"product","2":"type-product","3":"status-publish","4":"has-post-thumbnail","6":"product_brand-garmin-hr","7":"product_cat-brodska-elektronika","9":"first","10":"instock","11":"shipping-taxable","12":"purchasable","13":"product-type-simple"},"_links":{"self":[{"href":"https:\/\/stoic-curie.212-227-153-4.plesk.page\/hr\/wp-json\/wp\/v2\/product\/745121","targetHints":{"allow":["GET"]}}],"collection":[{"href":"https:\/\/stoic-curie.212-227-153-4.plesk.page\/hr\/wp-json\/wp\/v2\/product"}],"about":[{"href":"https:\/\/stoic-curie.212-227-153-4.plesk.page\/hr\/wp-json\/wp\/v2\/types\/product"}],"replies":[{"embeddable":true,"href":"https:\/\/stoic-curie.212-227-153-4.plesk.page\/hr\/wp-json\/wp\/v2\/comments?post=745121"}],"version-history":[{"count":0,"href":"https:\/\/stoic-curie.212-227-153-4.plesk.page\/hr\/wp-json\/wp\/v2\/product\/745121\/revisions"}],"wp:featuredmedia":[{"embeddable":true,"href":"https:\/\/stoic-curie.212-227-153-4.plesk.page\/hr\/wp-json\/wp\/v2\/media\/5948055"}],"wp:attachment":[{"href":"https:\/\/stoic-curie.212-227-153-4.plesk.page\/hr\/wp-json\/wp\/v2\/media?parent=745121"}],"wp:term":[{"taxonomy":"product_brand","embeddable":true,"href":"https:\/\/stoic-curie.212-227-153-4.plesk.page\/hr\/wp-json\/wp\/v2\/product_brand?post=745121"},{"taxonomy":"product_cat","embeddable":true,"href":"https:\/\/stoic-curie.212-227-153-4.plesk.page\/hr\/wp-json\/wp\/v2\/product_cat?post=745121"},{"taxonomy":"product_tag","embeddable":true,"href":"https:\/\/stoic-curie.212-227-153-4.plesk.page\/hr\/wp-json\/wp\/v2\/product_tag?post=745121"}],"curies":[{"name":"wp","href":"https:\/\/api.w.org\/{rel}","templated":true}]}}