{"id":745122,"date":"2025-03-03T20:07:42","date_gmt":"2025-03-03T19:07:42","guid":{"rendered":"https:\/\/stoic-curie.212-227-153-4.plesk.page\/producto\/antena-garmin-ga38\/"},"modified":"2026-02-25T00:01:19","modified_gmt":"2026-02-25T00:01:19","slug":"antena-garmin-ga38","status":"publish","type":"product","link":"https:\/\/stoic-curie.212-227-153-4.plesk.page\/hr\/product\/antena-garmin-ga38\/","title":{"rendered":"Antena Garmin GA38"},"content":{"rendered":"<p>Antena Garmin GA38 &#8211; <\/p>\n<p>DSC Klasa D Garmin VHF 315i modularni sustav s centralnom crnom jedinicom koja se mo\u017ee spojiti na do 3 mikrofon\/slu\u0161alica GHS11i. Idealno za vi\u0161estacijske sustave ili kada nema prostora za ugradnju na instrumentu. Savr\u0161eno se integrira s drugim sustavima zahvaljuju\u0107i NMEA0183\/2000 povezivosti. Uklju\u010duje razne Garmin VHF funkcije kao \u0161to su Glasovna Po\u0161ta za kontinuirano snimanje\/ prijenos, Ponovi za snimanje posljednjih 90 sekundi i Pra\u0107enje Prijatelja za pra\u0107enje drugih plovila s Garmin ure\u0111ajima. Sadr\u017ei osnovni paket VHF315i jedinicu, GHS11i slu\u0161alicu, aktivni zvu\u010dnik, naponski kabel, 10 m palubni kabel, dvostruki nosa\u010d mikrofon i monta\u017eni hardver. Dimenzije: 205 x 181 x H60 mm<\/p>\n","protected":false},"excerpt":{"rendered":"<p>Antena Garmin GA38 &#8211; DSC Klasa D Garmin VHF 315i modularni sustav s centralnom crnom jedinicom koja se mo\u017ee spojiti<\/p>\n","protected":false},"featured_media":5948058,"comment_status":"open","ping_status":"closed","template":"","meta":[],"product_brand":[2971],"product_cat":[1744],"product_tag":[],"class_list":{"0":"post-745122","1":"product","2":"type-product","3":"status-publish","4":"has-post-thumbnail","6":"product_brand-garmin-hr","7":"product_cat-brodska-elektronika","9":"first","10":"instock","11":"shipping-taxable","12":"purchasable","13":"product-type-simple"},"_links":{"self":[{"href":"https:\/\/stoic-curie.212-227-153-4.plesk.page\/hr\/wp-json\/wp\/v2\/product\/745122","targetHints":{"allow":["GET"]}}],"collection":[{"href":"https:\/\/stoic-curie.212-227-153-4.plesk.page\/hr\/wp-json\/wp\/v2\/product"}],"about":[{"href":"https:\/\/stoic-curie.212-227-153-4.plesk.page\/hr\/wp-json\/wp\/v2\/types\/product"}],"replies":[{"embeddable":true,"href":"https:\/\/stoic-curie.212-227-153-4.plesk.page\/hr\/wp-json\/wp\/v2\/comments?post=745122"}],"version-history":[{"count":0,"href":"https:\/\/stoic-curie.212-227-153-4.plesk.page\/hr\/wp-json\/wp\/v2\/product\/745122\/revisions"}],"wp:featuredmedia":[{"embeddable":true,"href":"https:\/\/stoic-curie.212-227-153-4.plesk.page\/hr\/wp-json\/wp\/v2\/media\/5948058"}],"wp:attachment":[{"href":"https:\/\/stoic-curie.212-227-153-4.plesk.page\/hr\/wp-json\/wp\/v2\/media?parent=745122"}],"wp:term":[{"taxonomy":"product_brand","embeddable":true,"href":"https:\/\/stoic-curie.212-227-153-4.plesk.page\/hr\/wp-json\/wp\/v2\/product_brand?post=745122"},{"taxonomy":"product_cat","embeddable":true,"href":"https:\/\/stoic-curie.212-227-153-4.plesk.page\/hr\/wp-json\/wp\/v2\/product_cat?post=745122"},{"taxonomy":"product_tag","embeddable":true,"href":"https:\/\/stoic-curie.212-227-153-4.plesk.page\/hr\/wp-json\/wp\/v2\/product_tag?post=745122"}],"curies":[{"name":"wp","href":"https:\/\/api.w.org\/{rel}","templated":true}]}}