{"id":745123,"date":"2025-03-03T20:07:42","date_gmt":"2025-03-03T19:07:42","guid":{"rendered":"https:\/\/stoic-curie.212-227-153-4.plesk.page\/producto\/garmin-115i\/"},"modified":"2026-02-25T00:01:19","modified_gmt":"2026-02-25T00:01:19","slug":"garmin-115i","status":"publish","type":"product","link":"https:\/\/stoic-curie.212-227-153-4.plesk.page\/hr\/product\/garmin-115i\/","title":{"rendered":"Garmin 115i"},"content":{"rendered":"<p>Garmin 115i &#8211; <\/p>\n<p>IPX7 vodootporni i kompaktni DSC klasa D Garmin VHF s integriranim GPS prijemnikom. Savr\u0161eno integriran s drugim ure\u0111ajima zahvaljuju\u0107i NMEA2000 povezivosti. S funkcijom megafona, 12V napajanjem i snagom prijenosa od 25W. U kompletu s naponskim kabelom, dr\u017ea\u010dem za montiranje, za\u0161titnom navlakom, ugradbenim kompletom i dr\u017ea\u010dem mikrofona. Dimenzije: 170 x 146 x H85 mm<\/p>\n","protected":false},"excerpt":{"rendered":"<p>Garmin 115i &#8211; IPX7 vodootporni i kompaktni DSC klasa D Garmin VHF s integriranim GPS prijemnikom. Savr\u0161eno integriran s drugim<\/p>\n","protected":false},"featured_media":5948060,"comment_status":"open","ping_status":"closed","template":"","meta":[],"product_brand":[2971],"product_cat":[1744],"product_tag":[],"class_list":{"0":"post-745123","1":"product","2":"type-product","3":"status-publish","4":"has-post-thumbnail","6":"product_brand-garmin-hr","7":"product_cat-brodska-elektronika","9":"first","10":"instock","11":"shipping-taxable","12":"purchasable","13":"product-type-simple"},"_links":{"self":[{"href":"https:\/\/stoic-curie.212-227-153-4.plesk.page\/hr\/wp-json\/wp\/v2\/product\/745123","targetHints":{"allow":["GET"]}}],"collection":[{"href":"https:\/\/stoic-curie.212-227-153-4.plesk.page\/hr\/wp-json\/wp\/v2\/product"}],"about":[{"href":"https:\/\/stoic-curie.212-227-153-4.plesk.page\/hr\/wp-json\/wp\/v2\/types\/product"}],"replies":[{"embeddable":true,"href":"https:\/\/stoic-curie.212-227-153-4.plesk.page\/hr\/wp-json\/wp\/v2\/comments?post=745123"}],"version-history":[{"count":0,"href":"https:\/\/stoic-curie.212-227-153-4.plesk.page\/hr\/wp-json\/wp\/v2\/product\/745123\/revisions"}],"wp:featuredmedia":[{"embeddable":true,"href":"https:\/\/stoic-curie.212-227-153-4.plesk.page\/hr\/wp-json\/wp\/v2\/media\/5948060"}],"wp:attachment":[{"href":"https:\/\/stoic-curie.212-227-153-4.plesk.page\/hr\/wp-json\/wp\/v2\/media?parent=745123"}],"wp:term":[{"taxonomy":"product_brand","embeddable":true,"href":"https:\/\/stoic-curie.212-227-153-4.plesk.page\/hr\/wp-json\/wp\/v2\/product_brand?post=745123"},{"taxonomy":"product_cat","embeddable":true,"href":"https:\/\/stoic-curie.212-227-153-4.plesk.page\/hr\/wp-json\/wp\/v2\/product_cat?post=745123"},{"taxonomy":"product_tag","embeddable":true,"href":"https:\/\/stoic-curie.212-227-153-4.plesk.page\/hr\/wp-json\/wp\/v2\/product_tag?post=745123"}],"curies":[{"name":"wp","href":"https:\/\/api.w.org\/{rel}","templated":true}]}}