{"id":745124,"date":"2025-03-03T20:07:42","date_gmt":"2025-03-03T19:07:42","guid":{"rendered":"https:\/\/stoic-curie.212-227-153-4.plesk.page\/producto\/garmin-215i-ais\/"},"modified":"2026-02-25T00:01:19","modified_gmt":"2026-02-25T00:01:19","slug":"garmin-215i-ais","status":"publish","type":"product","link":"https:\/\/stoic-curie.212-227-153-4.plesk.page\/hr\/product\/garmin-215i-ais\/","title":{"rendered":"Garmin 215i AIS"},"content":{"rendered":"<p>Garmin 215i AIS &#8211; <\/p>\n<p>Predstavljamo Garmin 215i AIS VHF radio, napredni komunikacijski ure\u0111aj koji kombinira elegantan dizajn s robusnom funkcionalno\u0161\u0107u, a sve uz impresivnu vodootpornu ocjenu IPX7. Ova DSC klasa D radio ne odnosi se samo na izgled; dolazi opremljena ugra\u0111enim GPS prijemnikom, osiguravaju\u0107i besprijekornu povezanost s drugim pomorskim ure\u0111ajima putem NMEA2000 protokola. Ova zna\u010dajka omogu\u0107ava jednostavnu integraciju u va\u0161u postoje\u0107u pomorsku elektroni\u010dku opremu, pobolj\u0161avaju\u0107i va\u0161e cjelokupno iskustvo navigacije.<\/p>\n<p>Za dodatnu prakti\u010dnost, mo\u017eete spojiti dodatnu stanicu koriste\u0107i GHS11i ru\u010dnu jedinicu, koja omogu\u0107ava daljinsko upravljanje i fleksibilnost u komunikaciji. Model 215i AIS posebno je zna\u010dajan zbog svog Automatskog identifikacijskog sustava (AIS), koji vam omogu\u0107ava pra\u0107enje i Class A i Class B ciljeva izravno na va\u0161em ploteru. Ova sposobnost je klju\u010dna za odr\u017eavanje svjesnosti o situaciji i osiguravanje sigurnosti na vodi.<\/p>\n<p>Dodatno, radio uklju\u010duje funkciju megafona, \u0161to olak\u0161ava komunikaciju s drugima u va\u0161oj blizini, a radi na pouzdanoj napajanja od 12V, osiguravaju\u0107i robusnu snagu prijenosa od 25W za jasnu i u\u010dinkovitu komunikaciju.<\/p>\n<p>Komplet dolazi sa svime \u0161to vam je potrebno za po\u010detak, uklju\u010duju\u0107i napojni kabel, dr\u017ea\u010d za monta\u017eu, za\u0161titnu navlaku, kit za ugradnju i vje\u0161alicu za mikrofon radi lak\u0161eg skladi\u0161tenja i pristupa. <\/p>\n<p>Dimenzije: 197 x 149 x 98 mm (\u0160). Ovaj radio je bitan alat za svakog ozbiljnog pomorca koji \u017eeli pobolj\u0161ati svoje komunikacijske mogu\u0107nosti na vodi.<\/p>\n","protected":false},"excerpt":{"rendered":"<p>Garmin 215i AIS &#8211; Predstavljamo Garmin 215i AIS VHF radio, napredni komunikacijski ure\u0111aj koji kombinira elegantan dizajn s robusnom funkcionalno\u0161\u0107u,<\/p>\n","protected":false},"featured_media":5948062,"comment_status":"open","ping_status":"closed","template":"","meta":[],"product_brand":[2971],"product_cat":[1744],"product_tag":[],"class_list":{"0":"post-745124","1":"product","2":"type-product","3":"status-publish","4":"has-post-thumbnail","6":"product_brand-garmin-hr","7":"product_cat-brodska-elektronika","9":"first","10":"outofstock","11":"shipping-taxable","12":"purchasable","13":"product-type-simple"},"_links":{"self":[{"href":"https:\/\/stoic-curie.212-227-153-4.plesk.page\/hr\/wp-json\/wp\/v2\/product\/745124","targetHints":{"allow":["GET"]}}],"collection":[{"href":"https:\/\/stoic-curie.212-227-153-4.plesk.page\/hr\/wp-json\/wp\/v2\/product"}],"about":[{"href":"https:\/\/stoic-curie.212-227-153-4.plesk.page\/hr\/wp-json\/wp\/v2\/types\/product"}],"replies":[{"embeddable":true,"href":"https:\/\/stoic-curie.212-227-153-4.plesk.page\/hr\/wp-json\/wp\/v2\/comments?post=745124"}],"version-history":[{"count":0,"href":"https:\/\/stoic-curie.212-227-153-4.plesk.page\/hr\/wp-json\/wp\/v2\/product\/745124\/revisions"}],"wp:featuredmedia":[{"embeddable":true,"href":"https:\/\/stoic-curie.212-227-153-4.plesk.page\/hr\/wp-json\/wp\/v2\/media\/5948062"}],"wp:attachment":[{"href":"https:\/\/stoic-curie.212-227-153-4.plesk.page\/hr\/wp-json\/wp\/v2\/media?parent=745124"}],"wp:term":[{"taxonomy":"product_brand","embeddable":true,"href":"https:\/\/stoic-curie.212-227-153-4.plesk.page\/hr\/wp-json\/wp\/v2\/product_brand?post=745124"},{"taxonomy":"product_cat","embeddable":true,"href":"https:\/\/stoic-curie.212-227-153-4.plesk.page\/hr\/wp-json\/wp\/v2\/product_cat?post=745124"},{"taxonomy":"product_tag","embeddable":true,"href":"https:\/\/stoic-curie.212-227-153-4.plesk.page\/hr\/wp-json\/wp\/v2\/product_tag?post=745124"}],"curies":[{"name":"wp","href":"https:\/\/api.w.org\/{rel}","templated":true}]}}