{"id":745125,"date":"2025-03-03T20:07:43","date_gmt":"2025-03-03T19:07:43","guid":{"rendered":"https:\/\/stoic-curie.212-227-153-4.plesk.page\/producto\/garmin-ghs11i\/"},"modified":"2026-02-25T00:01:19","modified_gmt":"2026-02-25T00:01:19","slug":"garmin-ghs11i","status":"publish","type":"product","link":"https:\/\/stoic-curie.212-227-153-4.plesk.page\/hr\/product\/garmin-ghs11i\/","title":{"rendered":"Garmin GHS11i"},"content":{"rendered":"<p>Garmin GHS11i &#8211; <\/p>\n<p>DSC Class D Garmin VHF 315i modularni sustav sa sredi\u0161njom crnom kutijom koja se mo\u017ee povezati s do 3 mikrofonske\/ru\u010dne postaje GHS11i. Idealno za vi\u0161estacij\u0441\u043a\u0435 sustave ili kada nema prostora za ugradnju na plo\u010di s instrumentima. Savr\u0161eno se integrira s drugim sustavima zahvaljuju\u0107i NMEA0183\/2000 povezivosti. <br \/>Uklju\u010duje razne Garmin VHF funkcije kao \u0161to su telefonska po\u0161ta za neprekidno snimanje\/ prijenos, ponavljanje za snimanje posljednjih 90 sekundi i pra\u0107enje prijatelja za pra\u0107enje drugih plovila s Garmin ure\u0111ajima. Sadr\u017ei osnovni paket jedinice VHF315i, GHS11i ru\u010dni ure\u0111aj, aktivni zvu\u010dnik, naponski kabel, 10 m palubnog kabela, dvostruku mikrofonsku vje\u0161alicu i pri\u010dvr\u0161\u0107iva\u010de. Dimenzije: 205 x 181 x H60 mm<\/p>\n","protected":false},"excerpt":{"rendered":"<p>Garmin GHS11i &#8211; DSC Class D Garmin VHF 315i modularni sustav sa sredi\u0161njom crnom kutijom koja se mo\u017ee povezati s<\/p>\n","protected":false},"featured_media":5948065,"comment_status":"open","ping_status":"closed","template":"","meta":[],"product_brand":[2971],"product_cat":[1744],"product_tag":[],"class_list":{"0":"post-745125","1":"product","2":"type-product","3":"status-publish","4":"has-post-thumbnail","6":"product_brand-garmin-hr","7":"product_cat-brodska-elektronika","9":"first","10":"instock","11":"shipping-taxable","12":"purchasable","13":"product-type-simple"},"_links":{"self":[{"href":"https:\/\/stoic-curie.212-227-153-4.plesk.page\/hr\/wp-json\/wp\/v2\/product\/745125","targetHints":{"allow":["GET"]}}],"collection":[{"href":"https:\/\/stoic-curie.212-227-153-4.plesk.page\/hr\/wp-json\/wp\/v2\/product"}],"about":[{"href":"https:\/\/stoic-curie.212-227-153-4.plesk.page\/hr\/wp-json\/wp\/v2\/types\/product"}],"replies":[{"embeddable":true,"href":"https:\/\/stoic-curie.212-227-153-4.plesk.page\/hr\/wp-json\/wp\/v2\/comments?post=745125"}],"version-history":[{"count":0,"href":"https:\/\/stoic-curie.212-227-153-4.plesk.page\/hr\/wp-json\/wp\/v2\/product\/745125\/revisions"}],"wp:featuredmedia":[{"embeddable":true,"href":"https:\/\/stoic-curie.212-227-153-4.plesk.page\/hr\/wp-json\/wp\/v2\/media\/5948065"}],"wp:attachment":[{"href":"https:\/\/stoic-curie.212-227-153-4.plesk.page\/hr\/wp-json\/wp\/v2\/media?parent=745125"}],"wp:term":[{"taxonomy":"product_brand","embeddable":true,"href":"https:\/\/stoic-curie.212-227-153-4.plesk.page\/hr\/wp-json\/wp\/v2\/product_brand?post=745125"},{"taxonomy":"product_cat","embeddable":true,"href":"https:\/\/stoic-curie.212-227-153-4.plesk.page\/hr\/wp-json\/wp\/v2\/product_cat?post=745125"},{"taxonomy":"product_tag","embeddable":true,"href":"https:\/\/stoic-curie.212-227-153-4.plesk.page\/hr\/wp-json\/wp\/v2\/product_tag?post=745125"}],"curies":[{"name":"wp","href":"https:\/\/api.w.org\/{rel}","templated":true}]}}