{"id":745126,"date":"2025-03-03T20:07:43","date_gmt":"2025-03-03T19:07:43","guid":{"rendered":"https:\/\/stoic-curie.212-227-153-4.plesk.page\/producto\/garmin-315i-ais\/"},"modified":"2026-02-25T00:01:19","modified_gmt":"2026-02-25T00:01:19","slug":"garmin-315i-ais","status":"publish","type":"product","link":"https:\/\/stoic-curie.212-227-153-4.plesk.page\/hr\/product\/garmin-315i-ais\/","title":{"rendered":"Garmin 315i AIS"},"content":{"rendered":"<p>Garmin 315i AIS &#8211; <\/p>\n<p style=\"color: rgb(34, 34, 34); font-family: Arial, Helvetica, sans-serif; font-size: small;\">Predstavljamo DSC Class D Garmin VHF 315i modularni sustav, koji uklju\u010duje sredi\u0161nju crnu kutiju sposobnu za povezivanje s do tri GHS11i mikrofona\/ru\u010dne stanice. Ovaj sustav je idealan za postavke s vi\u0161e stanica ili u scenarijima gdje je prostor na kontrolnoj plo\u010di ograni\u010den. Njegova NMEA0183\/2000 povezanost jam\u010di glatku integraciju s drugim sustavima.<\/p>\n<p style=\"color: rgb(34, 34, 34); font-family: Arial, Helvetica, sans-serif; font-size: small;\">VHF 315i pru\u017ea razne funkcionalnosti Garmin VHF-a, kao \u0161to su Glasovna po\u0161ta za neprekidno snimanje i prijenos, Ponovi za hvatanje prethodnih 90 sekundi, te Pra\u0107enje prijatelja za pra\u0107enje drugih plovila opremljenih Garmin tehnologijom.<\/p>\n<p style=\"color: rgb(34, 34, 34); font-family: Arial, Helvetica, sans-serif; font-size: small;\">Paket dolazi s VHF315i jedinicom, GHS11i ru\u010dnim ure\u0111ajem, aktivnim zvu\u010dnikom, naponskim kabelom, 10-metarskim kablom za palubu, dvostrukim dr\u017ea\u010dem mikrofona i svom potrebnom monta\u017enom opremom. Dimenzije jedinice su 205 x 181 x 60 mm.<\/p>\n<p style=\"color: rgb(34, 34, 34); font-family: Arial, Helvetica, sans-serif; font-size: small;\">Ova 25-vatna Class D DSC VHF radio postaja slu\u017ei kao modularno komunikacijsko rje\u0161enje koje se pridr\u017eava najnovijih industrijskih standarda, osiguravaju\u0107i pouzdanu i sigurnu komunikaciju na vodi. Unaprijed je programirana s me\u0111unarodnim pomorskim kanalima za jednostavno upravljanje i lako se integrira u Garminove sustave na brodu.<\/p>\n<p style=\"color: rgb(34, 34, 34); font-family: Arial, Helvetica, sans-serif; font-size: small;\">Ugra\u0111eni GPS prijemnik zahtijeva vanjsku antenu za postizanje optimalnih performansi. Sustav dolazi s GHS 11i prijenosnim ure\u0111ajem i novim aktivnim zvu\u010dnikom, omogu\u0107uju\u0107i interkom funkcionalnost na do tri lokacije. Nadalje, uklju\u010duje 30-vatni dvostrani javni adresni sustav za u\u010dinkovitu komunikaciju s drugim brodovima ili navigatorima.<\/p>\n<p style=\"color: rgb(34, 34, 34); font-family: Arial, Helvetica, sans-serif; font-size: small;\">NMEA 2000 povezanost pojednostavljuje integraciju s kompatibilnim plotterima i vi\u0161efunkcijskim prikazima, \u010dine\u0107i a\u017euriranja softvera jednostavnim i u\u010dinkovitima. Uz korisni\u010dki prijateljske konektore i intuitivno su\u010delje, brzo mo\u017eete postaviti radio i po\u010deti komunicirati bez odgode.<\/p>\n<p style=\"color: rgb(34, 34, 34); font-family: Arial, Helvetica, sans-serif; font-size: small;\">Specifikacije:<\/p>\n<ul style=\"color: rgb(34, 34, 34); font-family: Arial, Helvetica, sans-serif; font-size: small;\">\n<li>Dimenzije: 20.5 x 18.1 x 6.0 cm<\/li>\n<li>Te\u017eina: 1.53 kg<\/li>\n<li>Raspon radne temperature: -15 \u00b0C do 70 \u00b0C<\/li>\n<li>Ocjena otpornosti na vodu: IPX7<\/li>\n<li>Sigurnosna udaljenost od kompasa: 5 cm<\/li>\n<li>DSC (Digitalni selektivni poziv): Klasa D<\/li>\n<li>Frekvencijski opsezi: Svi me\u0111unarodni pomorski kanali<\/li>\n<li>Napon: 9.6 do 16 V DC<\/li>\n<li>Potro\u0161nja struje: 350 mA u stanju pripravnosti; 600 mA u prijemu; 6 A max pri visokom prijenosu; 2 A max pri niskom prijenosu<\/li>\n<li>Snaga prijenosa (na 13.6 V DC): Visoka snaga: 23-25 W; Niska snaga: 0.7-1 W<\/li>\n<li>LEN NMEA 2000: 1<\/li>\n<\/ul>\n","protected":false},"excerpt":{"rendered":"<p>Garmin 315i AIS &#8211; Predstavljamo DSC Class D Garmin VHF 315i modularni sustav, koji uklju\u010duje sredi\u0161nju crnu kutiju sposobnu za<\/p>\n","protected":false},"featured_media":5948066,"comment_status":"open","ping_status":"closed","template":"","meta":[],"product_brand":[2971],"product_cat":[1744],"product_tag":[],"class_list":{"0":"post-745126","1":"product","2":"type-product","3":"status-publish","4":"has-post-thumbnail","6":"product_brand-garmin-hr","7":"product_cat-brodska-elektronika","9":"first","10":"outofstock","11":"shipping-taxable","12":"purchasable","13":"product-type-simple"},"_links":{"self":[{"href":"https:\/\/stoic-curie.212-227-153-4.plesk.page\/hr\/wp-json\/wp\/v2\/product\/745126","targetHints":{"allow":["GET"]}}],"collection":[{"href":"https:\/\/stoic-curie.212-227-153-4.plesk.page\/hr\/wp-json\/wp\/v2\/product"}],"about":[{"href":"https:\/\/stoic-curie.212-227-153-4.plesk.page\/hr\/wp-json\/wp\/v2\/types\/product"}],"replies":[{"embeddable":true,"href":"https:\/\/stoic-curie.212-227-153-4.plesk.page\/hr\/wp-json\/wp\/v2\/comments?post=745126"}],"version-history":[{"count":0,"href":"https:\/\/stoic-curie.212-227-153-4.plesk.page\/hr\/wp-json\/wp\/v2\/product\/745126\/revisions"}],"wp:featuredmedia":[{"embeddable":true,"href":"https:\/\/stoic-curie.212-227-153-4.plesk.page\/hr\/wp-json\/wp\/v2\/media\/5948066"}],"wp:attachment":[{"href":"https:\/\/stoic-curie.212-227-153-4.plesk.page\/hr\/wp-json\/wp\/v2\/media?parent=745126"}],"wp:term":[{"taxonomy":"product_brand","embeddable":true,"href":"https:\/\/stoic-curie.212-227-153-4.plesk.page\/hr\/wp-json\/wp\/v2\/product_brand?post=745126"},{"taxonomy":"product_cat","embeddable":true,"href":"https:\/\/stoic-curie.212-227-153-4.plesk.page\/hr\/wp-json\/wp\/v2\/product_cat?post=745126"},{"taxonomy":"product_tag","embeddable":true,"href":"https:\/\/stoic-curie.212-227-153-4.plesk.page\/hr\/wp-json\/wp\/v2\/product_tag?post=745126"}],"curies":[{"name":"wp","href":"https:\/\/api.w.org\/{rel}","templated":true}]}}