{"id":745127,"date":"2025-03-03T20:07:43","date_gmt":"2025-03-03T19:07:43","guid":{"rendered":"https:\/\/stoic-curie.212-227-153-4.plesk.page\/producto\/icom-hm-195gb-commandmic\/"},"modified":"2026-02-25T00:01:19","modified_gmt":"2026-02-25T00:01:19","slug":"icom-hm-195gb-commandmic","status":"publish","type":"product","link":"https:\/\/stoic-curie.212-227-153-4.plesk.page\/hr\/product\/icom-hm-195gb-commandmic\/","title":{"rendered":"icom HM-195GB Commandmic"},"content":{"rendered":"<p>icom HM-195GB Commandmic &#8211; <\/p>\n<p>Fiksna monta\u017ea ICOM IC-M423GE klase D DSC VHF s mikrofonom i vanjskim GPS-om. S pozadinskim LCD zaslonom, IPx7 vodootpornim ku\u0107i\u0161tem, dual\/triple watch mogu\u0107no\u0161\u0107u, aktivnim reduciranjem \u0161uma (ANC), audio poja\u010dalom (PA), 10W maglenkom, AIS funkcijom pozivanja cilja: omogu\u0107uje vam postavljanje pojedina\u010dnog DSC poziva bez potrebe za unosom MMSI broja te Aqua Quake funkcijom koja omogu\u0107uje uklanjanje ostataka vode s re\u0161etke zvu\u010dnika. S NMEA0183 povezivo\u0161\u0107u za primanje DSC signala s drugih plovila i kori\u0161tenje VHF-a kao alarmnog upozorenja s drugih ure\u0111aja. Spreman za AIS transponder vezu. Opcionalni HM-195GB Commandmic daljinski mikrofon tako\u0111er se mo\u017ee koristiti kao interkom i za slanje DSC poziva putem gumba za hitne slu\u010dajeve. Uklju\u010duje GPS antenu i 5 m kabel, monta\u017enu konzolu, vijke, kabel za napajanje i korisni\u010dki priru\u010dnik. U skladu sa EN300388 standardima. Dimenzije: 180 x 120 x H82 mm.<\/p>\n","protected":false},"excerpt":{"rendered":"<p>icom HM-195GB Commandmic &#8211; Fiksna monta\u017ea ICOM IC-M423GE klase D DSC VHF s mikrofonom i vanjskim GPS-om. S pozadinskim LCD<\/p>\n","protected":false},"featured_media":5948067,"comment_status":"open","ping_status":"closed","template":"","meta":[],"product_brand":[3011],"product_cat":[1744],"product_tag":[],"class_list":{"0":"post-745127","1":"product","2":"type-product","3":"status-publish","4":"has-post-thumbnail","6":"product_brand-icom-marine-hr","7":"product_cat-brodska-elektronika","9":"first","10":"instock","11":"shipping-taxable","12":"purchasable","13":"product-type-simple"},"_links":{"self":[{"href":"https:\/\/stoic-curie.212-227-153-4.plesk.page\/hr\/wp-json\/wp\/v2\/product\/745127","targetHints":{"allow":["GET"]}}],"collection":[{"href":"https:\/\/stoic-curie.212-227-153-4.plesk.page\/hr\/wp-json\/wp\/v2\/product"}],"about":[{"href":"https:\/\/stoic-curie.212-227-153-4.plesk.page\/hr\/wp-json\/wp\/v2\/types\/product"}],"replies":[{"embeddable":true,"href":"https:\/\/stoic-curie.212-227-153-4.plesk.page\/hr\/wp-json\/wp\/v2\/comments?post=745127"}],"version-history":[{"count":0,"href":"https:\/\/stoic-curie.212-227-153-4.plesk.page\/hr\/wp-json\/wp\/v2\/product\/745127\/revisions"}],"wp:featuredmedia":[{"embeddable":true,"href":"https:\/\/stoic-curie.212-227-153-4.plesk.page\/hr\/wp-json\/wp\/v2\/media\/5948067"}],"wp:attachment":[{"href":"https:\/\/stoic-curie.212-227-153-4.plesk.page\/hr\/wp-json\/wp\/v2\/media?parent=745127"}],"wp:term":[{"taxonomy":"product_brand","embeddable":true,"href":"https:\/\/stoic-curie.212-227-153-4.plesk.page\/hr\/wp-json\/wp\/v2\/product_brand?post=745127"},{"taxonomy":"product_cat","embeddable":true,"href":"https:\/\/stoic-curie.212-227-153-4.plesk.page\/hr\/wp-json\/wp\/v2\/product_cat?post=745127"},{"taxonomy":"product_tag","embeddable":true,"href":"https:\/\/stoic-curie.212-227-153-4.plesk.page\/hr\/wp-json\/wp\/v2\/product_tag?post=745127"}],"curies":[{"name":"wp","href":"https:\/\/api.w.org\/{rel}","templated":true}]}}