{"id":745130,"date":"2025-03-03T20:07:44","date_gmt":"2025-03-03T19:07:44","guid":{"rendered":"https:\/\/stoic-curie.212-227-153-4.plesk.page\/producto\/zvucnici-boss-mr50-150w-snaga-150-w-frekvencija-120-18000-hz-ohm-4\/"},"modified":"2026-02-25T00:01:19","modified_gmt":"2026-02-25T00:01:19","slug":"zvucnici-boss-mr50-150w-snaga-150-w-frekvencija-120-18000-hz-ohm-4","status":"publish","type":"product","link":"https:\/\/stoic-curie.212-227-153-4.plesk.page\/hr\/product\/zvucnici-boss-mr50-150w-snaga-150-w-frekvencija-120-18000-hz-ohm-4\/","title":{"rendered":"Zvucnici boss mr50 150w snaga 150 w frekvencija 120-18000 hz ohm 4"},"content":{"rendered":"<p>Zvucnici boss mr50 150w snaga 150 w frekvencija 120-18000 hz ohm 4  &#8211; <\/p>\n<p>BOSS MR50 zvu\u010dnici napravljeni su od najboljih materijala. Imaju izvrsnu otpornost na UV zra\u010denje kako bi osigurali trajnost tijekom vremena i zadr\u017eali netaknut zvuk i boju zvu\u010dnika. Opremljeni su posebnim utorima koji skupljaju kondenziranu vodu i lako je uklanjaju. Izra\u0111eni su od injektiranog polimera, 19 mm aluminijskog solenoida i 25 mm Mylar visokotonca.<\/p>\n","protected":false},"excerpt":{"rendered":"<p>Zvucnici boss mr50 150w snaga 150 w frekvencija 120-18000 hz ohm 4 &#8211; BOSS MR50 zvu\u010dnici napravljeni su od najboljih<\/p>\n","protected":false},"featured_media":5948079,"comment_status":"open","ping_status":"closed","template":"","meta":[],"product_brand":[2841],"product_cat":[1733],"product_tag":[],"class_list":{"0":"post-745130","1":"product","2":"type-product","3":"status-publish","4":"has-post-thumbnail","6":"product_brand-boss-marine-hr","7":"product_cat-stereo-i-zvucnici","9":"first","10":"outofstock","11":"shipping-taxable","12":"purchasable","13":"product-type-simple"},"_links":{"self":[{"href":"https:\/\/stoic-curie.212-227-153-4.plesk.page\/hr\/wp-json\/wp\/v2\/product\/745130","targetHints":{"allow":["GET"]}}],"collection":[{"href":"https:\/\/stoic-curie.212-227-153-4.plesk.page\/hr\/wp-json\/wp\/v2\/product"}],"about":[{"href":"https:\/\/stoic-curie.212-227-153-4.plesk.page\/hr\/wp-json\/wp\/v2\/types\/product"}],"replies":[{"embeddable":true,"href":"https:\/\/stoic-curie.212-227-153-4.plesk.page\/hr\/wp-json\/wp\/v2\/comments?post=745130"}],"version-history":[{"count":0,"href":"https:\/\/stoic-curie.212-227-153-4.plesk.page\/hr\/wp-json\/wp\/v2\/product\/745130\/revisions"}],"wp:featuredmedia":[{"embeddable":true,"href":"https:\/\/stoic-curie.212-227-153-4.plesk.page\/hr\/wp-json\/wp\/v2\/media\/5948079"}],"wp:attachment":[{"href":"https:\/\/stoic-curie.212-227-153-4.plesk.page\/hr\/wp-json\/wp\/v2\/media?parent=745130"}],"wp:term":[{"taxonomy":"product_brand","embeddable":true,"href":"https:\/\/stoic-curie.212-227-153-4.plesk.page\/hr\/wp-json\/wp\/v2\/product_brand?post=745130"},{"taxonomy":"product_cat","embeddable":true,"href":"https:\/\/stoic-curie.212-227-153-4.plesk.page\/hr\/wp-json\/wp\/v2\/product_cat?post=745130"},{"taxonomy":"product_tag","embeddable":true,"href":"https:\/\/stoic-curie.212-227-153-4.plesk.page\/hr\/wp-json\/wp\/v2\/product_tag?post=745130"}],"curies":[{"name":"wp","href":"https:\/\/api.w.org\/{rel}","templated":true}]}}