{"id":745134,"date":"2025-03-03T20:07:45","date_gmt":"2025-03-03T19:07:45","guid":{"rendered":"https:\/\/stoic-curie.212-227-153-4.plesk.page\/producto\/nehrdajuci-drzac-za-splavi-za-spasavanje-dimenzije-520-x-750-x-h200-mm\/"},"modified":"2026-02-25T00:01:19","modified_gmt":"2026-02-25T00:01:19","slug":"nehrdajuci-drzac-za-splavi-za-spasavanje-dimenzije-520-x-750-x-h200-mm","status":"publish","type":"product","link":"https:\/\/stoic-curie.212-227-153-4.plesk.page\/hr\/product\/nehrdajuci-drzac-za-splavi-za-spasavanje-dimenzije-520-x-750-x-h200-mm\/","title":{"rendered":"Nehr\u0111aju\u0107i dr\u017ea\u010d za splavi za spa\u0161avanje dimenzije 520 x 750 x h200 mm"},"content":{"rendered":"<p>Nehr\u0111aju\u0107i dr\u017ea\u010d za splavi za spa\u0161avanje dimenzije 520 x 750 x h200 mm &#8211; <\/p>\n<p>Pode\u0161ivi dr\u017ea\u010d od nehr\u0111aju\u0107eg \u010delika, prilago\u0111en ve\u0107ini splavi za spa\u0161avanje. U kompletu s stezaljkom za fiksiranje na pram\u010danim rukohvatima, ogradi, valjcima itd.<\/p>\n","protected":false},"excerpt":{"rendered":"<p>Nehr\u0111aju\u0107i dr\u017ea\u010d za splavi za spa\u0161avanje dimenzije 520 x 750 x h200 mm &#8211; Pode\u0161ivi dr\u017ea\u010d od nehr\u0111aju\u0107eg \u010delika, prilago\u0111en<\/p>\n","protected":false},"featured_media":5948084,"comment_status":"open","ping_status":"closed","template":"","meta":[],"product_brand":[2926],"product_cat":[1607],"product_tag":[],"class_list":{"0":"post-745134","1":"product","2":"type-product","3":"status-publish","4":"has-post-thumbnail","6":"product_brand-eurovinil-hr","7":"product_cat-splavi-za-spasavanje","9":"first","10":"instock","11":"shipping-taxable","12":"purchasable","13":"product-type-simple"},"_links":{"self":[{"href":"https:\/\/stoic-curie.212-227-153-4.plesk.page\/hr\/wp-json\/wp\/v2\/product\/745134","targetHints":{"allow":["GET"]}}],"collection":[{"href":"https:\/\/stoic-curie.212-227-153-4.plesk.page\/hr\/wp-json\/wp\/v2\/product"}],"about":[{"href":"https:\/\/stoic-curie.212-227-153-4.plesk.page\/hr\/wp-json\/wp\/v2\/types\/product"}],"replies":[{"embeddable":true,"href":"https:\/\/stoic-curie.212-227-153-4.plesk.page\/hr\/wp-json\/wp\/v2\/comments?post=745134"}],"version-history":[{"count":0,"href":"https:\/\/stoic-curie.212-227-153-4.plesk.page\/hr\/wp-json\/wp\/v2\/product\/745134\/revisions"}],"wp:featuredmedia":[{"embeddable":true,"href":"https:\/\/stoic-curie.212-227-153-4.plesk.page\/hr\/wp-json\/wp\/v2\/media\/5948084"}],"wp:attachment":[{"href":"https:\/\/stoic-curie.212-227-153-4.plesk.page\/hr\/wp-json\/wp\/v2\/media?parent=745134"}],"wp:term":[{"taxonomy":"product_brand","embeddable":true,"href":"https:\/\/stoic-curie.212-227-153-4.plesk.page\/hr\/wp-json\/wp\/v2\/product_brand?post=745134"},{"taxonomy":"product_cat","embeddable":true,"href":"https:\/\/stoic-curie.212-227-153-4.plesk.page\/hr\/wp-json\/wp\/v2\/product_cat?post=745134"},{"taxonomy":"product_tag","embeddable":true,"href":"https:\/\/stoic-curie.212-227-153-4.plesk.page\/hr\/wp-json\/wp\/v2\/product_tag?post=745134"}],"curies":[{"name":"wp","href":"https:\/\/api.w.org\/{rel}","templated":true}]}}