{"id":745135,"date":"2025-03-03T20:07:45","date_gmt":"2025-03-03T19:07:45","guid":{"rendered":"https:\/\/stoic-curie.212-227-153-4.plesk.page\/producto\/crvena-spasilacka-potkova\/"},"modified":"2026-02-25T00:01:19","modified_gmt":"2026-02-25T00:01:19","slug":"crvena-spasilacka-potkova","status":"publish","type":"product","link":"https:\/\/stoic-curie.212-227-153-4.plesk.page\/hr\/product\/crvena-spasilacka-potkova\/","title":{"rendered":"Crvena spasila\u010dka potkova"},"content":{"rendered":"<p>Crvena spasila\u010dka potkova &#8211; <\/p>\n<p>Bojni prsten u obliku konji\u0107a s jezgrenom od pjene od poliuretana s zatvorenim \u0107elijama. S pokriva\u010dem i patentnim zatvara\u010dem. Nije homologirano.<\/p>\n","protected":false},"excerpt":{"rendered":"<p>Crvena spasila\u010dka potkova &#8211; Bojni prsten u obliku konji\u0107a s jezgrenom od pjene od poliuretana s zatvorenim \u0107elijama. S pokriva\u010dem<\/p>\n","protected":false},"featured_media":5939602,"comment_status":"open","ping_status":"closed","template":"","meta":[],"product_brand":[2182,3491],"product_cat":[1604],"product_tag":[],"class_list":{"0":"post-745135","1":"product","2":"type-product","3":"status-publish","4":"has-post-thumbnail","6":"product_brand-trem","7":"product_brand-trem-hr","8":"product_cat-pojasevi-za-spasavanje-i-remenje","10":"first","11":"instock","12":"shipping-taxable","13":"purchasable","14":"product-type-simple"},"_links":{"self":[{"href":"https:\/\/stoic-curie.212-227-153-4.plesk.page\/hr\/wp-json\/wp\/v2\/product\/745135","targetHints":{"allow":["GET"]}}],"collection":[{"href":"https:\/\/stoic-curie.212-227-153-4.plesk.page\/hr\/wp-json\/wp\/v2\/product"}],"about":[{"href":"https:\/\/stoic-curie.212-227-153-4.plesk.page\/hr\/wp-json\/wp\/v2\/types\/product"}],"replies":[{"embeddable":true,"href":"https:\/\/stoic-curie.212-227-153-4.plesk.page\/hr\/wp-json\/wp\/v2\/comments?post=745135"}],"version-history":[{"count":0,"href":"https:\/\/stoic-curie.212-227-153-4.plesk.page\/hr\/wp-json\/wp\/v2\/product\/745135\/revisions"}],"wp:featuredmedia":[{"embeddable":true,"href":"https:\/\/stoic-curie.212-227-153-4.plesk.page\/hr\/wp-json\/wp\/v2\/media\/5939602"}],"wp:attachment":[{"href":"https:\/\/stoic-curie.212-227-153-4.plesk.page\/hr\/wp-json\/wp\/v2\/media?parent=745135"}],"wp:term":[{"taxonomy":"product_brand","embeddable":true,"href":"https:\/\/stoic-curie.212-227-153-4.plesk.page\/hr\/wp-json\/wp\/v2\/product_brand?post=745135"},{"taxonomy":"product_cat","embeddable":true,"href":"https:\/\/stoic-curie.212-227-153-4.plesk.page\/hr\/wp-json\/wp\/v2\/product_cat?post=745135"},{"taxonomy":"product_tag","embeddable":true,"href":"https:\/\/stoic-curie.212-227-153-4.plesk.page\/hr\/wp-json\/wp\/v2\/product_tag?post=745135"}],"curies":[{"name":"wp","href":"https:\/\/api.w.org\/{rel}","templated":true}]}}